{"id":778267,"date":"2025-11-06T12:08:09","date_gmt":"2025-11-06T09:08:09","guid":{"rendered":"https:\/\/roveyayinevi.com.tr\/index.php\/urun\/boyun-egmeyen-kadinlar\/"},"modified":"2026-04-15T03:43:46","modified_gmt":"2026-04-15T00:43:46","slug":"boyun-egmeyen-kadinlar","status":"publish","type":"product","link":"https:\/\/roveyayinevi.com.tr\/index.php\/urun\/boyun-egmeyen-kadinlar\/","title":{"rendered":"Boyun E\u011fmeyen Kad\u0131nlar"},"content":{"rendered":"<p>Tarih boyunca deha denilince akla heperkekler geldi. Oysa ayn\u0131 sayfalar\u0131n kenarlar\u0131nda, sessiz ama sars\u0131lmaz bir \u0131\u015f\u0131k vard\u0131: Evlerin duvarlar\u0131n\u0131 a\u015fan, kal\u0131plar\u0131 y\u0131kan, g\u00f6r\u00fcnmez k\u0131l\u0131nm\u0131\u015f kad\u0131nlar. Suat Dervi\u015f\u2019ten Frida Kahlo\u2019ya, Furu\u011f Ferruhzad\u2019dan Malala Yusufzay\u2019a, Maryam Mirzakhani\u2019den Temple Grandin\u2019e\u2026 Zorluklara direnen, \u00f6nyarg\u0131lar\u0131 a\u015fan, kendi yolunu a\u00e7an kad\u0131nlar\u0131n hik\u00e2yeleri bu kitapta bulu\u015fuyor. Eri\u015f, bu kez tarih boyunca bast\u0131r\u0131lm\u0131\u015f kad\u0131n dehalar\u0131n izini s\u00fcr\u00fcyor; unutturulmu\u015f zihinleri, g\u00f6rmezden gelinen sesleri yeniden g\u00f6r\u00fcn\u00fcr k\u0131l\u0131yor. Ve Bront\u00eb karde\u015flerin mezar ta\u015f\u0131nda yaz\u0131l\u0131o s\u00f6z\u00fc hat\u0131rlat\u0131yor bize: \u201cDayanma cesaretiyle\u2026\u201d  Bu kitap, \u00e7i\u00e7ek a\u00e7mak i\u00e7in bekleyen t\u00fcm kad\u0131nlar i\u00e7in&#8230;<\/p>\n","protected":false},"excerpt":{"rendered":"<p>Tarih boyunca deha denilince akla heperkekler geldi. Oysa ayn\u0131 sayfalar\u0131n kenarlar\u0131nda, sessiz ama sars\u0131lmaz bir \u0131\u015f\u0131k vard\u0131: Evlerin duvarlar\u0131n\u0131 a\u015fan, kal\u0131plar\u0131 y\u0131kan, g\u00f6r\u00fcnmez k\u0131l\u0131nm\u0131\u015f kad\u0131nlar. Suat<span class=\"excerpt-hellip\"> [\u2026]<\/span><\/p>\n","protected":false},"featured_media":0,"template":"","meta":{"_monsterinsights_skip_tracking":false,"_monsterinsights_sitenote_active":false,"_monsterinsights_sitenote_note":"","_monsterinsights_sitenote_category":0},"product_brand":[],"product_cat":[14741,13488],"product_tag":[],"class_list":{"0":"post-778267","1":"product","2":"type-product","3":"status-publish","5":"product_cat-kadin-sorunlari-feminizm","6":"product_cat-toplum-ve-insan","7":"pa_cilt-ciltsiz","8":"pa_tur-kitap","9":"pa_yayinevi-alfa-yayinlari","10":"pa_yazar-bahar-eris","12":"first","13":"instock","14":"sale","15":"shipping-taxable","16":"purchasable","17":"product-type-simple"},"_links":{"self":[{"href":"https:\/\/roveyayinevi.com.tr\/index.php\/wp-json\/wp\/v2\/product\/778267","targetHints":{"allow":["GET"]}}],"collection":[{"href":"https:\/\/roveyayinevi.com.tr\/index.php\/wp-json\/wp\/v2\/product"}],"about":[{"href":"https:\/\/roveyayinevi.com.tr\/index.php\/wp-json\/wp\/v2\/types\/product"}],"wp:attachment":[{"href":"https:\/\/roveyayinevi.com.tr\/index.php\/wp-json\/wp\/v2\/media?parent=778267"}],"wp:term":[{"taxonomy":"product_brand","embeddable":true,"href":"https:\/\/roveyayinevi.com.tr\/index.php\/wp-json\/wp\/v2\/product_brand?post=778267"},{"taxonomy":"product_cat","embeddable":true,"href":"https:\/\/roveyayinevi.com.tr\/index.php\/wp-json\/wp\/v2\/product_cat?post=778267"},{"taxonomy":"product_tag","embeddable":true,"href":"https:\/\/roveyayinevi.com.tr\/index.php\/wp-json\/wp\/v2\/product_tag?post=778267"}],"curies":[{"name":"wp","href":"https:\/\/api.w.org\/{rel}","templated":true}]}}