{"id":778257,"date":"2025-11-06T12:07:53","date_gmt":"2025-11-06T09:07:53","guid":{"rendered":"https:\/\/roveyayinevi.com.tr\/index.php\/urun\/dahi-beyinler-piri-reis\/"},"modified":"2026-04-15T03:43:46","modified_gmt":"2026-04-15T00:43:46","slug":"dahi-beyinler-piri-reis","status":"publish","type":"product","link":"https:\/\/roveyayinevi.com.tr\/index.php\/urun\/dahi-beyinler-piri-reis\/","title":{"rendered":"Dahi Beyinler \u2013 Piri Reis"},"content":{"rendered":"<p>D\u00fcnyay\u0131 merakla inceleyen, sorular sormaktan asla vazge\u00e7meyen, hayal g\u00fcc\u00fcyle bilimin s\u0131n\u0131rlar\u0131n\u0131 a\u015fan 10 d\u00e2hiyi tan\u0131maya haz\u0131r m\u0131s\u0131n? D\u00e2hi Beyinler Serisi, her ya\u015ftan okura bilimin, sanat\u0131n ve ke\u015ffetmenin ne kadar b\u00fcy\u00fcleyici oldu\u011funu g\u00f6steriyor. Renkli \u00e7izimler ve ilham dolu hik\u00e2yeler e\u015fli\u011finde; merak etmenin, denemenin ve pes etmemenin ne kadar de\u011ferli oldu\u011funu ke\u015ffedeceksin! <\/p>\n","protected":false},"excerpt":{"rendered":"<p>D\u00fcnyay\u0131 merakla inceleyen, sorular sormaktan asla vazge\u00e7meyen, hayal g\u00fcc\u00fcyle bilimin s\u0131n\u0131rlar\u0131n\u0131 a\u015fan 10 d\u00e2hiyi tan\u0131maya haz\u0131r m\u0131s\u0131n? D\u00e2hi Beyinler Serisi, her ya\u015ftan okura bilimin, sanat\u0131n ve<span class=\"excerpt-hellip\"> [\u2026]<\/span><\/p>\n","protected":false},"featured_media":0,"template":"","meta":{"_monsterinsights_skip_tracking":false,"_monsterinsights_sitenote_active":false,"_monsterinsights_sitenote_note":"","_monsterinsights_sitenote_category":0},"product_brand":[],"product_cat":[13829,12274],"product_tag":[],"class_list":{"0":"post-778257","1":"product","2":"type-product","3":"status-publish","5":"product_cat-bilimsel-kitaplar","6":"product_cat-cocuk-ve-genclik-kitaplari","7":"pa_cilt-ciltsiz","8":"pa_tur-kitap","9":"pa_yayinevi-bookalemun-yayinevi","10":"pa_yazar-kolektif","12":"first","13":"instock","14":"sale","15":"shipping-taxable","16":"purchasable","17":"product-type-simple"},"_links":{"self":[{"href":"https:\/\/roveyayinevi.com.tr\/index.php\/wp-json\/wp\/v2\/product\/778257","targetHints":{"allow":["GET"]}}],"collection":[{"href":"https:\/\/roveyayinevi.com.tr\/index.php\/wp-json\/wp\/v2\/product"}],"about":[{"href":"https:\/\/roveyayinevi.com.tr\/index.php\/wp-json\/wp\/v2\/types\/product"}],"wp:attachment":[{"href":"https:\/\/roveyayinevi.com.tr\/index.php\/wp-json\/wp\/v2\/media?parent=778257"}],"wp:term":[{"taxonomy":"product_brand","embeddable":true,"href":"https:\/\/roveyayinevi.com.tr\/index.php\/wp-json\/wp\/v2\/product_brand?post=778257"},{"taxonomy":"product_cat","embeddable":true,"href":"https:\/\/roveyayinevi.com.tr\/index.php\/wp-json\/wp\/v2\/product_cat?post=778257"},{"taxonomy":"product_tag","embeddable":true,"href":"https:\/\/roveyayinevi.com.tr\/index.php\/wp-json\/wp\/v2\/product_tag?post=778257"}],"curies":[{"name":"wp","href":"https:\/\/api.w.org\/{rel}","templated":true}]}}