{"id":778256,"date":"2025-11-06T12:07:50","date_gmt":"2025-11-06T09:07:50","guid":{"rendered":"https:\/\/roveyayinevi.com.tr\/index.php\/urun\/ibn-haldun-okumalari-makaleler\/"},"modified":"2026-04-15T03:43:46","modified_gmt":"2026-04-15T00:43:46","slug":"ibn-haldun-okumalari-makaleler","status":"publish","type":"product","link":"https:\/\/roveyayinevi.com.tr\/index.php\/urun\/ibn-haldun-okumalari-makaleler\/","title":{"rendered":"\u0130bn Haldun Okumalar\u0131 Makaleler"},"content":{"rendered":"<p>Bu kitap \u0130bni Haldun&#8217;un mukaddime okumalar\u0131ndan yola \u00e7\u0131karak \u00fcretilmi\u015f farkl\u0131 konularla ilgili kaleme al\u0131nm\u0131\u015f 5 adet \u00d6zg\u00fcn makaleden olu\u015fmaktad\u0131r her bir makalenin \u0130bn-i Haldun&#8217;un d\u00fc\u015f\u00fcnce d\u00fcnyas\u0131n\u0131n anla\u015f\u0131lmas\u0131na ve onun sosyal bilimsel analiz ve yakla\u015f\u0131mlar\u0131n\u0131n modern zamanlara uyarlanmas\u0131na ve geli\u015ftirilmesine katk\u0131da bulunmas\u0131n\u0131 temenni ederim. <\/p>\n","protected":false},"excerpt":{"rendered":"<p>Bu kitap \u0130bni Haldun&#8217;un mukaddime okumalar\u0131ndan yola \u00e7\u0131karak \u00fcretilmi\u015f farkl\u0131 konularla ilgili kaleme al\u0131nm\u0131\u015f 5 adet \u00d6zg\u00fcn makaleden olu\u015fmaktad\u0131r her bir makalenin \u0130bn-i Haldun&#8217;un d\u00fc\u015f\u00fcnce d\u00fcnyas\u0131n\u0131n<span class=\"excerpt-hellip\"> [\u2026]<\/span><\/p>\n","protected":false},"featured_media":0,"template":"","meta":{"_monsterinsights_skip_tracking":false,"_monsterinsights_sitenote_active":false,"_monsterinsights_sitenote_note":"","_monsterinsights_sitenote_category":0},"product_brand":[],"product_cat":[12718,12719],"product_tag":[],"class_list":{"0":"post-778256","1":"product","2":"type-product","3":"status-publish","5":"product_cat-din","6":"product_cat-islam","7":"pa_cilt-ciltsiz","8":"pa_tur-kitap","9":"pa_yayinevi-astana-yayinlari","10":"pa_yazar-behcet-batur","12":"first","13":"instock","14":"sale","15":"shipping-taxable","16":"purchasable","17":"product-type-simple"},"_links":{"self":[{"href":"https:\/\/roveyayinevi.com.tr\/index.php\/wp-json\/wp\/v2\/product\/778256","targetHints":{"allow":["GET"]}}],"collection":[{"href":"https:\/\/roveyayinevi.com.tr\/index.php\/wp-json\/wp\/v2\/product"}],"about":[{"href":"https:\/\/roveyayinevi.com.tr\/index.php\/wp-json\/wp\/v2\/types\/product"}],"wp:attachment":[{"href":"https:\/\/roveyayinevi.com.tr\/index.php\/wp-json\/wp\/v2\/media?parent=778256"}],"wp:term":[{"taxonomy":"product_brand","embeddable":true,"href":"https:\/\/roveyayinevi.com.tr\/index.php\/wp-json\/wp\/v2\/product_brand?post=778256"},{"taxonomy":"product_cat","embeddable":true,"href":"https:\/\/roveyayinevi.com.tr\/index.php\/wp-json\/wp\/v2\/product_cat?post=778256"},{"taxonomy":"product_tag","embeddable":true,"href":"https:\/\/roveyayinevi.com.tr\/index.php\/wp-json\/wp\/v2\/product_tag?post=778256"}],"curies":[{"name":"wp","href":"https:\/\/api.w.org\/{rel}","templated":true}]}}