{"id":778255,"date":"2025-11-06T12:07:49","date_gmt":"2025-11-06T09:07:49","guid":{"rendered":"https:\/\/roveyayinevi.com.tr\/index.php\/urun\/biz-yasli-miyiz\/"},"modified":"2026-04-15T03:43:45","modified_gmt":"2026-04-15T00:43:45","slug":"biz-yasli-miyiz","status":"publish","type":"product","link":"https:\/\/roveyayinevi.com.tr\/index.php\/urun\/biz-yasli-miyiz\/","title":{"rendered":"Biz Ya\u015fl\u0131 M\u0131y\u0131z?"},"content":{"rendered":"<p>D\u00fcnya n\u00fcfusunun ya\u015flanmas\u0131yla ya\u015fl\u0131lar\u0131n toplumdaki konumu ve rolleri de de\u011fi\u015fiyor. Ya\u015fl\u0131lar art\u0131k daha din\u00e7, daha sa\u011fl\u0131kl\u0131 ve bak\u0131ml\u0131 bir hayat ya\u015famaya, bilim d\u00fcnyas\u0131ndan edebiyat d\u00fcnyas\u0131na toplum hayat\u0131nda daha aktif olmaya \u00e7al\u0131\u015f\u0131yor. Prof. Dr. G\u00f6n\u00fcl Bakay ve Handan Dedehay\u0131r, Biz Ya\u015fl\u0131 M\u0131y\u0131z? kitab\u0131nda, ya\u015fl\u0131l\u0131kla ilgili de\u011fi\u015fen alg\u0131lara, farkl\u0131 k\u00fclt\u00fcrlerin ya\u015fl\u0131l\u0131k anlay\u0131\u015flar\u0131na, s\u00fcper ya\u015fl\u0131lar\u0131n ya\u015fam pratiklerine yer veren \u00e7ok boyutlu bir bak\u0131\u015f a\u00e7\u0131s\u0131 sunuyor. Bu yolculukta yazarlara Cicero\u2019dan Simone de Beauvoir\u2019a, Kingsley Amis\u2019ten Alec Guinness\u2019e, Joseph Heller\u2019den Joan Didion\u2019a, Julian Barnes\u2019tan Nora Ephron\u2019a, Hanif Kureishi\u2019den Kazuo Ishiguro\u2019ya, Italo Svevo\u2019dan Sal\u00e2h Birsel\u2019e, Muazzez \u0130lmiye \u00c7\u0131\u011f ve daha nice \u00fcnl\u00fc isme uzanan geni\u015f bir perspektif e\u015flik ediyor. <\/p>\n","protected":false},"excerpt":{"rendered":"<p>D\u00fcnya n\u00fcfusunun ya\u015flanmas\u0131yla ya\u015fl\u0131lar\u0131n toplumdaki konumu ve rolleri de de\u011fi\u015fiyor. Ya\u015fl\u0131lar art\u0131k daha din\u00e7, daha sa\u011fl\u0131kl\u0131 ve bak\u0131ml\u0131 bir hayat ya\u015famaya, bilim d\u00fcnyas\u0131ndan edebiyat d\u00fcnyas\u0131na toplum<span class=\"excerpt-hellip\"> [\u2026]<\/span><\/p>\n","protected":false},"featured_media":0,"template":"","meta":{"_monsterinsights_skip_tracking":false,"_monsterinsights_sitenote_active":false,"_monsterinsights_sitenote_note":"","_monsterinsights_sitenote_category":0},"product_brand":[],"product_cat":[141304],"product_tag":[],"class_list":{"0":"post-778255","1":"product","2":"type-product","3":"status-publish","5":"product_cat-yeni-cikanlar","6":"pa_cilt-ciltsiz","7":"pa_tur-kitap","8":"pa_yayinevi-kirmizi-kedi-yayinevi","9":"pa_yazar-gonul-bakay-handan-dedehayir","11":"first","12":"instock","13":"sale","14":"shipping-taxable","15":"purchasable","16":"product-type-simple"},"_links":{"self":[{"href":"https:\/\/roveyayinevi.com.tr\/index.php\/wp-json\/wp\/v2\/product\/778255","targetHints":{"allow":["GET"]}}],"collection":[{"href":"https:\/\/roveyayinevi.com.tr\/index.php\/wp-json\/wp\/v2\/product"}],"about":[{"href":"https:\/\/roveyayinevi.com.tr\/index.php\/wp-json\/wp\/v2\/types\/product"}],"wp:attachment":[{"href":"https:\/\/roveyayinevi.com.tr\/index.php\/wp-json\/wp\/v2\/media?parent=778255"}],"wp:term":[{"taxonomy":"product_brand","embeddable":true,"href":"https:\/\/roveyayinevi.com.tr\/index.php\/wp-json\/wp\/v2\/product_brand?post=778255"},{"taxonomy":"product_cat","embeddable":true,"href":"https:\/\/roveyayinevi.com.tr\/index.php\/wp-json\/wp\/v2\/product_cat?post=778255"},{"taxonomy":"product_tag","embeddable":true,"href":"https:\/\/roveyayinevi.com.tr\/index.php\/wp-json\/wp\/v2\/product_tag?post=778255"}],"curies":[{"name":"wp","href":"https:\/\/api.w.org\/{rel}","templated":true}]}}