{"id":778252,"date":"2025-11-06T12:07:43","date_gmt":"2025-11-06T09:07:43","guid":{"rendered":"https:\/\/roveyayinevi.com.tr\/index.php\/urun\/isyanin-ve-felsefenin-diyalektigi\/"},"modified":"2026-04-15T03:43:45","modified_gmt":"2026-04-15T00:43:45","slug":"isyanin-ve-felsefenin-diyalektigi","status":"publish","type":"product","link":"https:\/\/roveyayinevi.com.tr\/index.php\/urun\/isyanin-ve-felsefenin-diyalektigi\/","title":{"rendered":"\u0130syan\u0131n ve Felsefenin Diyalekti\u011fi"},"content":{"rendered":"<p>T\u00fcrkiye\u2019nin \u00f6nde gelen nitelikli gazetecilerinden Merdan Yanarda\u011f yine \u015fa\u015f\u0131rt\u0131c\u0131 bir yap\u0131tla kar\u015f\u0131m\u0131zda. Gazetecili\u011finin yan\u0131 s\u0131ra akademik \u00e7al\u0131\u015fmalar\u0131, siyasal ve entelekt\u00fcel kimli\u011fiyle de tan\u0131d\u0131\u011f\u0131m\u0131z Yanarda\u011f, mesle\u011fi nedeniyle olsa gerek, a\u011f\u0131r kitaplar\u0131 bile temposu y\u00fcksek ve ak\u0131c\u0131 bir dille kaleme al\u0131yor. Ufuk a\u00e7\u0131c\u0131 eserler \u00fcretiyor. Elinizdeki kitap bunun en iyi \u00f6rneklerinden biri.   Siyaset bilimi ve sosyoloji doktoru da olan Yanarda\u011f\u2019\u0131n, gazetecilik deneyiminden s\u00fcz\u00fcp getirdi\u011fi ve akademik \u00e7al\u0131\u015fmalar\u0131 s\u0131ras\u0131nda kaleme ald\u0131\u011f\u0131 \u2013ilk kez yay\u0131mlanan metinlerden olu\u015fan\u2013 \u0130syan\u0131n ve Felsefenin Diyalekti\u011fi kitab\u0131, entelekt\u00fcel ve bilimsel derinli\u011fiyle \u201cparlak bir eser\u201d diye nitelendirilmeyi fazlas\u0131yla hak ediyor.   Yanarda\u011f bu \u00e7al\u0131\u015fmas\u0131nda, T\u00fcrkiye solundaki \u201cT\u00fcrk olmaktan utanma\u201d kompleksinden \u0130ran Devrimi\u2019nden \u00e7\u0131kar\u0131lacak derslere, sosyalist hareket ile Kemalizm ili\u015fkisinden ayd\u0131nlanma ve modernite tart\u0131\u015fmalar\u0131na, Oryantalizmin g\u00fcncelli\u011finden \u201cayd\u0131n\u201d kavram\u0131 ba\u011flam\u0131nda Mannheim ve Gramsci\u2019ye, Althusser\u2019in Marksizme bak\u0131\u015f\u0131ndan Foucault\u2019ya, iktidar-r\u0131za denkleminden Gadamer ve Derrida\u2019ya, T\u00fcrkiye\u2019de cumhuriyet\u00e7i solun kimlik sorunundan Antonio Negri\u2019nin teoriyi yeniden kurma giri\u015fimine kadar uzanan geni\u015f bir alanda inceleme ve \u00e7\u00f6z\u00fcmlemeler yap\u0131yor.   Kitap, bilgilendirici \u00f6zelli\u011finin yan\u0131nda, entelekt\u00fcel ve siyasal ortamda ya\u015fanan liberal ve postmodern zihin kirlili\u011fine kar\u015f\u0131 teorik bir m\u00fcdahale eseri olarak da okunabilir. Hem bu kadar \u00fcnl\u00fc, hatta \u201cpop\u00fcler\u201d bir gazeteci olup hem de b\u00f6yle bir kitap yazmak herkesin harc\u0131 de\u011fil. Okuyacak ve \u015fa\u015f\u0131racaks\u0131n\u0131z. <\/p>\n","protected":false},"excerpt":{"rendered":"<p>T\u00fcrkiye\u2019nin \u00f6nde gelen nitelikli gazetecilerinden Merdan Yanarda\u011f yine \u015fa\u015f\u0131rt\u0131c\u0131 bir yap\u0131tla kar\u015f\u0131m\u0131zda. Gazetecili\u011finin yan\u0131 s\u0131ra akademik \u00e7al\u0131\u015fmalar\u0131, siyasal ve entelekt\u00fcel kimli\u011fiyle de tan\u0131d\u0131\u011f\u0131m\u0131z Yanarda\u011f, mesle\u011fi nedeniyle<span class=\"excerpt-hellip\"> [\u2026]<\/span><\/p>\n","protected":false},"featured_media":0,"template":"","meta":{"_monsterinsights_skip_tracking":false,"_monsterinsights_sitenote_active":false,"_monsterinsights_sitenote_note":"","_monsterinsights_sitenote_category":0},"product_brand":[],"product_cat":[12388],"product_tag":[],"class_list":{"0":"post-778252","1":"product","2":"type-product","3":"status-publish","5":"product_cat-felsefe","6":"pa_cilt-ciltsiz","7":"pa_tur-kitap","8":"pa_yayinevi-kirmizi-kedi-yayinevi","9":"pa_yazar-merdan-yanardag","11":"first","12":"instock","13":"sale","14":"shipping-taxable","15":"purchasable","16":"product-type-simple"},"_links":{"self":[{"href":"https:\/\/roveyayinevi.com.tr\/index.php\/wp-json\/wp\/v2\/product\/778252","targetHints":{"allow":["GET"]}}],"collection":[{"href":"https:\/\/roveyayinevi.com.tr\/index.php\/wp-json\/wp\/v2\/product"}],"about":[{"href":"https:\/\/roveyayinevi.com.tr\/index.php\/wp-json\/wp\/v2\/types\/product"}],"wp:attachment":[{"href":"https:\/\/roveyayinevi.com.tr\/index.php\/wp-json\/wp\/v2\/media?parent=778252"}],"wp:term":[{"taxonomy":"product_brand","embeddable":true,"href":"https:\/\/roveyayinevi.com.tr\/index.php\/wp-json\/wp\/v2\/product_brand?post=778252"},{"taxonomy":"product_cat","embeddable":true,"href":"https:\/\/roveyayinevi.com.tr\/index.php\/wp-json\/wp\/v2\/product_cat?post=778252"},{"taxonomy":"product_tag","embeddable":true,"href":"https:\/\/roveyayinevi.com.tr\/index.php\/wp-json\/wp\/v2\/product_tag?post=778252"}],"curies":[{"name":"wp","href":"https:\/\/api.w.org\/{rel}","templated":true}]}}