{"id":778245,"date":"2025-11-06T12:07:23","date_gmt":"2025-11-06T09:07:23","guid":{"rendered":"https:\/\/roveyayinevi.com.tr\/index.php\/urun\/mieruko-chan-cilt-2\/"},"modified":"2026-04-15T03:43:43","modified_gmt":"2026-04-15T00:43:43","slug":"mieruko-chan-cilt-2","status":"publish","type":"product","link":"https:\/\/roveyayinevi.com.tr\/index.php\/urun\/mieruko-chan-cilt-2\/","title":{"rendered":"Mieruko-chan Cilt 2"},"content":{"rendered":"<p>Miko, s\u0131radan insanlar\u0131n g\u00f6remedi\u011fi varl\u0131klar\u0131 canla ba\u015fla g\u00f6rmezden gelmeye \u00e7al\u0131\u015fan bir lise \u00f6\u011frencisi. Yan\u0131nda ruhlar\u0131 \u00fczerine \u00e7eken yak\u0131n arkada\u015f\u0131 Hana ve medyumlu\u011fa \u00f6zenen Yuria varken \u00fcst\u00fcne bir de g\u00f6rmezden gelme yetene\u011fi ger\u00e7ek bir s\u0131navdan ge\u00e7iyor. Korku ve komediyi harmanlayan mangan\u0131n ikinci cildi sizlerle!<\/p>\n","protected":false},"excerpt":{"rendered":"<p>Miko, s\u0131radan insanlar\u0131n g\u00f6remedi\u011fi varl\u0131klar\u0131 canla ba\u015fla g\u00f6rmezden gelmeye \u00e7al\u0131\u015fan bir lise \u00f6\u011frencisi. Yan\u0131nda ruhlar\u0131 \u00fczerine \u00e7eken yak\u0131n arkada\u015f\u0131 Hana ve medyumlu\u011fa \u00f6zenen Yuria varken \u00fcst\u00fcne<span class=\"excerpt-hellip\"> [\u2026]<\/span><\/p>\n","protected":false},"featured_media":0,"template":"","meta":{"_monsterinsights_skip_tracking":false,"_monsterinsights_sitenote_active":false,"_monsterinsights_sitenote_note":"","_monsterinsights_sitenote_category":0},"product_brand":[],"product_cat":[12416,12291],"product_tag":[],"class_list":{"0":"post-778245","1":"product","2":"type-product","3":"status-publish","5":"product_cat-cizgi-roman","6":"product_cat-edebiyat","7":"pa_cilt-ciltsiz","8":"pa_tur-kitap","9":"pa_yayinevi-kayip-kita-yayinlari","10":"pa_yazar-izumi-tomoki","12":"first","13":"instock","14":"sale","15":"shipping-taxable","16":"purchasable","17":"product-type-simple"},"_links":{"self":[{"href":"https:\/\/roveyayinevi.com.tr\/index.php\/wp-json\/wp\/v2\/product\/778245","targetHints":{"allow":["GET"]}}],"collection":[{"href":"https:\/\/roveyayinevi.com.tr\/index.php\/wp-json\/wp\/v2\/product"}],"about":[{"href":"https:\/\/roveyayinevi.com.tr\/index.php\/wp-json\/wp\/v2\/types\/product"}],"wp:attachment":[{"href":"https:\/\/roveyayinevi.com.tr\/index.php\/wp-json\/wp\/v2\/media?parent=778245"}],"wp:term":[{"taxonomy":"product_brand","embeddable":true,"href":"https:\/\/roveyayinevi.com.tr\/index.php\/wp-json\/wp\/v2\/product_brand?post=778245"},{"taxonomy":"product_cat","embeddable":true,"href":"https:\/\/roveyayinevi.com.tr\/index.php\/wp-json\/wp\/v2\/product_cat?post=778245"},{"taxonomy":"product_tag","embeddable":true,"href":"https:\/\/roveyayinevi.com.tr\/index.php\/wp-json\/wp\/v2\/product_tag?post=778245"}],"curies":[{"name":"wp","href":"https:\/\/api.w.org\/{rel}","templated":true}]}}