{"id":778244,"date":"2025-11-06T12:07:21","date_gmt":"2025-11-06T09:07:21","guid":{"rendered":"https:\/\/roveyayinevi.com.tr\/index.php\/urun\/beastars-6\/"},"modified":"2026-04-15T03:43:43","modified_gmt":"2026-04-15T00:43:43","slug":"beastars-6","status":"publish","type":"product","link":"https:\/\/roveyayinevi.com.tr\/index.php\/urun\/beastars-6\/","title":{"rendered":"Beastars 6"},"content":{"rendered":"<p>Legoshi, verdi\u011fi yo\u011fun m\u00fccadele sayesinde Hal\u2019\u0131 Aslan \u00c7etesi\u2019nin elinden kurtarmay\u0131 ba\u015fard\u0131 ama son treni ka\u00e7\u0131rd\u0131klar\u0131 i\u00e7in geceyi bir otelde ge\u00e7irmek zorunda kald\u0131lar. Legoshi, kapal\u0131 kap\u0131lar\u0131n ard\u0131nda ge\u00e7mi\u015fteki su\u00e7lar\u0131n\u0131 itiraf edecek ve bu s\u0131rada Aslan \u00c7etesi\u2019nin karag\u00e2h\u0131na s\u0131zan Louis, Legoshi\u2019nin a\u011f\u0131r yaralad\u0131\u011f\u0131 \u00e7ete reisi aslana silah\u0131n\u0131 do\u011frultacak. Ama \u00e7ete \u00fcyeleri etraf\u0131n\u0131 saracak! Legoshi, Hal ve Juno&#8230; A\u015fk hik\u00e2yeleri Meteor Festivali\u2019nde i\u00e7 i\u00e7e ge\u00e7iyor. \u015eok edici bir son sizi bekliyor! Hayvanlar\u0131n gen\u00e7lik dramas\u0131 kar\u015f\u0131n\u0131zda!<\/p>\n","protected":false},"excerpt":{"rendered":"<p>Legoshi, verdi\u011fi yo\u011fun m\u00fccadele sayesinde Hal\u2019\u0131 Aslan \u00c7etesi\u2019nin elinden kurtarmay\u0131 ba\u015fard\u0131 ama son treni ka\u00e7\u0131rd\u0131klar\u0131 i\u00e7in geceyi bir otelde ge\u00e7irmek zorunda kald\u0131lar. Legoshi, kapal\u0131 kap\u0131lar\u0131n ard\u0131nda<span class=\"excerpt-hellip\"> [\u2026]<\/span><\/p>\n","protected":false},"featured_media":0,"template":"","meta":{"_monsterinsights_skip_tracking":false,"_monsterinsights_sitenote_active":false,"_monsterinsights_sitenote_note":"","_monsterinsights_sitenote_category":0},"product_brand":[],"product_cat":[12416,12291],"product_tag":[],"class_list":{"0":"post-778244","1":"product","2":"type-product","3":"status-publish","5":"product_cat-cizgi-roman","6":"product_cat-edebiyat","7":"pa_cilt-ciltsiz","8":"pa_tur-kitap","9":"pa_yayinevi-kayip-kita-yayinlari","10":"pa_yazar-paru-itagaki","12":"first","13":"instock","14":"sale","15":"shipping-taxable","16":"purchasable","17":"product-type-simple"},"_links":{"self":[{"href":"https:\/\/roveyayinevi.com.tr\/index.php\/wp-json\/wp\/v2\/product\/778244","targetHints":{"allow":["GET"]}}],"collection":[{"href":"https:\/\/roveyayinevi.com.tr\/index.php\/wp-json\/wp\/v2\/product"}],"about":[{"href":"https:\/\/roveyayinevi.com.tr\/index.php\/wp-json\/wp\/v2\/types\/product"}],"wp:attachment":[{"href":"https:\/\/roveyayinevi.com.tr\/index.php\/wp-json\/wp\/v2\/media?parent=778244"}],"wp:term":[{"taxonomy":"product_brand","embeddable":true,"href":"https:\/\/roveyayinevi.com.tr\/index.php\/wp-json\/wp\/v2\/product_brand?post=778244"},{"taxonomy":"product_cat","embeddable":true,"href":"https:\/\/roveyayinevi.com.tr\/index.php\/wp-json\/wp\/v2\/product_cat?post=778244"},{"taxonomy":"product_tag","embeddable":true,"href":"https:\/\/roveyayinevi.com.tr\/index.php\/wp-json\/wp\/v2\/product_tag?post=778244"}],"curies":[{"name":"wp","href":"https:\/\/api.w.org\/{rel}","templated":true}]}}