{"id":778243,"date":"2025-11-06T12:06:42","date_gmt":"2025-11-06T09:06:42","guid":{"rendered":"https:\/\/roveyayinevi.com.tr\/index.php\/urun\/kent-hakki-yerel-demokrasi-ve-surdurulebilirlik\/"},"modified":"2026-04-15T03:43:38","modified_gmt":"2026-04-15T00:43:38","slug":"kent-hakki-yerel-demokrasi-ve-surdurulebilirlik","status":"publish","type":"product","link":"https:\/\/roveyayinevi.com.tr\/index.php\/urun\/kent-hakki-yerel-demokrasi-ve-surdurulebilirlik\/","title":{"rendered":"Kent Hakk\u0131 Yerel Demokrasi ve S\u00fcrd\u00fcr\u00fclebilirlik"},"content":{"rendered":"<p>Bu eser yaln\u0131zca masa ba\u015f\u0131nda kaleme al\u0131nm\u0131\u015f bir akademik metin de\u011fil; iki \u00fclke ve onlarca \u015fehirde yerinde edinilen deneyimlerle ve uzun soluklu bir ara\u015ft\u0131rma s\u00fcrecinin birikimiyle \u015fekillenmi\u015f \u00f6zg\u00fcn bir \u00e7al\u0131\u015fmad\u0131r. Ara\u015ft\u0131rman\u0131n uluslararas\u0131 boyutunda, kent hakk\u0131 kavram\u0131n\u0131n do\u011fdu\u011fu ve geli\u015fti\u011fi kentlerden olan Avusturya&#8217;n\u0131n Graz ve \u0130talya&#8217;n\u0131n Orvieto \u015fehirleri ziyaret edilmi\u015f; bu \u00e7er\u00e7evede Avrupa&#8217;daki kat\u0131l\u0131mc\u0131 \u015fehircilik, s\u00fcrd\u00fcr\u00fclebilirlik ve sakin \u015fehir uygulamalar\u0131 yerinde incelenmi\u015ftir. Bu g\u00f6zlemler, yaln\u0131zca kuramsal bilgiyi de\u011fil, ayn\u0131 zamanda bu kavramlar\u0131n pratikte nas\u0131l kar\u015f\u0131l\u0131k buldu\u011funu anlama f\u0131rsat\u0131 da sunmu\u015ftur. T\u00fcrkiye aya\u011f\u0131nda ise 19 il ve 19 il\u00e7ede y\u00fcr\u00fct\u00fclen kapsaml\u0131 incelemeler, kentsel mek\u00e2n\u0131n d\u00f6n\u00fc\u015f\u00fcm\u00fcn\u00fc, yerel y\u00f6netim pratiklerini ve kent ya\u015fam\u0131na ili\u015fkin toplumsal dinamikleri \u00e7ok y\u00f6nl\u00fc bi\u00e7imde de\u011ferlendirmeyi m\u00fcmk\u00fcn k\u0131lm\u0131\u015ft\u0131r. Bu g\u00f6zlemler, mevcut durumu betimlemenin \u00f6tesine ge\u00e7erek, yerel y\u00f6netimler ve kentliler a\u00e7\u0131s\u0131ndan izlenmesi gereken olas\u0131 bir yol haritas\u0131na dair \u00f6nerilerin geli\u015ftirilmesine zemin haz\u0131rlam\u0131\u015ft\u0131r. Bu y\u00f6n\u00fcyle eser, yaln\u0131zca kuramsal tart\u0131\u015fmalar\u0131 aktaran bir \u00e7al\u0131\u015fma olman\u0131n \u00f6tesine ge\u00e7mekte; uluslararas\u0131 deneyimlerle yerel ger\u00e7ekli\u011fi bulu\u015fturarak, uygulanabilir politika \u00f6nerilerine y\u00f6nelen bir bilgi \u00fcretim s\u00fcreci ortaya koymaktad\u0131r. \u00d6zellikle belediyeler ve yerel y\u00f6neticiler a\u00e7\u0131s\u0131ndan bu eserin, sakin \u015fehir yakla\u015f\u0131m\u0131 \u00e7er\u00e7evesinde \u00e7ok say\u0131da pratik \u00e7\u0131kar\u0131m ve politika \u00f6nerisi sundu\u011fu s\u00f6ylenebilir. Kitap, kent hakk\u0131 ilkesinin sahada nas\u0131l somutla\u015ft\u0131r\u0131labilece\u011fine dair \u00f6rnekleriyle, yerel y\u00f6netimlerin stratejik planlama, kat\u0131l\u0131mc\u0131 y\u00f6neti\u015fim, \u00e7evresel s\u00fcrd\u00fcr\u00fclebilirlik ve kentsel ya\u015fam kalitesi alanlar\u0131nda do\u011frudan yararlanabilece\u011fi bir rehber niteli\u011fi ta\u015f\u0131maktad\u0131r. T\u00fcrkiye&#8217;de kent hakk\u0131 literat\u00fcr\u00fcn\u00fcn h\u00e2l\u00e2 s\u0131n\u0131rl\u0131 oldu\u011fu g\u00f6z \u00f6n\u00fcnde bulunduruldu\u011funda, bu kitap, hukuk perspektifinden haz\u0131rlanm\u0131\u015f ilk kapsaml\u0131 \u00e7al\u0131\u015fma olma niteli\u011fi ta\u015f\u0131makta; ayn\u0131 zamanda yerel demokrasi ve sakin \u015fehir paradigmas\u0131 aras\u0131ndaki ba\u011flant\u0131y\u0131 do\u011frudan kuran \u00f6nc\u00fc bir ara\u015ft\u0131rma olarak \u00f6ne \u00e7\u0131kmaktad\u0131r. Okur, bu eserde yaln\u0131zca Henri Lefebvre, David Harvey ve Don Mitchell gibi teorisyenlerin g\u00f6r\u00fc\u015flerini de\u011fil, ayn\u0131 zamanda T\u00fcrkiye&#8217;de kent hakk\u0131n\u0131n hayata ge\u00e7irilmesi i\u00e7in at\u0131lmas\u0131 gereken somut ad\u0131mlara dair kapsaml\u0131 bir analiz de bulacakt\u0131r. B\u00f6ylece kitap hem kuramsal d\u00fc\u015f\u00fcnceyi hem de uygulamaya d\u00f6n\u00fck \u00f6nerileri bir araya getirerek, kent hakk\u0131 alan\u0131nda yeni bir tart\u0131\u015fma zemini a\u00e7may\u0131 ve yerel y\u00f6neticiler i\u00e7in pratik bir ba\u015fvuru kayna\u011f\u0131 olmay\u0131 hedeflemektedir. <\/p>\n","protected":false},"excerpt":{"rendered":"<p>Bu eser yaln\u0131zca masa ba\u015f\u0131nda kaleme al\u0131nm\u0131\u015f bir akademik metin de\u011fil; iki \u00fclke ve onlarca \u015fehirde yerinde edinilen deneyimlerle ve uzun soluklu bir ara\u015ft\u0131rma s\u00fcrecinin birikimiyle<span class=\"excerpt-hellip\"> [\u2026]<\/span><\/p>\n","protected":false},"featured_media":0,"template":"","meta":{"_monsterinsights_skip_tracking":false,"_monsterinsights_sitenote_active":false,"_monsterinsights_sitenote_note":"","_monsterinsights_sitenote_category":0},"product_brand":[],"product_cat":[15350],"product_tag":[],"class_list":{"0":"post-778243","1":"product","2":"type-product","3":"status-publish","5":"product_cat-hukuk","6":"pa_cilt-ciltsiz","7":"pa_tur-kitap","8":"pa_yayinevi-astana-yayinlari","9":"pa_yazar-furkan-capoglu","11":"first","12":"instock","13":"sale","14":"shipping-taxable","15":"purchasable","16":"product-type-simple"},"_links":{"self":[{"href":"https:\/\/roveyayinevi.com.tr\/index.php\/wp-json\/wp\/v2\/product\/778243","targetHints":{"allow":["GET"]}}],"collection":[{"href":"https:\/\/roveyayinevi.com.tr\/index.php\/wp-json\/wp\/v2\/product"}],"about":[{"href":"https:\/\/roveyayinevi.com.tr\/index.php\/wp-json\/wp\/v2\/types\/product"}],"wp:attachment":[{"href":"https:\/\/roveyayinevi.com.tr\/index.php\/wp-json\/wp\/v2\/media?parent=778243"}],"wp:term":[{"taxonomy":"product_brand","embeddable":true,"href":"https:\/\/roveyayinevi.com.tr\/index.php\/wp-json\/wp\/v2\/product_brand?post=778243"},{"taxonomy":"product_cat","embeddable":true,"href":"https:\/\/roveyayinevi.com.tr\/index.php\/wp-json\/wp\/v2\/product_cat?post=778243"},{"taxonomy":"product_tag","embeddable":true,"href":"https:\/\/roveyayinevi.com.tr\/index.php\/wp-json\/wp\/v2\/product_tag?post=778243"}],"curies":[{"name":"wp","href":"https:\/\/api.w.org\/{rel}","templated":true}]}}