{"id":778242,"date":"2025-11-06T12:01:03","date_gmt":"2025-11-06T09:01:03","guid":{"rendered":"https:\/\/roveyayinevi.com.tr\/index.php\/urun\/saha-yakut-inanc-dunyasi\/"},"modified":"2026-04-15T03:42:26","modified_gmt":"2026-04-15T00:42:26","slug":"saha-yakut-inanc-dunyasi","status":"publish","type":"product","link":"https:\/\/roveyayinevi.com.tr\/index.php\/urun\/saha-yakut-inanc-dunyasi\/","title":{"rendered":"Saha\/Yakut \u0130nan\u00e7 D\u00fcnyas\u0131"},"content":{"rendered":"<p>Saha\/Yakut \u0130nan\u00e7 D\u00fcnyas\u0131 adl\u0131 bu eser, T\u00fcrk d\u00fcnyas\u0131n\u0131n en \u00f6zg\u00fcn ve kadim topluluklar\u0131ndan biri olan Saha\/Yakut T\u00fcrklerinin dini ya\u015fam\u0131n\u0131 ve geleneksel inan\u0131\u015flar\u0131n\u0131 kapsaml\u0131 bi\u00e7imde incelemektedir. Erkal, bu \u00e7al\u0131\u015fmas\u0131nda Tanr\u0131 ve ruh anlay\u0131\u015flar\u0131ndan geleneksel halk inan\u0131\u015flar\u0131na, oyun-udagan adl\u0131 kamlardan rit\u00fcellere ve ge\u00e7i\u015f d\u00f6nemlerindeki uygulamalara kadar uzanan geni\u015f bir alan\u0131 ayr\u0131nt\u0131l\u0131 bi\u00e7imde ele almaktad\u0131r. Kitapta ayr\u0131ca Saha\/Yakutlar\u0131n di\u011fer dinlerle ili\u015fkileri de derinlemesine analiz edilerek di\u011fer inan\u00e7larla etkile\u015fimleri tarihsel ve k\u00fclt\u00fcrel ba\u011flamda de\u011ferlendirilmektedir. T\u00fcrk din tarihinin az bilinen y\u00f6nlerine \u0131\u015f\u0131k tutan bu \u00e7al\u0131\u015fma, geleneksel inan\u00e7lar\u0131n tarih a\u015fan y\u00f6n\u00fcyle bug\u00fcne ta\u015f\u0131nma s\u00fcre\u00e7lerini, k\u00fclt\u00fcrel direni\u015f bi\u00e7imlerini ve dini kimlik olu\u015fumlar\u0131n\u0131 titiz bir akademik perspektifle ortaya koymaktad\u0131r. Ayr\u0131ca s\u00f6zl\u00fc k\u00fclt\u00fcr \u00fcr\u00fcnlerinin, efsane ve destanlar\u0131n inan\u00e7 d\u00fcnyas\u0131na nas\u0131l y\u00f6n verdi\u011fi; yerli haf\u0131zada do\u011fa, zaman ve mek\u00e2n\u0131n nas\u0131l kutsand\u0131\u011f\u0131 derinlemesine analiz edilmektedir. Eser, sadece T\u00fcrkoloji ve Dinler Tarihi alanlar\u0131nda \u00e7al\u0131\u015fanlar i\u00e7in de\u011fil Avrasya, Altay ve Sibirya k\u00fclt\u00fcrleri \u00fczerine \u00e7al\u0131\u015fan t\u00fcm ara\u015ft\u0131rmac\u0131lar ve merakl\u0131 okurlar i\u00e7in temel bir kaynak niteli\u011findedir. <\/p>\n","protected":false},"excerpt":{"rendered":"<p>Saha\/Yakut \u0130nan\u00e7 D\u00fcnyas\u0131 adl\u0131 bu eser, T\u00fcrk d\u00fcnyas\u0131n\u0131n en \u00f6zg\u00fcn ve kadim topluluklar\u0131ndan biri olan Saha\/Yakut T\u00fcrklerinin dini ya\u015fam\u0131n\u0131 ve geleneksel inan\u0131\u015flar\u0131n\u0131 kapsaml\u0131 bi\u00e7imde incelemektedir. Erkal,<span class=\"excerpt-hellip\"> [\u2026]<\/span><\/p>\n","protected":false},"featured_media":0,"template":"","meta":{"_monsterinsights_skip_tracking":false,"_monsterinsights_sitenote_active":false,"_monsterinsights_sitenote_note":"","_monsterinsights_sitenote_category":0},"product_brand":[],"product_cat":[12718,16794],"product_tag":[],"class_list":{"0":"post-778242","1":"product","2":"type-product","3":"status-publish","5":"product_cat-din","6":"product_cat-dinler-tarihi","7":"pa_cilt-ciltsiz","8":"pa_tur-kitap","9":"pa_yayinevi-ankara-universitesi-yayinevi","10":"pa_yazar-mehmet-mustafa-erkal","12":"first","13":"instock","14":"sale","15":"shipping-taxable","16":"purchasable","17":"product-type-simple"},"_links":{"self":[{"href":"https:\/\/roveyayinevi.com.tr\/index.php\/wp-json\/wp\/v2\/product\/778242","targetHints":{"allow":["GET"]}}],"collection":[{"href":"https:\/\/roveyayinevi.com.tr\/index.php\/wp-json\/wp\/v2\/product"}],"about":[{"href":"https:\/\/roveyayinevi.com.tr\/index.php\/wp-json\/wp\/v2\/types\/product"}],"wp:attachment":[{"href":"https:\/\/roveyayinevi.com.tr\/index.php\/wp-json\/wp\/v2\/media?parent=778242"}],"wp:term":[{"taxonomy":"product_brand","embeddable":true,"href":"https:\/\/roveyayinevi.com.tr\/index.php\/wp-json\/wp\/v2\/product_brand?post=778242"},{"taxonomy":"product_cat","embeddable":true,"href":"https:\/\/roveyayinevi.com.tr\/index.php\/wp-json\/wp\/v2\/product_cat?post=778242"},{"taxonomy":"product_tag","embeddable":true,"href":"https:\/\/roveyayinevi.com.tr\/index.php\/wp-json\/wp\/v2\/product_tag?post=778242"}],"curies":[{"name":"wp","href":"https:\/\/api.w.org\/{rel}","templated":true}]}}