{"id":778240,"date":"2025-11-06T11:20:32","date_gmt":"2025-11-06T08:20:32","guid":{"rendered":"https:\/\/roveyayinevi.com.tr\/index.php\/urun\/bize-yon-veren-metinler-i\/"},"modified":"2026-04-15T03:35:38","modified_gmt":"2026-04-15T00:35:38","slug":"bize-yon-veren-metinler-i","status":"publish","type":"product","link":"https:\/\/roveyayinevi.com.tr\/index.php\/urun\/bize-yon-veren-metinler-i\/","title":{"rendered":"Bize Y\u00f6n Veren Metinler I"},"content":{"rendered":"<p>Miras\u00e7\u0131s\u0131 oldu\u011fumuz k\u00fclt\u00fcr\u00fcn tarih sahnesine \u00e7\u0131k\u0131\u015f\u0131, k\u00f6kleri ve \u0130slam medeniyeti dairesinde \u201cBiz\u201de evrili\u015f maceras\u0131\u2026   Beng\u00fc ta\u015flar\u0131n g\u00f6lgesinden ebed\u00ee yurt Anadolu\u2019ya do\u011fru as\u0131rlarca s\u00fcren sanc\u0131l\u0131 y\u00fcr\u00fcy\u00fc\u015f\u2026   An\u0131t mezarlara dikilen mill\u00ee karakter ne\u015fideleri, T\u00fcrk\u00e7enin farkl\u0131 alfabelerdeki \u00e7etin yolculu\u011fu, \u0130slam d\u00fc\u015f\u00fcncesinin T\u00fcrk duygu d\u00fcnyas\u0131na n\u00fcfuz eden ilk metinleri, M\u00fcsl\u00fcman toplumlar\u0131n k\u00fclt\u00fcr-sanat evrenini y\u00fczy\u0131llarca besleyen Arap-Fars klasikleri, itikat ve mezhep ayr\u0131\u015fmalar\u0131n\u0131n T\u00fcrk penceresinden g\u00f6r\u00fcn\u00fcm\u00fc, pasif mistik bir protesto olarak ba\u015flayan tasavvuf\u00ee \u00f6\u011fretinin T\u00fcrk d\u00fc\u015f\u00fcncesine ula\u015fan ilk \u00e7\u0131\u011fl\u0131klar\u0131\u2026   Hukuk metodolojisinden felsefeye; cebirden psikolojiye y\u00fczlerce kurucu metin, g\u00fcn\u00fcm\u00fcz T\u00fcrk\u00e7esiyle bir arada\u2026   Bir r\u00fcya daha ger\u00e7ek oluyor!   \u2013Alev Alatl\u0131 <\/p>\n","protected":false},"excerpt":{"rendered":"<p>Miras\u00e7\u0131s\u0131 oldu\u011fumuz k\u00fclt\u00fcr\u00fcn tarih sahnesine \u00e7\u0131k\u0131\u015f\u0131, k\u00f6kleri ve \u0130slam medeniyeti dairesinde \u201cBiz\u201de evrili\u015f maceras\u0131\u2026 Beng\u00fc ta\u015flar\u0131n g\u00f6lgesinden ebed\u00ee yurt Anadolu\u2019ya do\u011fru as\u0131rlarca s\u00fcren sanc\u0131l\u0131 y\u00fcr\u00fcy\u00fc\u015f\u2026 An\u0131t<span class=\"excerpt-hellip\"> [\u2026]<\/span><\/p>\n","protected":false},"featured_media":0,"template":"","meta":{"_monsterinsights_skip_tracking":false,"_monsterinsights_sitenote_active":false,"_monsterinsights_sitenote_note":"","_monsterinsights_sitenote_category":0},"product_brand":[],"product_cat":[12337],"product_tag":[],"class_list":{"0":"post-778240","1":"product","2":"type-product","3":"status-publish","5":"product_cat-politika-siyaset","6":"pa_cilt-ciltsiz","7":"pa_tur-kitap","8":"pa_yayinevi-kapadokya-universitesi-yayinlari","9":"pa_yazar-alev-alatli","11":"first","12":"instock","13":"sale","14":"shipping-taxable","15":"purchasable","16":"product-type-simple"},"_links":{"self":[{"href":"https:\/\/roveyayinevi.com.tr\/index.php\/wp-json\/wp\/v2\/product\/778240","targetHints":{"allow":["GET"]}}],"collection":[{"href":"https:\/\/roveyayinevi.com.tr\/index.php\/wp-json\/wp\/v2\/product"}],"about":[{"href":"https:\/\/roveyayinevi.com.tr\/index.php\/wp-json\/wp\/v2\/types\/product"}],"wp:attachment":[{"href":"https:\/\/roveyayinevi.com.tr\/index.php\/wp-json\/wp\/v2\/media?parent=778240"}],"wp:term":[{"taxonomy":"product_brand","embeddable":true,"href":"https:\/\/roveyayinevi.com.tr\/index.php\/wp-json\/wp\/v2\/product_brand?post=778240"},{"taxonomy":"product_cat","embeddable":true,"href":"https:\/\/roveyayinevi.com.tr\/index.php\/wp-json\/wp\/v2\/product_cat?post=778240"},{"taxonomy":"product_tag","embeddable":true,"href":"https:\/\/roveyayinevi.com.tr\/index.php\/wp-json\/wp\/v2\/product_tag?post=778240"}],"curies":[{"name":"wp","href":"https:\/\/api.w.org\/{rel}","templated":true}]}}