{"id":778239,"date":"2025-11-06T11:20:30","date_gmt":"2025-11-06T08:20:30","guid":{"rendered":"https:\/\/roveyayinevi.com.tr\/index.php\/urun\/bize-yon-veren-metinler-vii\/"},"modified":"2026-04-15T03:35:38","modified_gmt":"2026-04-15T00:35:38","slug":"bize-yon-veren-metinler-vii","status":"publish","type":"product","link":"https:\/\/roveyayinevi.com.tr\/index.php\/urun\/bize-yon-veren-metinler-vii\/","title":{"rendered":"Bize Y\u00f6n Veren Metinler VII"},"content":{"rendered":"<p>Yeni tan\u0131\u015ft\u0131\u011f\u0131 siyasi iklime, geleneksel reflekslerle uyum sa\u011flamaya \u00e7al\u0131\u015fan bir toplumun, ekonomik ba\u011f\u0131ms\u0131zl\u0131\u011f\u0131n\u0131 elde etmek i\u00e7in verdi\u011fi b\u00fcy\u00fck m\u00fccadele. On y\u0131lda bir ya\u015fanan ve her \u015feyin de\u011fi\u015fti\u011fi ama hi\u00e7bir \u015feyin de\u011fi\u015fmedi\u011fi h\u00e2k\u00ee d\u00f6nemler. B\u00fct\u00fcn bu toplumsal savrulu\u015flar aras\u0131nda d\u00fcnyan\u0131n en de\u011ferli co\u011frafyas\u0131nda kal\u0131c\u0131 olmak i\u00e7in h\u0131z kesmeden s\u00fcrd\u00fcr\u00fclen medeniyet \u00fcretimi\u2026   T\u0131p, eczac\u0131l\u0131k, matematik, astronomi, fizik, kimya, biyoloji, botanik, zooloji, biyoteknoloji, bilgisayar ve bili\u015fim teknolojileri, nanoteknoloji; tarih, dil ve edebiyat, felsefe, sosyoloji, psikoloji, co\u011frafya, arkeoloji, antropoloji, hukuk, iktisat, bilgi-belge; meal\/tefsir, hadis, akait, f\u0131k\u0131h, siyer, \u0130slam ve mezhepler tarihi, tasavvuf\/ahlak; mimari, musiki, tiyatro, sinema, radyo-televizyon, giyim-ku\u015fam; spor; \u015fiir, roman, hikaye, deneme, ele\u015ftiri, siyasi hat\u0131rat, biyografi, siyasi biyografi, an\u0131, portre, gezi edebiyat\u0131, s\u00f6zl\u00fck, ansiklopedi\u2026   T\u00fcrkiye Cumhuriyeti\u2019nin ilk y\u00fczy\u0131l\u0131nda bize y\u00f6n veren 900\u2019\u00fc a\u015fk\u0131n metin, en \u00f6nemli b\u00f6l\u00fcmleriyle bir arada\u2026   Bir r\u00fcya daha ger\u00e7ek oluyor! \u2013Alev Alatl\u0131 <\/p>\n","protected":false},"excerpt":{"rendered":"<p>Yeni tan\u0131\u015ft\u0131\u011f\u0131 siyasi iklime, geleneksel reflekslerle uyum sa\u011flamaya \u00e7al\u0131\u015fan bir toplumun, ekonomik ba\u011f\u0131ms\u0131zl\u0131\u011f\u0131n\u0131 elde etmek i\u00e7in verdi\u011fi b\u00fcy\u00fck m\u00fccadele. On y\u0131lda bir ya\u015fanan ve her \u015feyin<span class=\"excerpt-hellip\"> [\u2026]<\/span><\/p>\n","protected":false},"featured_media":0,"template":"","meta":{"_monsterinsights_skip_tracking":false,"_monsterinsights_sitenote_active":false,"_monsterinsights_sitenote_note":"","_monsterinsights_sitenote_category":0},"product_brand":[],"product_cat":[12337],"product_tag":[],"class_list":{"0":"post-778239","1":"product","2":"type-product","3":"status-publish","5":"product_cat-politika-siyaset","6":"pa_cilt-ciltsiz","7":"pa_tur-kitap","8":"pa_yayinevi-kapadokya-universitesi-yayinlari","9":"pa_yazar-alev-alatli","11":"first","12":"instock","13":"sale","14":"shipping-taxable","15":"purchasable","16":"product-type-simple"},"_links":{"self":[{"href":"https:\/\/roveyayinevi.com.tr\/index.php\/wp-json\/wp\/v2\/product\/778239","targetHints":{"allow":["GET"]}}],"collection":[{"href":"https:\/\/roveyayinevi.com.tr\/index.php\/wp-json\/wp\/v2\/product"}],"about":[{"href":"https:\/\/roveyayinevi.com.tr\/index.php\/wp-json\/wp\/v2\/types\/product"}],"wp:attachment":[{"href":"https:\/\/roveyayinevi.com.tr\/index.php\/wp-json\/wp\/v2\/media?parent=778239"}],"wp:term":[{"taxonomy":"product_brand","embeddable":true,"href":"https:\/\/roveyayinevi.com.tr\/index.php\/wp-json\/wp\/v2\/product_brand?post=778239"},{"taxonomy":"product_cat","embeddable":true,"href":"https:\/\/roveyayinevi.com.tr\/index.php\/wp-json\/wp\/v2\/product_cat?post=778239"},{"taxonomy":"product_tag","embeddable":true,"href":"https:\/\/roveyayinevi.com.tr\/index.php\/wp-json\/wp\/v2\/product_tag?post=778239"}],"curies":[{"name":"wp","href":"https:\/\/api.w.org\/{rel}","templated":true}]}}