{"id":778238,"date":"2025-11-06T11:20:27","date_gmt":"2025-11-06T08:20:27","guid":{"rendered":"https:\/\/roveyayinevi.com.tr\/index.php\/urun\/bize-yon-veren-metinler-vi\/"},"modified":"2026-04-15T03:35:38","modified_gmt":"2026-04-15T00:35:38","slug":"bize-yon-veren-metinler-vi","status":"publish","type":"product","link":"https:\/\/roveyayinevi.com.tr\/index.php\/urun\/bize-yon-veren-metinler-vi\/","title":{"rendered":"Bize Y\u00f6n Veren Metinler VI"},"content":{"rendered":"<p>Amans\u0131z bir var olma m\u00fccadelesinden yaral\u0131 ama kararl\u0131 bir \u015fekilde \u00e7\u0131kmay\u0131 ba\u015faran Anadolu T\u00fcrkl\u00fc\u011f\u00fcn\u00fcn yeni bir medeniyet r\u00fcyas\u0131na uyan\u0131\u015f\u0131. Ge\u00e7mi\u015fin ac\u0131 tatl\u0131 hat\u0131ralar\u0131 ile gelece\u011fin uzak ve silik hayalleri aras\u0131nda yeni bir devlet, yeni bir toplum in\u015fa etmenin karma\u015f\u0131k ser\u00fcveni\u2026 Anayasa tarihi, kurucu yasalar, cumhurba\u015fkanlar\u0131, siyasi partiler, h\u00fck\u00fcmet programlar\u0131, darbeler, muht\u0131ralar; uluslararas\u0131 antla\u015fmalar; Kemalizm\/Atat\u00fcrk\u00e7\u00fcl\u00fck, liberalizm, muhafazak\u00e2rl\u0131k, \u0130slamc\u0131l\u0131k, milliyet\u00e7ilik, Anadoluculuk, sosyalizm, kad\u0131n hareketleri, ye\u015fil siyaset; e\u011fitim, ordu ve g\u00fcvenlik g\u00fc\u00e7leri, sivil toplum kurulu\u015flar\u0131\u2026   De\u011fi\u015fen uygarl\u0131k paradigmas\u0131n\u0131n sosyoekonomik ve sosyok\u00fclt\u00fcrel hayata y\u00f6n veren b\u00fct\u00fcn kurucu metinleri. Son y\u00fczy\u0131lda toplumu etkiledi\u011fi, y\u00f6nlendirdi\u011fi d\u00fc\u015f\u00fcn\u00fclen resm\u00ee-sivil t\u00fcm kurum ve kurulu\u015flar\u0131n manifestolar\u0131. T\u00fcrkiye\u2019nin varl\u0131\u011f\u0131n\u0131 ve gelece\u011fini mesele edinmi\u015f y\u00fczlerce ayd\u0131n\u0131n en \u00f6nemli fikir yadig\u00e2rlar\u0131\u2026   Bir r\u00fcya daha ger\u00e7ek oluyor!\u2013Alev Alatl\u0131 <\/p>\n","protected":false},"excerpt":{"rendered":"<p>Amans\u0131z bir var olma m\u00fccadelesinden yaral\u0131 ama kararl\u0131 bir \u015fekilde \u00e7\u0131kmay\u0131 ba\u015faran Anadolu T\u00fcrkl\u00fc\u011f\u00fcn\u00fcn yeni bir medeniyet r\u00fcyas\u0131na uyan\u0131\u015f\u0131. Ge\u00e7mi\u015fin ac\u0131 tatl\u0131 hat\u0131ralar\u0131 ile gelece\u011fin uzak<span class=\"excerpt-hellip\"> [\u2026]<\/span><\/p>\n","protected":false},"featured_media":0,"template":"","meta":{"_monsterinsights_skip_tracking":false,"_monsterinsights_sitenote_active":false,"_monsterinsights_sitenote_note":"","_monsterinsights_sitenote_category":0},"product_brand":[],"product_cat":[12337],"product_tag":[],"class_list":{"0":"post-778238","1":"product","2":"type-product","3":"status-publish","5":"product_cat-politika-siyaset","6":"pa_cilt-ciltsiz","7":"pa_tur-kitap","8":"pa_yayinevi-kapadokya-universitesi-yayinlari","9":"pa_yazar-alev-alatli","11":"first","12":"instock","13":"sale","14":"shipping-taxable","15":"purchasable","16":"product-type-simple"},"_links":{"self":[{"href":"https:\/\/roveyayinevi.com.tr\/index.php\/wp-json\/wp\/v2\/product\/778238","targetHints":{"allow":["GET"]}}],"collection":[{"href":"https:\/\/roveyayinevi.com.tr\/index.php\/wp-json\/wp\/v2\/product"}],"about":[{"href":"https:\/\/roveyayinevi.com.tr\/index.php\/wp-json\/wp\/v2\/types\/product"}],"wp:attachment":[{"href":"https:\/\/roveyayinevi.com.tr\/index.php\/wp-json\/wp\/v2\/media?parent=778238"}],"wp:term":[{"taxonomy":"product_brand","embeddable":true,"href":"https:\/\/roveyayinevi.com.tr\/index.php\/wp-json\/wp\/v2\/product_brand?post=778238"},{"taxonomy":"product_cat","embeddable":true,"href":"https:\/\/roveyayinevi.com.tr\/index.php\/wp-json\/wp\/v2\/product_cat?post=778238"},{"taxonomy":"product_tag","embeddable":true,"href":"https:\/\/roveyayinevi.com.tr\/index.php\/wp-json\/wp\/v2\/product_tag?post=778238"}],"curies":[{"name":"wp","href":"https:\/\/api.w.org\/{rel}","templated":true}]}}