{"id":778237,"date":"2025-11-06T11:20:26","date_gmt":"2025-11-06T08:20:26","guid":{"rendered":"https:\/\/roveyayinevi.com.tr\/index.php\/urun\/bize-yon-veren-metinler-ii\/"},"modified":"2026-04-15T03:35:38","modified_gmt":"2026-04-15T00:35:38","slug":"bize-yon-veren-metinler-ii","status":"publish","type":"product","link":"https:\/\/roveyayinevi.com.tr\/index.php\/urun\/bize-yon-veren-metinler-ii\/","title":{"rendered":"Bize Y\u00f6n Veren Metinler II"},"content":{"rendered":"<p>Malazgirt\u2019ten Mo\u011fol istilas\u0131na Sel\u00e7uklu kartal\u0131n\u0131n Anadolu g\u00f6klerindeki zorlu s\u00fcz\u00fcl\u00fc\u015f\u00fc. Yeni yurtlar\u0131n eski sakinleriyle bin y\u0131l s\u00fcrecek kom\u015fulu\u011fun ilk selamla\u015fmalar\u0131, T\u00fcrk\u00e7enin b\u00fcy\u00fck uygarl\u0131k dilleriyle giri\u015fti\u011fi diplomatik rekabet, yerle\u015fik hayat konforunun medeniyet \u00fcretimine d\u00f6n\u00fc\u015ferek t\u00fcm co\u011frafyay\u0131 s\u00fcsledi\u011fi alt\u0131n \u00e7a\u011flar\u2026   Uzak Asya\u2019dan gelip k\u0131tan\u0131n bat\u0131 ucunda tutunmaya \u00e7al\u0131\u015fan bir toplumun din ve devletle ili\u015fkileri, y\u00f6netim ve b\u00fcrokrasinin kurumsalla\u015fma \u00e7abalar\u0131, bilim ve teknikte sistemle\u015fme gayretleri, adil payla\u015f\u0131m\u0131n ve toplum d\u00fczeninin tesisi i\u00e7in benimsenen ahlaki ve iktisadi ilk ilkeler\u2026   Kozmoloji, ontoloji, felsefe, filoloji, astronomi, co\u011frafya, fizik, optik, mekanik, t\u0131p, psikoloji, tarih, sosyoloji, siyaset, edebiyat\u2026   Anadolu T\u00fcrk uygarl\u0131\u011f\u0131na h\u0131z ve ilham veren y\u00fczlerce eser, as\u0131rlar sonra g\u00fcn\u00fcm\u00fcz okuruyla bulu\u015fuyor\u2026   Bir r\u00fcya daha ger\u00e7ek oluyor! \u2013Alev Alatl\u0131 <\/p>\n","protected":false},"excerpt":{"rendered":"<p>Malazgirt\u2019ten Mo\u011fol istilas\u0131na Sel\u00e7uklu kartal\u0131n\u0131n Anadolu g\u00f6klerindeki zorlu s\u00fcz\u00fcl\u00fc\u015f\u00fc. Yeni yurtlar\u0131n eski sakinleriyle bin y\u0131l s\u00fcrecek kom\u015fulu\u011fun ilk selamla\u015fmalar\u0131, T\u00fcrk\u00e7enin b\u00fcy\u00fck uygarl\u0131k dilleriyle giri\u015fti\u011fi diplomatik rekabet,<span class=\"excerpt-hellip\"> [\u2026]<\/span><\/p>\n","protected":false},"featured_media":0,"template":"","meta":{"_monsterinsights_skip_tracking":false,"_monsterinsights_sitenote_active":false,"_monsterinsights_sitenote_note":"","_monsterinsights_sitenote_category":0},"product_brand":[],"product_cat":[12337],"product_tag":[],"class_list":{"0":"post-778237","1":"product","2":"type-product","3":"status-publish","5":"product_cat-politika-siyaset","6":"pa_cilt-ciltsiz","7":"pa_tur-kitap","8":"pa_yayinevi-kapadokya-universitesi-yayinlari","9":"pa_yazar-alev-alatli","11":"first","12":"instock","13":"sale","14":"shipping-taxable","15":"purchasable","16":"product-type-simple"},"_links":{"self":[{"href":"https:\/\/roveyayinevi.com.tr\/index.php\/wp-json\/wp\/v2\/product\/778237","targetHints":{"allow":["GET"]}}],"collection":[{"href":"https:\/\/roveyayinevi.com.tr\/index.php\/wp-json\/wp\/v2\/product"}],"about":[{"href":"https:\/\/roveyayinevi.com.tr\/index.php\/wp-json\/wp\/v2\/types\/product"}],"wp:attachment":[{"href":"https:\/\/roveyayinevi.com.tr\/index.php\/wp-json\/wp\/v2\/media?parent=778237"}],"wp:term":[{"taxonomy":"product_brand","embeddable":true,"href":"https:\/\/roveyayinevi.com.tr\/index.php\/wp-json\/wp\/v2\/product_brand?post=778237"},{"taxonomy":"product_cat","embeddable":true,"href":"https:\/\/roveyayinevi.com.tr\/index.php\/wp-json\/wp\/v2\/product_cat?post=778237"},{"taxonomy":"product_tag","embeddable":true,"href":"https:\/\/roveyayinevi.com.tr\/index.php\/wp-json\/wp\/v2\/product_tag?post=778237"}],"curies":[{"name":"wp","href":"https:\/\/api.w.org\/{rel}","templated":true}]}}