{"id":778236,"date":"2025-11-06T10:48:50","date_gmt":"2025-11-06T07:48:50","guid":{"rendered":"https:\/\/roveyayinevi.com.tr\/index.php\/urun\/ejderhanin-ebeveyn-gunlukleri-2\/"},"modified":"2026-04-15T03:30:25","modified_gmt":"2026-04-15T00:30:25","slug":"ejderhanin-ebeveyn-gunlukleri-2","status":"publish","type":"product","link":"https:\/\/roveyayinevi.com.tr\/index.php\/urun\/ejderhanin-ebeveyn-gunlukleri-2\/","title":{"rendered":"Ejderhan\u0131n Ebeveyn G\u00fcnl\u00fckleri 2"},"content":{"rendered":"<p>Olivia\u2019n\u0131n do\u011fum gu\u0308nu\u0308nu\u0308 kutlama vakti. Bu partiyle birlikte ba\u011flar daha da derinle\u015fiyor. Ancak gu\u0308nler ge\u00e7ip giderken Olivia ani bir karar veriyor! Irklar\u0131 da \u00f6mu\u0308rleri de farkl\u0131 olan ikilinin aile hik\u00e2yesi devam ediyor! <\/p>\n","protected":false},"excerpt":{"rendered":"<p>Olivia\u2019n\u0131n do\u011fum gu\u0308nu\u0308nu\u0308 kutlama vakti. Bu partiyle birlikte ba\u011flar daha da derinle\u015fiyor. Ancak gu\u0308nler ge\u00e7ip giderken Olivia ani bir karar veriyor! Irklar\u0131 da \u00f6mu\u0308rleri de farkl\u0131<span class=\"excerpt-hellip\"> [\u2026]<\/span><\/p>\n","protected":false},"featured_media":0,"template":"","meta":{"_monsterinsights_skip_tracking":false,"_monsterinsights_sitenote_active":false,"_monsterinsights_sitenote_note":"","_monsterinsights_sitenote_category":0},"product_brand":[],"product_cat":[12416,12291],"product_tag":[],"class_list":{"0":"post-778236","1":"product","2":"type-product","3":"status-publish","5":"product_cat-cizgi-roman","6":"product_cat-edebiyat","7":"pa_cilt-ciltsiz","8":"pa_tur-kitap","9":"pa_yayinevi-athica-yayinlari","10":"pa_yazar-ameko-kaeruda","12":"first","13":"instock","14":"sale","15":"shipping-taxable","16":"purchasable","17":"product-type-simple"},"_links":{"self":[{"href":"https:\/\/roveyayinevi.com.tr\/index.php\/wp-json\/wp\/v2\/product\/778236","targetHints":{"allow":["GET"]}}],"collection":[{"href":"https:\/\/roveyayinevi.com.tr\/index.php\/wp-json\/wp\/v2\/product"}],"about":[{"href":"https:\/\/roveyayinevi.com.tr\/index.php\/wp-json\/wp\/v2\/types\/product"}],"wp:attachment":[{"href":"https:\/\/roveyayinevi.com.tr\/index.php\/wp-json\/wp\/v2\/media?parent=778236"}],"wp:term":[{"taxonomy":"product_brand","embeddable":true,"href":"https:\/\/roveyayinevi.com.tr\/index.php\/wp-json\/wp\/v2\/product_brand?post=778236"},{"taxonomy":"product_cat","embeddable":true,"href":"https:\/\/roveyayinevi.com.tr\/index.php\/wp-json\/wp\/v2\/product_cat?post=778236"},{"taxonomy":"product_tag","embeddable":true,"href":"https:\/\/roveyayinevi.com.tr\/index.php\/wp-json\/wp\/v2\/product_tag?post=778236"}],"curies":[{"name":"wp","href":"https:\/\/api.w.org\/{rel}","templated":true}]}}