{"id":778235,"date":"2025-11-06T08:08:35","date_gmt":"2025-11-06T05:08:35","guid":{"rendered":"https:\/\/roveyayinevi.com.tr\/index.php\/urun\/herkese-dondurma\/"},"modified":"2026-04-16T02:53:48","modified_gmt":"2026-04-15T23:53:48","slug":"herkese-dondurma","status":"publish","type":"product","link":"https:\/\/roveyayinevi.com.tr\/index.php\/urun\/herkese-dondurma\/","title":{"rendered":"Herkese Dondurma"},"content":{"rendered":"<p>D\u00fcnyada sadece tek t\u00fcr dondurma, tek t\u00fcr oyuncak ve tek renk boya oldu\u011funu d\u00fc\u015f\u00fcn! Ne kadar s\u0131k\u0131c\u0131 olurdu, de\u011fil mi? Renkli ve e\u011flenceli bir macera! <\/p>\n","protected":false},"excerpt":{"rendered":"<p>D\u00fcnyada sadece tek t\u00fcr dondurma, tek t\u00fcr oyuncak ve tek renk boya oldu\u011funu d\u00fc\u015f\u00fcn! Ne kadar s\u0131k\u0131c\u0131 olurdu, de\u011fil mi? Renkli ve e\u011flenceli bir macera!<\/p>\n","protected":false},"featured_media":0,"template":"","meta":{"_monsterinsights_skip_tracking":false,"_monsterinsights_sitenote_active":false,"_monsterinsights_sitenote_note":"","_monsterinsights_sitenote_category":0},"product_brand":[],"product_cat":[12274,12518],"product_tag":[],"class_list":{"0":"post-778235","1":"product","2":"type-product","3":"status-publish","5":"product_cat-cocuk-ve-genclik-kitaplari","6":"product_cat-okul-oncesi-kitaplar","7":"pa_cilt-ciltsiz","8":"pa_tur-kitap","9":"pa_yayinevi-is-bankasi-kultur-yayinlari","10":"pa_yazar-everley-hart","12":"first","13":"instock","14":"sale","15":"shipping-taxable","16":"purchasable","17":"product-type-simple"},"_links":{"self":[{"href":"https:\/\/roveyayinevi.com.tr\/index.php\/wp-json\/wp\/v2\/product\/778235","targetHints":{"allow":["GET"]}}],"collection":[{"href":"https:\/\/roveyayinevi.com.tr\/index.php\/wp-json\/wp\/v2\/product"}],"about":[{"href":"https:\/\/roveyayinevi.com.tr\/index.php\/wp-json\/wp\/v2\/types\/product"}],"wp:attachment":[{"href":"https:\/\/roveyayinevi.com.tr\/index.php\/wp-json\/wp\/v2\/media?parent=778235"}],"wp:term":[{"taxonomy":"product_brand","embeddable":true,"href":"https:\/\/roveyayinevi.com.tr\/index.php\/wp-json\/wp\/v2\/product_brand?post=778235"},{"taxonomy":"product_cat","embeddable":true,"href":"https:\/\/roveyayinevi.com.tr\/index.php\/wp-json\/wp\/v2\/product_cat?post=778235"},{"taxonomy":"product_tag","embeddable":true,"href":"https:\/\/roveyayinevi.com.tr\/index.php\/wp-json\/wp\/v2\/product_tag?post=778235"}],"curies":[{"name":"wp","href":"https:\/\/api.w.org\/{rel}","templated":true}]}}