{"id":778232,"date":"2025-11-06T06:21:13","date_gmt":"2025-11-06T03:21:13","guid":{"rendered":"https:\/\/roveyayinevi.com.tr\/index.php\/urun\/babami-kim-oldurdu\/"},"modified":"2026-04-16T02:34:54","modified_gmt":"2026-04-15T23:34:54","slug":"babami-kim-oldurdu","status":"publish","type":"product","link":"https:\/\/roveyayinevi.com.tr\/index.php\/urun\/babami-kim-oldurdu\/","title":{"rendered":"Babam\u0131 Kim \u00d6ld\u00fcrd\u00fc"},"content":{"rendered":"<p>Birtak\u0131m i\u00e7 hesapla\u015fmalar i\u00e7indeki yazar uzun zaman sonra \u00e7ocuklu\u011funun ge\u00e7ti\u011fi, k\u00fc\u00e7\u00fck, \u00e7irkin bir Frans\u0131z kentinde ya\u015fayan babas\u0131n\u0131 ziyarete gider. Kar\u015f\u0131s\u0131nda buldu\u011fuysa, erkeklerin duygular\u0131n\u0131 bast\u0131rmas\u0131 ve sert olmas\u0131 gerekti\u011fini savunan, bug\u00fcn \u201ctoksik erkeklik\u201d denen k\u00fclt\u00fcr\u00fcn i\u00e7ine do\u011fmu\u015f, kendisine rol model olan bir\u00e7ok erkek gibi erkenden okulu b\u0131rak\u0131p i\u015f\u00e7ili\u011fi de\u011fi\u015fmez bir kader gibi s\u0131rtlanarak fabrikalarda \u00e7al\u0131\u015f\u0131p ellisinde yata\u011fa mahk\u00fbm olmu\u015f, zavall\u0131 bir adamd\u0131r. Fransa\u2019n\u0131n en etkili yazarlar\u0131ndan biri kabul edilen \u00c9douard Louis bu k\u0131sa ve \u00e7arp\u0131c\u0131 metinde mevcut d\u00fczenin grotesk ger\u00e7ekli\u011fini vurgularken, milyonlarca insan\u0131n hayat\u0131n\u0131 etkileyip y\u00f6neten siyaset denen \u015feyin, siyaset\u00e7iler i\u00e7in asl\u0131nda bir salon oyunundan ba\u015fka bir \u015fey olmad\u0131\u011f\u0131n\u0131 anlat\u0131yor. \u201cLouis\u2019nin bir yazar olarak en g\u00fc\u00e7l\u00fc yan\u0131, olgular\u0131 kimi zaman tak\u0131nt\u0131 noktas\u0131na varacak kadar tutkulu bir \u015fekilde hissetmesi ve hislerini n\u00f6trlemek yerine onlar\u0131 ara\u015ft\u0131rmaya a\u00e7\u0131k, felsefi bir zihinle analiz etmesidir.\u201d      <\/p>\n","protected":false},"excerpt":{"rendered":"<p>Birtak\u0131m i\u00e7 hesapla\u015fmalar i\u00e7indeki yazar uzun zaman sonra \u00e7ocuklu\u011funun ge\u00e7ti\u011fi, k\u00fc\u00e7\u00fck, \u00e7irkin bir Frans\u0131z kentinde ya\u015fayan babas\u0131n\u0131 ziyarete gider. Kar\u015f\u0131s\u0131nda buldu\u011fuysa, erkeklerin duygular\u0131n\u0131 bast\u0131rmas\u0131 ve sert<span class=\"excerpt-hellip\"> [\u2026]<\/span><\/p>\n","protected":false},"featured_media":0,"template":"","meta":{"_monsterinsights_skip_tracking":false,"_monsterinsights_sitenote_active":false,"_monsterinsights_sitenote_note":"","_monsterinsights_sitenote_category":0},"product_brand":[],"product_cat":[12291,12711],"product_tag":[],"class_list":{"0":"post-778232","1":"product","2":"type-product","3":"status-publish","5":"product_cat-edebiyat","6":"product_cat-roman-oyku","7":"pa_cilt-ciltsiz","8":"pa_tur-kitap","9":"pa_yayinevi-can-yayinlari","10":"pa_yazar-edouard-louis","12":"first","13":"instock","14":"sale","15":"shipping-taxable","16":"purchasable","17":"product-type-simple"},"_links":{"self":[{"href":"https:\/\/roveyayinevi.com.tr\/index.php\/wp-json\/wp\/v2\/product\/778232","targetHints":{"allow":["GET"]}}],"collection":[{"href":"https:\/\/roveyayinevi.com.tr\/index.php\/wp-json\/wp\/v2\/product"}],"about":[{"href":"https:\/\/roveyayinevi.com.tr\/index.php\/wp-json\/wp\/v2\/types\/product"}],"wp:attachment":[{"href":"https:\/\/roveyayinevi.com.tr\/index.php\/wp-json\/wp\/v2\/media?parent=778232"}],"wp:term":[{"taxonomy":"product_brand","embeddable":true,"href":"https:\/\/roveyayinevi.com.tr\/index.php\/wp-json\/wp\/v2\/product_brand?post=778232"},{"taxonomy":"product_cat","embeddable":true,"href":"https:\/\/roveyayinevi.com.tr\/index.php\/wp-json\/wp\/v2\/product_cat?post=778232"},{"taxonomy":"product_tag","embeddable":true,"href":"https:\/\/roveyayinevi.com.tr\/index.php\/wp-json\/wp\/v2\/product_tag?post=778232"}],"curies":[{"name":"wp","href":"https:\/\/api.w.org\/{rel}","templated":true}]}}