{"id":778231,"date":"2025-11-06T06:15:38","date_gmt":"2025-11-06T03:15:38","guid":{"rendered":"https:\/\/roveyayinevi.com.tr\/index.php\/urun\/afrika-tarihi\/"},"modified":"2026-04-16T02:34:05","modified_gmt":"2026-04-15T23:34:05","slug":"afrika-tarihi","status":"publish","type":"product","link":"https:\/\/roveyayinevi.com.tr\/index.php\/urun\/afrika-tarihi\/","title":{"rendered":"Afrika Tarihi"},"content":{"rendered":"<p>Afrika k\u0131tas\u0131, d\u00fcnyadaki herhangi bir k\u0131taya g\u00f6re insanl\u0131k tarihinin daha uzun bir b\u00f6l\u00fcm\u00fcne sahiptir. \u0130ngiliz do\u011fa bilimci Charles Darwin, ilk kez evrim teorisini (T\u00fcrlerin K\u00f6keni, 1859; \u0130nsan\u0131n \u0130ni\u015fi, 1871) ileri s\u00fcrd\u00fc\u011f\u00fcnde, insanl\u0131\u011f\u0131n do\u011fum yerinin muhtemelen Afrika oldu\u011funu iddia etti ve son yetmi\u015f be\u015f y\u0131l i\u00e7erisinde yap\u0131lan bilimsel ara\u015ft\u0131rmalar bu varsay\u0131m\u0131n do\u011fru oldu\u011funu g\u00f6sterdi.\u0130nsano\u011flunun ilk evriminden ba\u015flayarak bu kitap, Afrika tarihinin, Ta\u015f Devrine ait binlerce y\u0131ldaki y\u00fckseli\u015fine, Antik ve Orta \u00c7a\u011f d\u00fcnyas\u0131ndaki Afrika devletlerinin ve toplumlar\u0131n\u0131n gerilemesine tan\u0131kl\u0131k etmektedir. Daha yak\u0131n y\u00fczy\u0131llarda Avrupa m\u00fcdahalesinin artmas\u0131 nedeniyle, Afrika\u2019daki yerel bak\u0131\u015f a\u00e7\u0131lar\u0131, geli\u015fmeler ve giri\u015fimler \u00fczerine daha fazla odaklan\u0131lm\u0131\u015ft\u0131r.Afrika Tarihi, bu bask\u0131s\u0131nda, \u00f6zel olarak \u00e7izilmi\u015f 100 haritay\u0131 ve yakla\u015f\u0131k 200 resmi i\u00e7erir. Afrika k\u0131tas\u0131n\u0131n tarihine geni\u015f bir perspektiften yakla\u015farak bir\u00e7ok konuyu ele al\u0131r. Metnin belirli b\u00f6l\u00fcmlerini tamamlamak i\u00e7in ek tarihsel ara\u015ft\u0131rmalar ve ele\u015ftirel tart\u0131\u015fmalar sunan orijinal dilinde bir web sitesi sunar.<\/p>\n","protected":false},"excerpt":{"rendered":"<p>Afrika k\u0131tas\u0131, d\u00fcnyadaki herhangi bir k\u0131taya g\u00f6re insanl\u0131k tarihinin daha uzun bir b\u00f6l\u00fcm\u00fcne sahiptir. \u0130ngiliz do\u011fa bilimci Charles Darwin, ilk kez evrim teorisini (T\u00fcrlerin K\u00f6keni, 1859;<span class=\"excerpt-hellip\"> [\u2026]<\/span><\/p>\n","protected":false},"featured_media":0,"template":"","meta":{"_monsterinsights_skip_tracking":false,"_monsterinsights_sitenote_active":false,"_monsterinsights_sitenote_note":"","_monsterinsights_sitenote_category":0},"product_brand":[],"product_cat":[12304],"product_tag":[],"class_list":{"0":"post-778231","1":"product","2":"type-product","3":"status-publish","5":"product_cat-tarih","6":"pa_cilt-ciltsiz","7":"pa_tur-kitap","8":"pa_yayinevi-inkilap-kitabevi","9":"pa_yazar-kevin-shillington","11":"first","12":"instock","13":"sale","14":"shipping-taxable","15":"purchasable","16":"product-type-simple"},"_links":{"self":[{"href":"https:\/\/roveyayinevi.com.tr\/index.php\/wp-json\/wp\/v2\/product\/778231","targetHints":{"allow":["GET"]}}],"collection":[{"href":"https:\/\/roveyayinevi.com.tr\/index.php\/wp-json\/wp\/v2\/product"}],"about":[{"href":"https:\/\/roveyayinevi.com.tr\/index.php\/wp-json\/wp\/v2\/types\/product"}],"wp:attachment":[{"href":"https:\/\/roveyayinevi.com.tr\/index.php\/wp-json\/wp\/v2\/media?parent=778231"}],"wp:term":[{"taxonomy":"product_brand","embeddable":true,"href":"https:\/\/roveyayinevi.com.tr\/index.php\/wp-json\/wp\/v2\/product_brand?post=778231"},{"taxonomy":"product_cat","embeddable":true,"href":"https:\/\/roveyayinevi.com.tr\/index.php\/wp-json\/wp\/v2\/product_cat?post=778231"},{"taxonomy":"product_tag","embeddable":true,"href":"https:\/\/roveyayinevi.com.tr\/index.php\/wp-json\/wp\/v2\/product_tag?post=778231"}],"curies":[{"name":"wp","href":"https:\/\/api.w.org\/{rel}","templated":true}]}}