{"id":778230,"date":"2025-11-06T06:09:20","date_gmt":"2025-11-06T03:09:20","guid":{"rendered":"https:\/\/roveyayinevi.com.tr\/index.php\/urun\/hadleyburgu-yozlastiran-adam\/"},"modified":"2026-04-16T02:33:31","modified_gmt":"2026-04-15T23:33:31","slug":"hadleyburgu-yozlastiran-adam","status":"publish","type":"product","link":"https:\/\/roveyayinevi.com.tr\/index.php\/urun\/hadleyburgu-yozlastiran-adam\/","title":{"rendered":"Hadleyburg&#8217;\u00fc Yozla\u015ft\u0131ran Adam"},"content":{"rendered":"<p>Hadleyburg\u2019\u00fc Yozla\u015ft\u0131ran Adam, William Faulkner\u2019\u0131n Amerikan edebiyat\u0131n\u0131n kurucusu olarak niteledi\u011fi daha \u00e7ok romanlar\u0131yla tan\u0131nan ger\u00e7ek\u00e7i yazar Mark Twain\u2019in mizah\u00e7\u0131 yan\u0131n\u0131n \u00f6ne \u00e7\u0131kt\u0131\u011f\u0131 k\u0131sa bir \u00f6yk\u00fcs\u00fc.Sars\u0131lmaz d\u00fcr\u00fcstl\u00fc\u011f\u00fcyle \u00f6v\u00fcnen Hadleyburg kasabas\u0131 halk\u0131n\u0131n bir yabanc\u0131y\u0131 fark\u0131nda olmaks\u0131z\u0131n rencide etmesi, b\u00fcy\u00fck bir intikam hik\u00e2yesine d\u00f6n\u00fc\u015f\u00fcr. \u00dclkenin en d\u00fcr\u00fcst kasabas\u0131 olarak tan\u0131nan Hadleyburg\u2019\u00fcn nam\u0131n\u0131 karalamak isteyen bu \u00f6fkeli yabanc\u0131, yozla\u015ft\u0131r\u0131lamaz olmas\u0131yla \u00f6v\u00fcnen halk\u0131 kendi ger\u00e7e\u011fiyle y\u00fczle\u015ftirmek \u00fczere m\u00fcthi\u015f bir plan haz\u0131rlar. \u0130nsanl\u0131\u011f\u0131n a\u00e7g\u00f6zl\u00fcl\u00fck, k\u0131skan\u00e7l\u0131k, intikam gibi en olumsuz niteliklerini hicvederek irdeleyen Twain bu \u00f6yk\u00fcs\u00fcyle ikiy\u00fczl\u00fc toplumsal ahlak anlay\u0131\u015f\u0131na da en a\u011f\u0131r ele\u015ftirilerden birini y\u00f6neltir.<\/p>\n","protected":false},"excerpt":{"rendered":"<p>Hadleyburg\u2019\u00fc Yozla\u015ft\u0131ran Adam, William Faulkner\u2019\u0131n Amerikan edebiyat\u0131n\u0131n kurucusu olarak niteledi\u011fi daha \u00e7ok romanlar\u0131yla tan\u0131nan ger\u00e7ek\u00e7i yazar Mark Twain\u2019in mizah\u00e7\u0131 yan\u0131n\u0131n \u00f6ne \u00e7\u0131kt\u0131\u011f\u0131 k\u0131sa bir \u00f6yk\u00fcs\u00fc.Sars\u0131lmaz d\u00fcr\u00fcstl\u00fc\u011f\u00fcyle<span class=\"excerpt-hellip\"> [\u2026]<\/span><\/p>\n","protected":false},"featured_media":0,"template":"","meta":{"_monsterinsights_skip_tracking":false,"_monsterinsights_sitenote_active":false,"_monsterinsights_sitenote_note":"","_monsterinsights_sitenote_category":0},"product_brand":[],"product_cat":[12291,12711],"product_tag":[],"class_list":{"0":"post-778230","1":"product","2":"type-product","3":"status-publish","5":"product_cat-edebiyat","6":"product_cat-roman-oyku","7":"pa_cilt-ciltsiz","8":"pa_tur-kitap","9":"pa_yayinevi-can-yayinlari","10":"pa_yazar-mark-twain","12":"first","13":"instock","14":"sale","15":"shipping-taxable","16":"purchasable","17":"product-type-simple"},"_links":{"self":[{"href":"https:\/\/roveyayinevi.com.tr\/index.php\/wp-json\/wp\/v2\/product\/778230","targetHints":{"allow":["GET"]}}],"collection":[{"href":"https:\/\/roveyayinevi.com.tr\/index.php\/wp-json\/wp\/v2\/product"}],"about":[{"href":"https:\/\/roveyayinevi.com.tr\/index.php\/wp-json\/wp\/v2\/types\/product"}],"wp:attachment":[{"href":"https:\/\/roveyayinevi.com.tr\/index.php\/wp-json\/wp\/v2\/media?parent=778230"}],"wp:term":[{"taxonomy":"product_brand","embeddable":true,"href":"https:\/\/roveyayinevi.com.tr\/index.php\/wp-json\/wp\/v2\/product_brand?post=778230"},{"taxonomy":"product_cat","embeddable":true,"href":"https:\/\/roveyayinevi.com.tr\/index.php\/wp-json\/wp\/v2\/product_cat?post=778230"},{"taxonomy":"product_tag","embeddable":true,"href":"https:\/\/roveyayinevi.com.tr\/index.php\/wp-json\/wp\/v2\/product_tag?post=778230"}],"curies":[{"name":"wp","href":"https:\/\/api.w.org\/{rel}","templated":true}]}}