{"id":778227,"date":"2025-11-06T04:57:20","date_gmt":"2025-11-06T01:57:20","guid":{"rendered":"https:\/\/roveyayinevi.com.tr\/index.php\/urun\/havvanin-cezasi\/"},"modified":"2026-03-12T02:31:53","modified_gmt":"2026-03-11T23:31:53","slug":"havvanin-cezasi","status":"publish","type":"product","link":"https:\/\/roveyayinevi.com.tr\/index.php\/urun\/havvanin-cezasi\/","title":{"rendered":"Havva\u2019n\u0131n Cezas\u0131"},"content":{"rendered":"<p>K\u0131z ve erkek \u00e7ocuklar\u0131na, kad\u0131nlara \u201cgelenek\u201d ve \u201cdin\u201d kisvesi alt\u0131nda \u015fiddeti, tecav\u00fcz\u00fc, ensesti reva g\u00f6ren, onlar\u0131n kimli\u011fini yok eden, bedenlerini ve ruhlar\u0131n\u0131 \u00f6rseleyip onlari diri diri mezara g\u00f6men, ekmek tekneleri olan tabiat\u0131 hunharca katleden erkekler&#8230;Bu ac\u0131nas\u0131, sefil hayat\u0131n masumlar\u0131ndan sadece biri HAVVA. Hen\u00fcz on iki ya\u015f\u0131nda. Kendisi gibi k\u00f6t\u00fc kaderi olan b\u00fct\u00fcn di\u011fer k\u0131zlar\u0131, o\u011flanlar\u0131, kad\u0131nlar\u0131 temsil ediyor. Ama hepsinden bir fark\u0131 var. O, yaln\u0131zca kendisinin  bedensel ve ruhsal ac\u0131lar\u0131n\u0131 de\u011fil, di\u011ferlerinin \u0131st\u0131rab\u0131n\u0131 da  hissediyor.  \u00d6zel bir g\u00fcc\u00fc, k\u00f6t\u00fcl\u00fckleri, ya\u015fanacaklar\u0131 \u00f6nceden g\u00f6rme yetisi var.K\u00fc\u00e7\u00fcc\u00fck ya\u015f\u0131nda mahk\u00fbm edildi\u011fi hayat\u0131n bedeninde ve ruhunda yaratt\u0131\u011f\u0131 tahribat, zamanla bu sezilerini farkl\u0131 bir boyuta ta\u015f\u0131yor HAVVA\u2019n\u0131n. \u015eefkatine s\u0131\u011f\u0131nd\u0131\u011f\u0131 Allah\u2019\u0131n, cehennemi yery\u00fcz\u00fcne indirip k\u00f6t\u00fcleri ate\u015fle cezaland\u0131raca\u011f\u0131n\u0131 g\u00f6r\u00fcyor k\u00e2h r\u00fcyalar\u0131nda, k\u00e2h sanr\u0131 olarak. Bunun ger\u00e7ekle\u015fece\u011fine inanmak, ona umut ve dayanma g\u00fcc\u00fc veriyor. K\u00f6t\u00fcler i\u00e7in yery\u00fcz\u00fc cehenneminin ad\u0131m ad\u0131m yakla\u015ft\u0131\u011f\u0131n\u0131 hissederek bekliyor; kendisi kurban olacak dahi olsa..<\/p>\n","protected":false},"excerpt":{"rendered":"<p>K\u0131z ve erkek \u00e7ocuklar\u0131na, kad\u0131nlara \u201cgelenek\u201d ve \u201cdin\u201d kisvesi alt\u0131nda \u015fiddeti, tecav\u00fcz\u00fc, ensesti reva g\u00f6ren, onlar\u0131n kimli\u011fini yok eden, bedenlerini ve ruhlar\u0131n\u0131 \u00f6rseleyip onlari diri diri<span class=\"excerpt-hellip\"> [\u2026]<\/span><\/p>\n","protected":false},"featured_media":0,"template":"","meta":{"_monsterinsights_skip_tracking":false,"_monsterinsights_sitenote_active":false,"_monsterinsights_sitenote_note":"","_monsterinsights_sitenote_category":0},"product_brand":[],"product_cat":[12291,12711],"product_tag":[],"class_list":{"0":"post-778227","1":"product","2":"type-product","3":"status-publish","5":"product_cat-edebiyat","6":"product_cat-roman-oyku","7":"pa_cilt-ciltsiz","8":"pa_tur-kitap","9":"pa_yayinevi-dogan-kitap","10":"pa_yazar-nermin-bezmen","12":"first","13":"instock","14":"sale","15":"shipping-taxable","16":"purchasable","17":"product-type-simple"},"_links":{"self":[{"href":"https:\/\/roveyayinevi.com.tr\/index.php\/wp-json\/wp\/v2\/product\/778227","targetHints":{"allow":["GET"]}}],"collection":[{"href":"https:\/\/roveyayinevi.com.tr\/index.php\/wp-json\/wp\/v2\/product"}],"about":[{"href":"https:\/\/roveyayinevi.com.tr\/index.php\/wp-json\/wp\/v2\/types\/product"}],"wp:attachment":[{"href":"https:\/\/roveyayinevi.com.tr\/index.php\/wp-json\/wp\/v2\/media?parent=778227"}],"wp:term":[{"taxonomy":"product_brand","embeddable":true,"href":"https:\/\/roveyayinevi.com.tr\/index.php\/wp-json\/wp\/v2\/product_brand?post=778227"},{"taxonomy":"product_cat","embeddable":true,"href":"https:\/\/roveyayinevi.com.tr\/index.php\/wp-json\/wp\/v2\/product_cat?post=778227"},{"taxonomy":"product_tag","embeddable":true,"href":"https:\/\/roveyayinevi.com.tr\/index.php\/wp-json\/wp\/v2\/product_tag?post=778227"}],"curies":[{"name":"wp","href":"https:\/\/api.w.org\/{rel}","templated":true}]}}