{"id":778226,"date":"2025-11-06T04:40:07","date_gmt":"2025-11-06T01:40:07","guid":{"rendered":"https:\/\/roveyayinevi.com.tr\/index.php\/urun\/yaslanmayan-zihin-bir-psikiyatristin-gizli-defteri-yazarlarindan\/"},"modified":"2026-04-16T02:21:39","modified_gmt":"2026-04-15T23:21:39","slug":"yaslanmayan-zihin-bir-psikiyatristin-gizli-defteri-yazarlarindan","status":"publish","type":"product","link":"https:\/\/roveyayinevi.com.tr\/index.php\/urun\/yaslanmayan-zihin-bir-psikiyatristin-gizli-defteri-yazarlarindan\/","title":{"rendered":"Ya\u015flanmayan Zihin Bir Psikiyatristin Gizli Defteri Yazarlar\u0131ndan"},"content":{"rendered":"<p>2 haftada daha gen\u00e7 bir beyin \u0130nsan davran\u0131\u015flar\u0131n\u0131n efsane ikilisi Dr. Gary Small ve GigiVorgan, haf\u0131zam\u0131z\u0131 canl\u0131 tutman\u0131n yollar\u0131n\u0131 anlatt\u0131klar\u0131 yeni kitaplar\u0131 Ya\u015flanmayan Zihin\u2019le yine kar\u015f\u0131m\u0131zdalar. Bir Psikiyatristin Gizli Defteri kitab\u0131n\u0131n yazarlar\u0131 t\u0131ptaki son geli\u015fmeleri i\u015flevsel stratejilere ve egzersizlere d\u00f6n\u00fc\u015ft\u00fcr\u00fcp bize \u201cya\u015flanmayan bir zihin\u201d i\u00e7in uzun soluklu y\u00f6ntemler sunmakta. Dr. Small hastalar\u0131n\u0131n zihinsel aktivitelerini ve haf\u0131zalar\u0131n\u0131 geli\u015ftirip g\u00fc\u00e7lendirirken edindi\u011fi 30 y\u0131ll\u0131k deneyimiyle, g\u00fcnl\u00fck al\u0131\u015fkanl\u0131klar\u0131m\u0131z\u0131n beyin sa\u011fl\u0131\u011f\u0131yla ba\u011flant\u0131l\u0131 oldu\u011funu ke\u015ffetmi\u015f. Elinizdeki kitap beyin ya\u015flanmas\u0131n\u0131 durdurmak, hatta tersine \u00e7evirecek gerekli yeni al\u0131\u015fkanl\u0131klar\u0131 kazanman\u0131z i\u00e7in sadece iki haftan\u0131n yeterli oldu\u011funu ortaya koyuyor. 2 Haftada Daha Gen\u00e7 Bir Beyin program\u0131 g\u00f6zle g\u00f6r\u00fcl\u00fcr, net sonu\u00e7lar elde etmeyi, b\u00f6yle k\u0131sa bir s\u00fcre i\u00e7inde beyninizi hayat\u0131n\u0131z\u0131n geri kalan k\u0131sm\u0131nda gen\u00e7 tutacak s\u0131rlar\u0131 \u00f6\u011fretmeyi vaat ediyor\u2026 <\/p>\n","protected":false},"excerpt":{"rendered":"<p>2 haftada daha gen\u00e7 bir beyin \u0130nsan davran\u0131\u015flar\u0131n\u0131n efsane ikilisi Dr. Gary Small ve GigiVorgan, haf\u0131zam\u0131z\u0131 canl\u0131 tutman\u0131n yollar\u0131n\u0131 anlatt\u0131klar\u0131 yeni kitaplar\u0131 Ya\u015flanmayan Zihin\u2019le yine kar\u015f\u0131m\u0131zdalar.<span class=\"excerpt-hellip\"> [\u2026]<\/span><\/p>\n","protected":false},"featured_media":0,"template":"","meta":{"_monsterinsights_skip_tracking":false,"_monsterinsights_sitenote_active":false,"_monsterinsights_sitenote_note":"","_monsterinsights_sitenote_category":0},"product_brand":[],"product_cat":[16965,13365],"product_tag":[],"class_list":{"0":"post-778226","1":"product","2":"type-product","3":"status-publish","5":"product_cat-genel-saglik-kitaplari","6":"product_cat-saglik","7":"pa_cilt-ciltsiz","8":"pa_tur-kitap","9":"pa_yayinevi-dogan-kitap","10":"pa_yazar-gary-small-gigi-vorgan","12":"first","13":"instock","14":"sale","15":"shipping-taxable","16":"purchasable","17":"product-type-simple"},"_links":{"self":[{"href":"https:\/\/roveyayinevi.com.tr\/index.php\/wp-json\/wp\/v2\/product\/778226","targetHints":{"allow":["GET"]}}],"collection":[{"href":"https:\/\/roveyayinevi.com.tr\/index.php\/wp-json\/wp\/v2\/product"}],"about":[{"href":"https:\/\/roveyayinevi.com.tr\/index.php\/wp-json\/wp\/v2\/types\/product"}],"wp:attachment":[{"href":"https:\/\/roveyayinevi.com.tr\/index.php\/wp-json\/wp\/v2\/media?parent=778226"}],"wp:term":[{"taxonomy":"product_brand","embeddable":true,"href":"https:\/\/roveyayinevi.com.tr\/index.php\/wp-json\/wp\/v2\/product_brand?post=778226"},{"taxonomy":"product_cat","embeddable":true,"href":"https:\/\/roveyayinevi.com.tr\/index.php\/wp-json\/wp\/v2\/product_cat?post=778226"},{"taxonomy":"product_tag","embeddable":true,"href":"https:\/\/roveyayinevi.com.tr\/index.php\/wp-json\/wp\/v2\/product_tag?post=778226"}],"curies":[{"name":"wp","href":"https:\/\/api.w.org\/{rel}","templated":true}]}}