{"id":778225,"date":"2025-11-06T04:15:01","date_gmt":"2025-11-06T01:15:01","guid":{"rendered":"https:\/\/roveyayinevi.com.tr\/index.php\/urun\/kahramanlik-akademim-1-cilt\/"},"modified":"2025-12-30T10:06:30","modified_gmt":"2025-12-30T07:06:30","slug":"kahramanlik-akademim-1-cilt","status":"publish","type":"product","link":"https:\/\/roveyayinevi.com.tr\/index.php\/urun\/kahramanlik-akademim-1-cilt\/","title":{"rendered":"Kahramanl\u0131k Akademim 1. Cilt"},"content":{"rendered":"<p>\u0130nsanlar\u0131n \u00e7o\u011fu &#8216;\u00d6zg\u00fcnl\u00fck&#8217; denilen g\u00fc\u00e7lere sahip. Ama herkes bu g\u00fc\u00e7lerini adalet i\u00e7in kullanm\u0131yor! \u0130\u015fte bu k\u00f6t\u00fcl\u00fcklerden d\u00fcnyay\u0131 korumak i\u00e7in biz kahramanlar buraday\u0131z! Ne? Ben kim miyim? Ha-ha-ha-ha-ha! Haydi ba\u015flayal\u0131m ufakl\u0131k! Hayalinin yakas\u0131n\u0131 s\u0131ms\u0131k\u0131 tut ve b\u0131rakma! Plus Ultra \ufffcTan\u0131t\u0131m Metni<\/p>\n","protected":false},"excerpt":{"rendered":"<p>\u0130nsanlar\u0131n \u00e7o\u011fu &#8216;\u00d6zg\u00fcnl\u00fck&#8217; denilen g\u00fc\u00e7lere sahip. Ama herkes bu g\u00fc\u00e7lerini adalet i\u00e7in kullanm\u0131yor! \u0130\u015fte bu k\u00f6t\u00fcl\u00fcklerden d\u00fcnyay\u0131 korumak i\u00e7in biz kahramanlar buraday\u0131z! Ne? Ben kim miyim?<span class=\"excerpt-hellip\"> [\u2026]<\/span><\/p>\n","protected":false},"featured_media":0,"template":"","meta":{"_monsterinsights_skip_tracking":false,"_monsterinsights_sitenote_active":false,"_monsterinsights_sitenote_note":"","_monsterinsights_sitenote_category":0},"product_brand":[],"product_cat":[12573,12566],"product_tag":[],"class_list":{"0":"post-778225","1":"product","2":"type-product","3":"status-publish","5":"product_cat-akademik-kitaplar","6":"product_cat-egitim","7":"pa_cilt-ciltsiz","8":"pa_tur-kitap","9":"pa_yayinevi-gerekli-seyler-yayincilik","10":"pa_yazar-kohei-horikosi","12":"first","13":"instock","14":"sale","15":"shipping-taxable","16":"purchasable","17":"product-type-simple"},"_links":{"self":[{"href":"https:\/\/roveyayinevi.com.tr\/index.php\/wp-json\/wp\/v2\/product\/778225","targetHints":{"allow":["GET"]}}],"collection":[{"href":"https:\/\/roveyayinevi.com.tr\/index.php\/wp-json\/wp\/v2\/product"}],"about":[{"href":"https:\/\/roveyayinevi.com.tr\/index.php\/wp-json\/wp\/v2\/types\/product"}],"wp:attachment":[{"href":"https:\/\/roveyayinevi.com.tr\/index.php\/wp-json\/wp\/v2\/media?parent=778225"}],"wp:term":[{"taxonomy":"product_brand","embeddable":true,"href":"https:\/\/roveyayinevi.com.tr\/index.php\/wp-json\/wp\/v2\/product_brand?post=778225"},{"taxonomy":"product_cat","embeddable":true,"href":"https:\/\/roveyayinevi.com.tr\/index.php\/wp-json\/wp\/v2\/product_cat?post=778225"},{"taxonomy":"product_tag","embeddable":true,"href":"https:\/\/roveyayinevi.com.tr\/index.php\/wp-json\/wp\/v2\/product_tag?post=778225"}],"curies":[{"name":"wp","href":"https:\/\/api.w.org\/{rel}","templated":true}]}}