{"id":778223,"date":"2025-11-06T03:49:09","date_gmt":"2025-11-06T00:49:09","guid":{"rendered":"https:\/\/roveyayinevi.com.tr\/index.php\/urun\/temel-parcaciklar-ve-fizik-yasalari\/"},"modified":"2026-04-16T02:14:23","modified_gmt":"2026-04-15T23:14:23","slug":"temel-parcaciklar-ve-fizik-yasalari","status":"publish","type":"product","link":"https:\/\/roveyayinevi.com.tr\/index.php\/urun\/temel-parcaciklar-ve-fizik-yasalari\/","title":{"rendered":"Temel Par\u00e7ac\u0131klar ve Fizik Yasalar\u0131"},"content":{"rendered":"<p>Yirminci y\u00fczy\u0131lda en \u00f6nemli iki kavramsal ilerleme, ku\u015fkusuz g\u00f6relilik ve kuantum mekani\u011fidir. Bu ikisini tek par\u00e7a halinde birle\u015ftiren bir kuram geli\u015ftirme u\u011fra\u015f\u0131, zor ve halen s\u00fcregelen bir meydan okumad\u0131r. Elinizdeki bu kitapta, Richard Feynman ve Steven Weinberg gibi se\u00e7kin iki kuramsal fizik\u00e7i, bu teman\u0131n merak uyand\u0131r\u0131c\u0131 yanlar\u0131n\u0131 incelemektedir.      Kuantum Elektrodinami\u011finin kurucular\u0131ndan Paul Adrien Maurice Dirac\u2019\u0131n an\u0131s\u0131na d\u00fczenlenen bu konferansta, Richard Feynman kar\u015f\u0131-par\u00e7ac\u0131klar\u0131n do\u011fas\u0131n\u0131, \u00f6zellikle kuantum mekaniksel spin ile istatistik aras\u0131ndaki ili\u015fkiyi anlatmaktad\u0131r. Steven Weinberg ise bu anma konu\u015fmas\u0131nda, Einstein\u2019\u0131n k\u00fctle\u00e7ekim kuram\u0131n\u0131n fizi\u011fin en son yasalar\u0131yla nas\u0131l uzla\u015ft\u0131r\u0131labilece\u011fi hakk\u0131ndaki son d\u00fc\u015f\u00fcnceleri tart\u0131\u015fmaktad\u0131r.             Nobel sahibi bu iki kuramsal fizik\u00e7i, teml fizik ara\u015ft\u0131rmalar\u0131na muazzam katk\u0131larda bulunmu\u015flard\u0131r; ayr\u0131ca bilimin halka ula\u015ft\u0131r\u0131lmas\u0131na yapt\u0131klar\u0131 hizmetler de yads\u0131namaz. \u00c7a\u011fda\u015f fizi\u011fin geli\u015fmesiyle ilgilenen herkes i\u00e7in, b\u00fcy\u00fcleyici bir kitap olacakt\u0131r bu.  \u201c\u2026b\u00fct\u00fcn fizik okurlar\u0131n\u0131n k\u00fct\u00fcphanelerinde g\u00f6rmek isteyecekleri bir kitap.\u201d\u2013 New Scientist \u201cKitab\u0131n yazarlar\u0131 olan Nobel \u00f6d\u00fcll\u00fc fizik\u00e7iler, hem temel bilimlere hem de bilimin pop\u00fclerler\u015femesine b\u00fcy\u00fck katk\u0131lar yapm\u0131\u015flard\u0131r. Modern fizikle ilgilenen herkesin okumas\u0131 gereken bir kitap.\u201d\u2013Reader\u2019s Warehouse \u201cBu kitab\u0131n i\u00e7eri\u011fi on y\u0131llarca taze kalacak.\u201d\u2013International Journal of High-Energy Physics<\/p>\n","protected":false},"excerpt":{"rendered":"<p>Yirminci y\u00fczy\u0131lda en \u00f6nemli iki kavramsal ilerleme, ku\u015fkusuz g\u00f6relilik ve kuantum mekani\u011fidir. Bu ikisini tek par\u00e7a halinde birle\u015ftiren bir kuram geli\u015ftirme u\u011fra\u015f\u0131, zor ve halen s\u00fcregelen<span class=\"excerpt-hellip\"> [\u2026]<\/span><\/p>\n","protected":false},"featured_media":0,"template":"","meta":{"_monsterinsights_skip_tracking":false,"_monsterinsights_sitenote_active":false,"_monsterinsights_sitenote_note":"","_monsterinsights_sitenote_category":0},"product_brand":[],"product_cat":[22249,13527],"product_tag":[],"class_list":{"0":"post-778223","1":"product","2":"type-product","3":"status-publish","5":"product_cat-bilim","6":"product_cat-sureli-yayinlar","7":"pa_cilt-ciltsiz","8":"pa_tur-kitap","9":"pa_yayinevi-alfa-yayinlari","10":"pa_yazar-steven-weinberg","12":"first","13":"instock","14":"sale","15":"shipping-taxable","16":"purchasable","17":"product-type-simple"},"_links":{"self":[{"href":"https:\/\/roveyayinevi.com.tr\/index.php\/wp-json\/wp\/v2\/product\/778223","targetHints":{"allow":["GET"]}}],"collection":[{"href":"https:\/\/roveyayinevi.com.tr\/index.php\/wp-json\/wp\/v2\/product"}],"about":[{"href":"https:\/\/roveyayinevi.com.tr\/index.php\/wp-json\/wp\/v2\/types\/product"}],"wp:attachment":[{"href":"https:\/\/roveyayinevi.com.tr\/index.php\/wp-json\/wp\/v2\/media?parent=778223"}],"wp:term":[{"taxonomy":"product_brand","embeddable":true,"href":"https:\/\/roveyayinevi.com.tr\/index.php\/wp-json\/wp\/v2\/product_brand?post=778223"},{"taxonomy":"product_cat","embeddable":true,"href":"https:\/\/roveyayinevi.com.tr\/index.php\/wp-json\/wp\/v2\/product_cat?post=778223"},{"taxonomy":"product_tag","embeddable":true,"href":"https:\/\/roveyayinevi.com.tr\/index.php\/wp-json\/wp\/v2\/product_tag?post=778223"}],"curies":[{"name":"wp","href":"https:\/\/api.w.org\/{rel}","templated":true}]}}