{"id":778222,"date":"2025-11-06T03:15:33","date_gmt":"2025-11-06T00:15:33","guid":{"rendered":"https:\/\/roveyayinevi.com.tr\/index.php\/urun\/turkiyede-ordu-ve-siyaset\/"},"modified":"2026-04-16T02:09:59","modified_gmt":"2026-04-15T23:09:59","slug":"turkiyede-ordu-ve-siyaset","status":"publish","type":"product","link":"https:\/\/roveyayinevi.com.tr\/index.php\/urun\/turkiyede-ordu-ve-siyaset\/","title":{"rendered":"T\u00fcrkiye&#8217;de Ordu ve Siyaset"},"content":{"rendered":"<p>Ordu 1960\u2019da ilk kez vurdu\u011funda, T\u00fcrkiye savunma alan\u0131 d\u0131\u015f\u0131nda ekonomik ve siyasal olarak d\u00fcnyadan b\u00fcy\u00fck \u00f6l\u00e7\u00fcde yal\u0131t\u0131lm\u0131\u015f, birinci d\u00fcnya se\u00e7kinlerinin y\u00f6netti\u011fi bir \u00fc\u00e7\u00fcnc\u00fc d\u00fcnya \u00fclkesi olarak tan\u0131mlanabilirdi. Bu nedenle 27 May\u0131s darbesinin liderleri birka\u00e7 saat i\u00e7inde birka\u00e7 stratejik noktay\u0131 \u2013cumhurba\u015fkanl\u0131\u011f\u0131, meclis, bakanl\u0131klar, radyo istasyonu ve havaalan\u0131\u2013 ele ge\u00e7irerek iktidar\u0131 h\u0131zl\u0131 ve kans\u0131z bir bi\u00e7imde ald\u0131. Halk ertesi sabah radyolar\u0131n\u0131 a\u00e7\u0131nca darbeden haberdar oldu. T\u00fcrkiye\u2019nin NATO\u2019da kalaca\u011f\u0131 g\u00fcvencesini verdikten sonra, Bat\u0131l\u0131 g\u00fc\u00e7ler darbeyi memnuniyetle kabul etti ve sonucu etkilemek i\u00e7in hi\u00e7bir \u00e7aba harcamad\u0131. \u00dclke ekonomik olarak da darbeden neredeyse hi\u00e7 etkilenmedi. <\/p>\n","protected":false},"excerpt":{"rendered":"<p>Ordu 1960\u2019da ilk kez vurdu\u011funda, T\u00fcrkiye savunma alan\u0131 d\u0131\u015f\u0131nda ekonomik ve siyasal olarak d\u00fcnyadan b\u00fcy\u00fck \u00f6l\u00e7\u00fcde yal\u0131t\u0131lm\u0131\u015f, birinci d\u00fcnya se\u00e7kinlerinin y\u00f6netti\u011fi bir \u00fc\u00e7\u00fcnc\u00fc d\u00fcnya \u00fclkesi olarak<span class=\"excerpt-hellip\"> [\u2026]<\/span><\/p>\n","protected":false},"featured_media":0,"template":"","meta":{"_monsterinsights_skip_tracking":false,"_monsterinsights_sitenote_active":false,"_monsterinsights_sitenote_note":"","_monsterinsights_sitenote_category":0},"product_brand":[],"product_cat":[12965,12337],"product_tag":[],"class_list":{"0":"post-778222","1":"product","2":"type-product","3":"status-publish","5":"product_cat-genel-politika","6":"product_cat-politika-siyaset","7":"pa_tur-kitap","8":"pa_yayinevi-alfa-yayinlari","9":"pa_yazar-william-hale","11":"first","12":"instock","13":"sale","14":"shipping-taxable","15":"purchasable","16":"product-type-simple"},"_links":{"self":[{"href":"https:\/\/roveyayinevi.com.tr\/index.php\/wp-json\/wp\/v2\/product\/778222","targetHints":{"allow":["GET"]}}],"collection":[{"href":"https:\/\/roveyayinevi.com.tr\/index.php\/wp-json\/wp\/v2\/product"}],"about":[{"href":"https:\/\/roveyayinevi.com.tr\/index.php\/wp-json\/wp\/v2\/types\/product"}],"wp:attachment":[{"href":"https:\/\/roveyayinevi.com.tr\/index.php\/wp-json\/wp\/v2\/media?parent=778222"}],"wp:term":[{"taxonomy":"product_brand","embeddable":true,"href":"https:\/\/roveyayinevi.com.tr\/index.php\/wp-json\/wp\/v2\/product_brand?post=778222"},{"taxonomy":"product_cat","embeddable":true,"href":"https:\/\/roveyayinevi.com.tr\/index.php\/wp-json\/wp\/v2\/product_cat?post=778222"},{"taxonomy":"product_tag","embeddable":true,"href":"https:\/\/roveyayinevi.com.tr\/index.php\/wp-json\/wp\/v2\/product_tag?post=778222"}],"curies":[{"name":"wp","href":"https:\/\/api.w.org\/{rel}","templated":true}]}}