{"id":778219,"date":"2025-11-06T02:49:08","date_gmt":"2025-11-05T23:49:08","guid":{"rendered":"https:\/\/roveyayinevi.com.tr\/index.php\/urun\/fizik-yasalari-uzerine\/"},"modified":"2026-04-16T02:06:20","modified_gmt":"2026-04-15T23:06:20","slug":"fizik-yasalari-uzerine","status":"publish","type":"product","link":"https:\/\/roveyayinevi.com.tr\/index.php\/urun\/fizik-yasalari-uzerine\/","title":{"rendered":"Fizik Yasalar\u0131 \u00dczerine"},"content":{"rendered":"<p>1964 A. Einstein \u00d6d\u00fcl\u00fc ve 1965 Nobel Fizik \u00d6d\u00fcl\u00fc sahibi Profes\u00f6r R. Feynman sadece fizik yasalar\u0131n\u0131n kavran\u0131\u015f\u0131na yapt\u0131\u011f\u0131 katk\u0131larla de\u011fil, fizi\u011fi fizik\u00e7i olmayanlar i\u00e7in de \u00e7ekici k\u0131lma yetene\u011fiyle tan\u0131n\u0131r. Ola\u011fan\u00fcst\u00fc &#8230; bu kitapta b\u00fcy\u00fck bir fizik\u00e7inin d\u00fc\u015f\u00fcnme bi\u00e7imini g\u00f6r\u00fcyorsunuz. -Times Literary Supplement- Feynman\u2019\u0131n hi\u00e7 kimse o kadar ak\u0131ll\u0131 de\u011fildir saptamas\u0131 bana \u015funlar\u0131 \u00e7a\u011fr\u0131\u015ft\u0131r\u0131yor: Feynman\u2019\u0131n ba\u015far\u0131lar\u0131nda sihirli bir yan yoktur, ama do\u011fru d\u00fc\u015f\u00fcnmek, do\u011fan\u0131n ger\u00e7ekli\u011fine do\u011fru bir \u015fekilde yakla\u015fmak, do\u011fru sorular\u0131 sormak, geleneksel olmayan cevaplar\u0131 denemek, sahte seslere ve kan\u0131tlanamaz varsay\u0131mlara kar\u015f\u0131 dikkatli olmak vard\u0131r. -Philip W. Anderson- Dick\u2019in [Richard Feynman] fizi\u011finin insanlar taraf\u0131ndan anla\u015f\u0131lmas\u0131n\u0131n zor yan\u0131 matematiksel denklem kullanmamas\u0131d\u0131r. Nevvton\u2019dan bu yana teorik fizik\u00e7iler denklemler yazarlar ve sonra bu denklemlerin \u00e7\u00f6z\u00fcmleri \u00fczerine \u00e7al\u0131\u015f\u0131rlar. Hans [Bethe], Oppy [Oppenheimer] ve Julian Schvvinger bu \u015fekilde fizik yapm\u0131\u015flard\u0131r. Dick ise denklemleri yazmadan \u00e7\u00f6z\u00fcmleri kafas\u0131nda yapar. Neler olup bitti\u011fini kafas\u0131nda canland\u0131r\u0131r ve minimum matematik kullanarak \u00e7\u00f6z\u00fcm\u00fcn ortaya koydu\u011fu resmi \u00e7\u0131kart\u0131r. Hayatlar\u0131 boyunca denklem \u00e7\u00f6zmeye u\u011fra\u015fanlar\u0131n onun kar\u015f\u0131s\u0131nda \u015fa\u015f\u0131r\u0131p kalmalar\u0131n\u0131 anlayabiliyorum. Onlar\u0131n zihinleri analitik \u00e7al\u0131\u015f\u0131rken, Feynman\u2019\u0131nki resimseldir. -Freeman Dyson- <\/p>\n","protected":false},"excerpt":{"rendered":"<p>1964 A. Einstein \u00d6d\u00fcl\u00fc ve 1965 Nobel Fizik \u00d6d\u00fcl\u00fc sahibi Profes\u00f6r R. Feynman sadece fizik yasalar\u0131n\u0131n kavran\u0131\u015f\u0131na yapt\u0131\u011f\u0131 katk\u0131larla de\u011fil, fizi\u011fi fizik\u00e7i olmayanlar i\u00e7in de \u00e7ekici<span class=\"excerpt-hellip\"> [\u2026]<\/span><\/p>\n","protected":false},"featured_media":0,"template":"","meta":{"_monsterinsights_skip_tracking":false,"_monsterinsights_sitenote_active":false,"_monsterinsights_sitenote_note":"","_monsterinsights_sitenote_category":0},"product_brand":[],"product_cat":[13005,13006],"product_tag":[],"class_list":{"0":"post-778219","1":"product","2":"type-product","3":"status-publish","5":"product_cat-bilim-muhendislik","6":"product_cat-populer-bilim","7":"pa_cilt-ciltsiz","8":"pa_tur-kitap","9":"pa_yayinevi-alfa-yayinlari","10":"pa_yazar-richard-p-feynman","12":"first","13":"instock","14":"sale","15":"shipping-taxable","16":"purchasable","17":"product-type-simple"},"_links":{"self":[{"href":"https:\/\/roveyayinevi.com.tr\/index.php\/wp-json\/wp\/v2\/product\/778219","targetHints":{"allow":["GET"]}}],"collection":[{"href":"https:\/\/roveyayinevi.com.tr\/index.php\/wp-json\/wp\/v2\/product"}],"about":[{"href":"https:\/\/roveyayinevi.com.tr\/index.php\/wp-json\/wp\/v2\/types\/product"}],"wp:attachment":[{"href":"https:\/\/roveyayinevi.com.tr\/index.php\/wp-json\/wp\/v2\/media?parent=778219"}],"wp:term":[{"taxonomy":"product_brand","embeddable":true,"href":"https:\/\/roveyayinevi.com.tr\/index.php\/wp-json\/wp\/v2\/product_brand?post=778219"},{"taxonomy":"product_cat","embeddable":true,"href":"https:\/\/roveyayinevi.com.tr\/index.php\/wp-json\/wp\/v2\/product_cat?post=778219"},{"taxonomy":"product_tag","embeddable":true,"href":"https:\/\/roveyayinevi.com.tr\/index.php\/wp-json\/wp\/v2\/product_tag?post=778219"}],"curies":[{"name":"wp","href":"https:\/\/api.w.org\/{rel}","templated":true}]}}