{"id":778217,"date":"2025-11-06T02:11:28","date_gmt":"2025-11-05T23:11:28","guid":{"rendered":"https:\/\/roveyayinevi.com.tr\/index.php\/urun\/zihin-cerceveleri-coklu-zeka-kurami\/"},"modified":"2026-04-16T01:59:53","modified_gmt":"2026-04-15T22:59:53","slug":"zihin-cerceveleri-coklu-zeka-kurami","status":"publish","type":"product","link":"https:\/\/roveyayinevi.com.tr\/index.php\/urun\/zihin-cerceveleri-coklu-zeka-kurami\/","title":{"rendered":"Zihin \u00c7er\u00e7eveleri \u00c7oklu Zeka Kuram\u0131"},"content":{"rendered":"<p>Howard Gardner, \u00c7oklu Zek\u00e2 Kuram\u0131n\u0131 savunan en \u00f6nemli bilim adam\u0131d\u0131r. Standart psikometrik ara\u00e7larla \u00f6l\u00e7\u00fclebilen tek bir zek\u00e2 oldu\u011funu s\u00f6yleyen  geleneksel kuram\u0131 ele\u015ftiren Gardner, ilk kez 1983 y\u0131l\u0131nda, her bireyin birbirinden farkl\u0131 pek \u00e7ok zek\u00e2s\u0131n\u0131n oldu\u011fu ve bunlar\u0131n her birinin kendilerine \u00f6zg\u00fc bir bi\u00e7imde geli\u015fti\u011fi ve \u00e7al\u0131\u015ft\u0131\u011f\u0131 tezini ortaya atm\u0131\u015ft\u0131r. Gardner\u2019in ara\u015ft\u0131rmalar\u0131na g\u00f6re insano\u011flunun yedi zek\u00e2s\u0131 vard\u0131r. Her insanda bu zek\u00e2lar\u0131n t\u00fcm\u00fc bulunur, ancak insanlar\u0131n yetenek ve yarat\u0131c\u0131l\u0131klar\u0131 b\u00fcy\u00fck farkl\u0131l\u0131klar g\u00f6sterir. Bir \u00f6\u011frencinin her zek\u00e2s\u0131n\u0131n g\u00fc\u00e7l\u00fc yanlar\u0131 ve zay\u0131fl\u0131klar\u0131 ayr\u0131 ayr\u0131 i\u015flenerek daha ba\u015far\u0131l\u0131 olmas\u0131 sa\u011flanabilir. Hem \u00e7ok etkileyici hem de son derece \u00f6nemli bir yap\u0131t.  \u201cZek\u00e2n\u0131n, bir zek\u00e2 testinden elde edilecek tek bir IQ derecesiyle \u00f6l\u00e7\u00fclemeyecek kadar karma\u015f\u0131k oldu\u011funu d\u00fc\u015f\u00fcnenler i\u00e7in Gardner\u2019\u0131n kitab\u0131 i\u00e7 rahatlat\u0131c\u0131 bir \u00e7al\u0131\u015fma ve insano\u011fluna yepyeni bir g\u00f6zle bakabilmenin kap\u0131lar\u0131n\u0131 aralayan bir yap\u0131t.\u201d\u2013Isaac Asimov \u201cGardner\u2019\u0131n n\u00f6robilim, farkl\u0131 zek\u00e2 \u00f6zellikleri g\u00f6steren bireyler, geli\u015fim ve sembolik-k\u00fclt\u00fcrel yetenekler \u00fczerine yapt\u0131\u011f\u0131 ara\u015ft\u0131rmalar yaln\u0131zca \u00e7arp\u0131c\u0131 olmakla kalm\u0131yor, okumas\u0131 \u00e7ok ilgin\u00e7 bir metin ortaya \u00e7\u0131kart\u0131yor.\u201d\u2013Jerome Bruner, New York Review of Books \u201cHem \u00e7ok etkileyici hem de son derece \u00f6nemli bir yap\u0131t. Gardner psikometrik teori ve enformasyon i\u015fleme s\u00fcre\u00e7leri hakk\u0131ndaki dar kal\u0131plar\u0131 k\u0131r\u0131yor.\u201d\u2013Urich Neisser <\/p>\n","protected":false},"excerpt":{"rendered":"<p>Howard Gardner, \u00c7oklu Zek\u00e2 Kuram\u0131n\u0131 savunan en \u00f6nemli bilim adam\u0131d\u0131r. Standart psikometrik ara\u00e7larla \u00f6l\u00e7\u00fclebilen tek bir zek\u00e2 oldu\u011funu s\u00f6yleyen geleneksel kuram\u0131 ele\u015ftiren Gardner, ilk kez 1983<span class=\"excerpt-hellip\"> [\u2026]<\/span><\/p>\n","protected":false},"featured_media":0,"template":"","meta":{"_monsterinsights_skip_tracking":false,"_monsterinsights_sitenote_active":false,"_monsterinsights_sitenote_note":"","_monsterinsights_sitenote_category":0},"product_brand":[],"product_cat":[12364,12376],"product_tag":[],"class_list":{"0":"post-778217","1":"product","2":"type-product","3":"status-publish","5":"product_cat-genel-konular","6":"product_cat-kisisel-gelisim","7":"pa_cilt-ciltsiz","8":"pa_tur-kitap","9":"pa_yayinevi-alfa-yayinlari","10":"pa_yazar-howard-gardner","12":"first","13":"instock","14":"sale","15":"shipping-taxable","16":"purchasable","17":"product-type-simple"},"_links":{"self":[{"href":"https:\/\/roveyayinevi.com.tr\/index.php\/wp-json\/wp\/v2\/product\/778217","targetHints":{"allow":["GET"]}}],"collection":[{"href":"https:\/\/roveyayinevi.com.tr\/index.php\/wp-json\/wp\/v2\/product"}],"about":[{"href":"https:\/\/roveyayinevi.com.tr\/index.php\/wp-json\/wp\/v2\/types\/product"}],"wp:attachment":[{"href":"https:\/\/roveyayinevi.com.tr\/index.php\/wp-json\/wp\/v2\/media?parent=778217"}],"wp:term":[{"taxonomy":"product_brand","embeddable":true,"href":"https:\/\/roveyayinevi.com.tr\/index.php\/wp-json\/wp\/v2\/product_brand?post=778217"},{"taxonomy":"product_cat","embeddable":true,"href":"https:\/\/roveyayinevi.com.tr\/index.php\/wp-json\/wp\/v2\/product_cat?post=778217"},{"taxonomy":"product_tag","embeddable":true,"href":"https:\/\/roveyayinevi.com.tr\/index.php\/wp-json\/wp\/v2\/product_tag?post=778217"}],"curies":[{"name":"wp","href":"https:\/\/api.w.org\/{rel}","templated":true}]}}