{"id":778215,"date":"2025-11-05T12:19:45","date_gmt":"2025-11-05T09:19:45","guid":{"rendered":"https:\/\/roveyayinevi.com.tr\/index.php\/urun\/6-sinif-turkce-kod-32\/"},"modified":"2026-04-15T03:43:46","modified_gmt":"2026-04-15T00:43:46","slug":"6-sinif-turkce-kod-32","status":"publish","type":"product","link":"https:\/\/roveyayinevi.com.tr\/index.php\/urun\/6-sinif-turkce-kod-32\/","title":{"rendered":"6. S\u0131n\u0131f T\u00fcrk\u00e7e Kod 32"},"content":{"rendered":"<p>6. S\u0131n\u0131f Kod 32 Tu\u0308rk\u00e7e, 32 haftaya ek olarak 4 haftal\u0131k tekrarlar \u015feklindetasarlanm\u0131\u015f bir u\u0308ru\u0308ndu\u0308r. Her hafta, 4 sayfadan olu\u015fmaktad\u0131r.32 haftada;-QR kodlar ile eri\u015filen konu \u00f6zetleriyle gerekli bilgileri \u00f6\u011frenecek,-\u00c7\u00f6zu\u0308mlerine QR kod ile eri\u015filen Al\u0131\u015ft\u0131rmalar ile bilgi eksikliklerinizi tamamlayacak,-Klasik Test ile konuyla ilgili gerekli \u00f6\u011frenme \u00e7\u0131kt\u0131lar\u0131n\u0131n yerle\u015fmesini sa\u011flayacak,-Hibrit Test ile edinilen bilgi ve \u00f6\u011frenme \u00e7\u0131kt\u0131lar\u0131n\u0131 beceriler ile birle\u015ftirecek,-Tekrar haftalar\u0131nda yer alan Yeni Nesil Test ile kal\u0131c\u0131 \u00f6\u011frenmeler edineceksiniz.Ara tatillere ve d\u00f6nem sonlar\u0131na denk gelen toplam 4 haftal\u0131k tekrarlar ile tam\u00f6\u011frenme ger\u00e7ekle\u015ftireceksiniz.Tamam\u0131 video \u00e7\u00f6zu\u0308mlu\u0308 olan testlerdeki QR kodlar\u0131 Mobil Analiz uygulamas\u0131 ileokutarak eri\u015fece\u011finiz dijital optikler sayesinde an\u0131nda d\u00f6nu\u0308\u015f alacaks\u0131n\u0131z.<\/p>\n","protected":false},"excerpt":{"rendered":"<p>6. S\u0131n\u0131f Kod 32 Tu\u0308rk\u00e7e, 32 haftaya ek olarak 4 haftal\u0131k tekrarlar \u015feklindetasarlanm\u0131\u015f bir u\u0308ru\u0308ndu\u0308r. Her hafta, 4 sayfadan olu\u015fmaktad\u0131r.32 haftada;-QR kodlar ile eri\u015filen konu \u00f6zetleriyle<span class=\"excerpt-hellip\"> [\u2026]<\/span><\/p>\n","protected":false},"featured_media":0,"template":"","meta":{"_monsterinsights_skip_tracking":false,"_monsterinsights_sitenote_active":false,"_monsterinsights_sitenote_note":"","_monsterinsights_sitenote_category":0},"product_brand":[],"product_cat":[141304],"product_tag":[],"class_list":{"0":"post-778215","1":"product","2":"type-product","3":"status-publish","5":"product_cat-yeni-cikanlar","6":"pa_cilt-ciltsiz","7":"pa_tur-kitap","8":"pa_yayinevi-tudem-egitim-yayinlari","9":"pa_yazar-kolektif","11":"first","12":"instock","13":"sale","14":"shipping-taxable","15":"purchasable","16":"product-type-simple"},"_links":{"self":[{"href":"https:\/\/roveyayinevi.com.tr\/index.php\/wp-json\/wp\/v2\/product\/778215","targetHints":{"allow":["GET"]}}],"collection":[{"href":"https:\/\/roveyayinevi.com.tr\/index.php\/wp-json\/wp\/v2\/product"}],"about":[{"href":"https:\/\/roveyayinevi.com.tr\/index.php\/wp-json\/wp\/v2\/types\/product"}],"wp:attachment":[{"href":"https:\/\/roveyayinevi.com.tr\/index.php\/wp-json\/wp\/v2\/media?parent=778215"}],"wp:term":[{"taxonomy":"product_brand","embeddable":true,"href":"https:\/\/roveyayinevi.com.tr\/index.php\/wp-json\/wp\/v2\/product_brand?post=778215"},{"taxonomy":"product_cat","embeddable":true,"href":"https:\/\/roveyayinevi.com.tr\/index.php\/wp-json\/wp\/v2\/product_cat?post=778215"},{"taxonomy":"product_tag","embeddable":true,"href":"https:\/\/roveyayinevi.com.tr\/index.php\/wp-json\/wp\/v2\/product_tag?post=778215"}],"curies":[{"name":"wp","href":"https:\/\/api.w.org\/{rel}","templated":true}]}}