{"id":778210,"date":"2025-11-05T12:19:37","date_gmt":"2025-11-05T09:19:37","guid":{"rendered":"https:\/\/roveyayinevi.com.tr\/index.php\/urun\/hayata-uyan\/"},"modified":"2025-11-08T12:11:31","modified_gmt":"2025-11-08T09:11:31","slug":"hayata-uyan","status":"publish","type":"product","link":"https:\/\/roveyayinevi.com.tr\/index.php\/urun\/hayata-uyan\/","title":{"rendered":"Hayata Uyan"},"content":{"rendered":"<p>\u201cHer \u00e7ocuk, beyaz bir sayfa gibi do\u011far; Saf, berrak ve lekesiz. Zamanla hayat, korkularla, yalanlarla ve y\u00fcklerle o beyazl\u0131\u011f\u0131 g\u00f6lgeler. Oysa insan\u0131n en b\u00fcy\u00fck yolculu\u011fu d\u0131\u015far\u0131ya de\u011fil, kendi i\u00e7ine do\u011frudur.\u201d KALB\u0130N\u0130ZDEK\u0130 B\u00dcT\u00dcN SAYFALARI OKUMAYA HAZIR OLUN \u201cHayata Uyan\u201d, \u00e7ocuklu\u011fun masumiyetinden ba\u015flayan, dostlu\u011fun \u0131\u015f\u0131\u011f\u0131yla derinle\u015fen ve insan\u0131n kendini tan\u0131ma s\u00fcreciyle olgunla\u015fan bir aray\u0131\u015f\u0131n hikayesi. Bu kitap, ruhu ar\u0131nd\u0131rman\u0131n, kendini tan\u0131man\u0131n ve sonunda \u201c&#8230;\u2018Hi\u00e7\u2019 olma\u201d bilincine varman\u0131n ser\u00fcveninde saf (ger\u00e7ek) insana giden yolu, ya\u015fanm\u0131\u015fl\u0131klar\u0131n ve i\u00e7sel ke\u015fiflerin \u0131\u015f\u0131\u011f\u0131nda yeniden hat\u0131rlat\u0131yor. Bu yolun sonunda \u00f6\u011frenilen hakikat tek bir c\u00fcmlede sakl\u0131d\u0131r: \u201c&#8230;\u2018Hi\u00e7\u2019 olmay\u0131 bilmeden, saf (ger\u00e7ek) insana ula\u015f\u0131lamaz.\u201d Do\u00e7. Dr. G\u00fclsen Meral \u201cHayata Uyan\u201d diyerek, bir annenin kalbiyle ve bir hekimin tecr\u00fcbeleriyle; sabr\u0131, aff\u0131, hatalar\u0131, sevgiyi ve \u00f6zr\u00fc yeniden ke\u015ffe \u00e7\u0131kar\u0131p, her sat\u0131rda okuru kendi ruhuna \u00e7a\u011f\u0131r\u0131yor. \u00c7\u00fcnk\u00fc ger\u00e7ek yolculuk, insana; en \u00e7ok da kendine gitmektir. \u201cHayata Uyan\u201d, bir kitap olman\u0131n \u00f6tesinde; i\u00e7e d\u00f6n\u00fc\u015f\u00fcn, ar\u0131nman\u0131n ve saf ger\u00e7e\u011fe varman\u0131n davetidir.<\/p>\n","protected":false},"excerpt":{"rendered":"<p>\u201cHer \u00e7ocuk, beyaz bir sayfa gibi do\u011far; Saf, berrak ve lekesiz. Zamanla hayat, korkularla, yalanlarla ve y\u00fcklerle o beyazl\u0131\u011f\u0131 g\u00f6lgeler. Oysa insan\u0131n en b\u00fcy\u00fck yolculu\u011fu d\u0131\u015far\u0131ya<span class=\"excerpt-hellip\"> [\u2026]<\/span><\/p>\n","protected":false},"featured_media":0,"template":"","meta":{"_monsterinsights_skip_tracking":false,"_monsterinsights_sitenote_active":false,"_monsterinsights_sitenote_note":"","_monsterinsights_sitenote_category":0},"product_brand":[],"product_cat":[12364,12376],"product_tag":[],"class_list":{"0":"post-778210","1":"product","2":"type-product","3":"status-publish","5":"product_cat-genel-konular","6":"product_cat-kisisel-gelisim","7":"pa_cilt-ciltsiz","8":"pa_tur-kitap","9":"pa_yayinevi-mitos-yayinlari","10":"pa_yazar-gulsen-meral","12":"first","13":"instock","14":"sale","15":"shipping-taxable","16":"purchasable","17":"product-type-simple"},"_links":{"self":[{"href":"https:\/\/roveyayinevi.com.tr\/index.php\/wp-json\/wp\/v2\/product\/778210","targetHints":{"allow":["GET"]}}],"collection":[{"href":"https:\/\/roveyayinevi.com.tr\/index.php\/wp-json\/wp\/v2\/product"}],"about":[{"href":"https:\/\/roveyayinevi.com.tr\/index.php\/wp-json\/wp\/v2\/types\/product"}],"wp:attachment":[{"href":"https:\/\/roveyayinevi.com.tr\/index.php\/wp-json\/wp\/v2\/media?parent=778210"}],"wp:term":[{"taxonomy":"product_brand","embeddable":true,"href":"https:\/\/roveyayinevi.com.tr\/index.php\/wp-json\/wp\/v2\/product_brand?post=778210"},{"taxonomy":"product_cat","embeddable":true,"href":"https:\/\/roveyayinevi.com.tr\/index.php\/wp-json\/wp\/v2\/product_cat?post=778210"},{"taxonomy":"product_tag","embeddable":true,"href":"https:\/\/roveyayinevi.com.tr\/index.php\/wp-json\/wp\/v2\/product_tag?post=778210"}],"curies":[{"name":"wp","href":"https:\/\/api.w.org\/{rel}","templated":true}]}}