{"id":778209,"date":"2025-11-05T12:19:36","date_gmt":"2025-11-05T09:19:36","guid":{"rendered":"https:\/\/roveyayinevi.com.tr\/index.php\/urun\/is-hayati-ve-yoneticilikte-eq\/"},"modified":"2026-04-15T03:43:44","modified_gmt":"2026-04-15T00:43:44","slug":"is-hayati-ve-yoneticilikte-eq","status":"publish","type":"product","link":"https:\/\/roveyayinevi.com.tr\/index.php\/urun\/is-hayati-ve-yoneticilikte-eq\/","title":{"rendered":"\u0130\u015f Hayat\u0131 ve Y\u00f6neticilikte EQ"},"content":{"rendered":"<p>Oyuna girmek i\u00e7in IQ \u015fartt\u0131r. EQ ise sizi oyunda tutar. Bili\u015fsel zek\u00e2 sizi okuldan mezun eder duygusal zek\u00e2 ise hayattan&#8230; Fatih Po\u00e7an, bu kitab\u0131nda duygusal zek\u00e2y\u0131 ve duygusal zek\u00e2n\u0131n, i\u015f hayat\u0131 ve y\u00f6neticilikte uygulanmas\u0131n\u0131 ele al\u0131yor. Duygusal zek\u00e2ya sahip bireyler, al\u0131\u015f\u0131lagelmi\u015f \u015fekilde davranmak yerine, bili\u015fsel zek\u00e2 ve d\u00fc\u015f\u00fcncelerini olumlu duygularla besleyerek s\u00f6z ve davran\u0131\u015flar\u0131n\u0131 daha bilin\u00e7li ve hedefe y\u00f6nelik sarf edebiliyorlar. Bu ki\u015filer, pek \u00e7ok nedenden \u2013 ama en \u00f6nemlisi, say\u0131s\u0131z uyaran\u0131n h\u00e2kim oldu\u011fu modern \u00e7a\u011f\u0131n yaratt\u0131\u011f\u0131 tatminsizlik ve bezginlikten \u2013 dolay\u0131 biraz gergin biraz mutsuz olan ki\u015filerle bile ili\u015fkilerini e\u015fsiz k\u0131labiliyor, bir sihirbaz gibi onlar\u0131n duygular\u0131n\u0131 pozitif y\u00f6nde etkileyebiliyorlar. \u2022 \u0130nsan\u0131n ruh h\u00e2li k\u0131sa s\u00fcrede daha iyiye evrilebiliyorsa bunu, y\u00f6netsel d\u00fcnyada da ba\u015farmak m\u00fcmk\u00fcn m\u00fc? \u2022 Sahip oldu\u011fumuz bili\u015fsel zek\u00e2, yetkinlik ve yeteneklerle duygular\u0131m\u0131z\u0131 i\u015f hayat\u0131nda nas\u0131l ahenkli kullanabiliriz? Kitapta, kimi zaman ya\u015fanm\u0131\u015f kimi zaman da \u00f6yk\u00fcle\u015ftirilmi\u015f \u00f6rnek olaylarla duygusal zek\u00e2n\u0131n, etkili liderlik, i\u015f tatmini, kurum sadakati ve y\u00fcksek verimle ba\u011flant\u0131s\u0131 tart\u0131\u015f\u0131lmaz bi\u00e7imde ortaya konuyor.<\/p>\n","protected":false},"excerpt":{"rendered":"<p>Oyuna girmek i\u00e7in IQ \u015fartt\u0131r. EQ ise sizi oyunda tutar. Bili\u015fsel zek\u00e2 sizi okuldan mezun eder duygusal zek\u00e2 ise hayattan&#8230; Fatih Po\u00e7an, bu kitab\u0131nda duygusal zek\u00e2y\u0131<span class=\"excerpt-hellip\"> [\u2026]<\/span><\/p>\n","protected":false},"featured_media":0,"template":"","meta":{"_monsterinsights_skip_tracking":false,"_monsterinsights_sitenote_active":false,"_monsterinsights_sitenote_note":"","_monsterinsights_sitenote_category":0},"product_brand":[],"product_cat":[13043,17647],"product_tag":[],"class_list":{"0":"post-778209","1":"product","2":"type-product","3":"status-publish","5":"product_cat-ekonomi","6":"product_cat-is-dunyasi","7":"pa_cilt-ciltsiz","8":"pa_tur-kitap","9":"pa_yayinevi-remzi-kitabevi","10":"pa_yazar-fatih-pocan","12":"first","13":"instock","14":"sale","15":"shipping-taxable","16":"purchasable","17":"product-type-simple"},"_links":{"self":[{"href":"https:\/\/roveyayinevi.com.tr\/index.php\/wp-json\/wp\/v2\/product\/778209","targetHints":{"allow":["GET"]}}],"collection":[{"href":"https:\/\/roveyayinevi.com.tr\/index.php\/wp-json\/wp\/v2\/product"}],"about":[{"href":"https:\/\/roveyayinevi.com.tr\/index.php\/wp-json\/wp\/v2\/types\/product"}],"wp:attachment":[{"href":"https:\/\/roveyayinevi.com.tr\/index.php\/wp-json\/wp\/v2\/media?parent=778209"}],"wp:term":[{"taxonomy":"product_brand","embeddable":true,"href":"https:\/\/roveyayinevi.com.tr\/index.php\/wp-json\/wp\/v2\/product_brand?post=778209"},{"taxonomy":"product_cat","embeddable":true,"href":"https:\/\/roveyayinevi.com.tr\/index.php\/wp-json\/wp\/v2\/product_cat?post=778209"},{"taxonomy":"product_tag","embeddable":true,"href":"https:\/\/roveyayinevi.com.tr\/index.php\/wp-json\/wp\/v2\/product_tag?post=778209"}],"curies":[{"name":"wp","href":"https:\/\/api.w.org\/{rel}","templated":true}]}}