{"id":778205,"date":"2025-11-05T12:19:28","date_gmt":"2025-11-05T09:19:28","guid":{"rendered":"https:\/\/roveyayinevi.com.tr\/index.php\/urun\/gelecekten-nagmeler\/"},"modified":"2026-04-15T03:43:44","modified_gmt":"2026-04-15T00:43:44","slug":"gelecekten-nagmeler","status":"publish","type":"product","link":"https:\/\/roveyayinevi.com.tr\/index.php\/urun\/gelecekten-nagmeler\/","title":{"rendered":"Gelecekten Na\u011fmeler"},"content":{"rendered":"<p>Katerina Poladjan, \u00e7a\u011fda\u015f Alman edebiyat\u0131n\u0131n sessiz ama derinlikli kalemlerinden biri olarak, Gelecekten Na\u011fmeler\u2019de tarihin donmu\u015f anlar\u0131ndan birine b\u00fcy\u00fcte\u00e7 tutuyor. 1985 y\u0131l\u0131n\u0131n Sovyetler Birli\u011fi\u2019nde, bir apartman dairesinde ge\u00e7en bu etkileyici anlat\u0131, d\u00f6rt ku\u015faktan kad\u0131n\u0131n i\u00e7 i\u00e7e ge\u00e7mi\u015f hayatlar\u0131n\u0131 ve tekinsiz bir gelece\u011fe dair suskun umutlar\u0131n\u0131 g\u00f6zler \u00f6n\u00fcne seriyor. Gelecekten Na\u011fmeler\u2019de tarih, ki\u015fisel bir hik\u00e2yeye d\u00f6n\u00fc\u015f\u00fcyor; ideolojik bask\u0131n\u0131n g\u00f6lgesinde, s\u0131radan ama g\u00fc\u00e7l\u00fc kad\u0131nlar\u0131n hayalleri, korkular\u0131 ve \u00f6zlemleri anlat\u0131n\u0131n kalbine yerle\u015fiyor. Bu roman, sadece Sovyetler Birli\u011fi\u2019nin \u00e7\u00f6k\u00fc\u015f\u00fcne yakla\u015fan bir d\u00f6nemin ruhunu de\u011fil, ayn\u0131 zamanda \u00f6zg\u00fcrl\u00fc\u011f\u00fcn, aidiyetin ve de\u011fi\u015fimin anlam\u0131n\u0131 da sorguluyor. Poladjan, karakterlerinin i\u00e7 d\u00fcnyas\u0131nda yank\u0131lanan \u201cgelecekten na\u011fmeler\u201di duyumsat\u0131rken okuru da kendi ge\u00e7mi\u015fine ve gelece\u011fine kulak vermeye davet ediyor. Gelecekten Na\u011fmeler, sessiz devrimlerin roman\u0131. Kad\u0131nlar\u0131n bak\u0131\u015f\u0131nda, mutfak masalar\u0131nda, usulca \u00e7alan bir radyoda ya da bir \u00e7ay barda\u011f\u0131nda sakl\u0131 kalan direni\u015fin; yani ya\u015fam\u0131n, sabr\u0131n ve umudun anlat\u0131s\u0131. Poladjan\u2019\u0131n bu zarif eseri, zamana kar\u015f\u0131 yaz\u0131lm\u0131\u015f bir a\u011f\u0131t de\u011fil, zamana ra\u011fmen ya\u015fanan bir hayat\u0131n onurlu hik\u00e2yesi.<\/p>\n","protected":false},"excerpt":{"rendered":"<p>Katerina Poladjan, \u00e7a\u011fda\u015f Alman edebiyat\u0131n\u0131n sessiz ama derinlikli kalemlerinden biri olarak, Gelecekten Na\u011fmeler\u2019de tarihin donmu\u015f anlar\u0131ndan birine b\u00fcy\u00fcte\u00e7 tutuyor. 1985 y\u0131l\u0131n\u0131n Sovyetler Birli\u011fi\u2019nde, bir apartman dairesinde<span class=\"excerpt-hellip\"> [\u2026]<\/span><\/p>\n","protected":false},"featured_media":0,"template":"","meta":{"_monsterinsights_skip_tracking":false,"_monsterinsights_sitenote_active":false,"_monsterinsights_sitenote_note":"","_monsterinsights_sitenote_category":0},"product_brand":[],"product_cat":[12291,12711],"product_tag":[],"class_list":{"0":"post-778205","1":"product","2":"type-product","3":"status-publish","5":"product_cat-edebiyat","6":"product_cat-roman-oyku","7":"pa_cilt-ciltsiz","8":"pa_tur-kitap","9":"pa_yayinevi-everest-yayinlari","10":"pa_yazar-katerina-poladjan","12":"first","13":"instock","14":"sale","15":"shipping-taxable","16":"purchasable","17":"product-type-simple"},"_links":{"self":[{"href":"https:\/\/roveyayinevi.com.tr\/index.php\/wp-json\/wp\/v2\/product\/778205","targetHints":{"allow":["GET"]}}],"collection":[{"href":"https:\/\/roveyayinevi.com.tr\/index.php\/wp-json\/wp\/v2\/product"}],"about":[{"href":"https:\/\/roveyayinevi.com.tr\/index.php\/wp-json\/wp\/v2\/types\/product"}],"wp:attachment":[{"href":"https:\/\/roveyayinevi.com.tr\/index.php\/wp-json\/wp\/v2\/media?parent=778205"}],"wp:term":[{"taxonomy":"product_brand","embeddable":true,"href":"https:\/\/roveyayinevi.com.tr\/index.php\/wp-json\/wp\/v2\/product_brand?post=778205"},{"taxonomy":"product_cat","embeddable":true,"href":"https:\/\/roveyayinevi.com.tr\/index.php\/wp-json\/wp\/v2\/product_cat?post=778205"},{"taxonomy":"product_tag","embeddable":true,"href":"https:\/\/roveyayinevi.com.tr\/index.php\/wp-json\/wp\/v2\/product_tag?post=778205"}],"curies":[{"name":"wp","href":"https:\/\/api.w.org\/{rel}","templated":true}]}}