{"id":778204,"date":"2025-11-05T12:19:26","date_gmt":"2025-11-05T09:19:26","guid":{"rendered":"https:\/\/roveyayinevi.com.tr\/index.php\/urun\/antik-dunyanin-yedi-harikasi-2\/"},"modified":"2025-11-08T12:11:21","modified_gmt":"2025-11-08T09:11:21","slug":"antik-dunyanin-yedi-harikasi-2","status":"publish","type":"product","link":"https:\/\/roveyayinevi.com.tr\/index.php\/urun\/antik-dunyanin-yedi-harikasi-2\/","title":{"rendered":"Antik D\u00fcnyan\u0131n Yedi Harikas\u0131"},"content":{"rendered":"<p>Tarih\u00e7i, yazar ve yay\u0131nc\u0131 olarak bir\u00e7ok \u00f6d\u00fcle lay\u0131k g\u00f6r\u00fclm\u00fc\u015f olan Bettany Hughes, \u00e7e\u015fitli platformlar i\u00e7in haz\u0131rlad\u0131\u011f\u0131 belgesellerin yan\u0131 s\u0131ra yay\u0131mlad\u0131\u011f\u0131 kitaplar\u0131yla da olduk\u00e7a takdir toplam\u0131\u015ft\u0131r. Antik D\u00fcnyan\u0131n Yedi Harikas\u0131, antik d\u00fcnyadan gelece\u011fe uzanan, insan\u0131n imk\u00e2ns\u0131z\u0131 var etme \u00e7abas\u0131n\u0131n e\u015fsiz hik\u00e2yesini anlat\u0131yor. B\u00fcy\u00fck Gize Piramidi, Babil Asma Bah\u00e7eleri, Efes Artemis Tap\u0131na\u011f\u0131, Olympia Zeus Heykeli, Halikarnas Mozolesi, Rodos Heykeli, \u0130skenderiye Feneri. G\u00fcn\u00fcm\u00fczde sadece bir tanesi ayakta olsa da efsaneleri ve ihti\u015famlar\u0131 sonsuza kadar ya\u015fayacak olan bu harikalar, g\u00fcncel arkeolojik ke\u015fiflerin \u0131\u015f\u0131\u011f\u0131nda Bettany Hughes\u2019un incelikli anlat\u0131m\u0131yla sunuluyor.    \u201cBu b\u00fcy\u00fcleyici kitap, bir yandan antik d\u00fcnyaya yaz\u0131lm\u0131\u015f bir a\u015fk mektubu, di\u011fer yandan ise insanl\u0131k tarihindeki en hayranl\u0131k uyand\u0131r\u0131c\u0131 hayal g\u00fcc\u00fc ve m\u00fchendislik ba\u015far\u0131lar\u0131na dair bilgilendirici bir giri\u015ftir.\u201d \u2013Dan Jones, Powers and Thrones; A New History of the Middle Ages\u2019in yazar\u0131<\/p>\n","protected":false},"excerpt":{"rendered":"<p>Tarih\u00e7i, yazar ve yay\u0131nc\u0131 olarak bir\u00e7ok \u00f6d\u00fcle lay\u0131k g\u00f6r\u00fclm\u00fc\u015f olan Bettany Hughes, \u00e7e\u015fitli platformlar i\u00e7in haz\u0131rlad\u0131\u011f\u0131 belgesellerin yan\u0131 s\u0131ra yay\u0131mlad\u0131\u011f\u0131 kitaplar\u0131yla da olduk\u00e7a takdir toplam\u0131\u015ft\u0131r. Antik<span class=\"excerpt-hellip\"> [\u2026]<\/span><\/p>\n","protected":false},"featured_media":0,"template":"","meta":{"_monsterinsights_skip_tracking":false,"_monsterinsights_sitenote_active":false,"_monsterinsights_sitenote_note":"","_monsterinsights_sitenote_category":0},"product_brand":[],"product_cat":[12370,12304],"product_tag":[],"class_list":{"0":"post-778204","1":"product","2":"type-product","3":"status-publish","5":"product_cat-arastirma-inceleme","6":"product_cat-tarih","7":"pa_cilt-ciltsiz","8":"pa_tur-kitap","9":"pa_yayinevi-alfa-yayinlari","10":"pa_yazar-bettany-hughes","12":"first","13":"instock","14":"sale","15":"shipping-taxable","16":"purchasable","17":"product-type-simple"},"_links":{"self":[{"href":"https:\/\/roveyayinevi.com.tr\/index.php\/wp-json\/wp\/v2\/product\/778204","targetHints":{"allow":["GET"]}}],"collection":[{"href":"https:\/\/roveyayinevi.com.tr\/index.php\/wp-json\/wp\/v2\/product"}],"about":[{"href":"https:\/\/roveyayinevi.com.tr\/index.php\/wp-json\/wp\/v2\/types\/product"}],"wp:attachment":[{"href":"https:\/\/roveyayinevi.com.tr\/index.php\/wp-json\/wp\/v2\/media?parent=778204"}],"wp:term":[{"taxonomy":"product_brand","embeddable":true,"href":"https:\/\/roveyayinevi.com.tr\/index.php\/wp-json\/wp\/v2\/product_brand?post=778204"},{"taxonomy":"product_cat","embeddable":true,"href":"https:\/\/roveyayinevi.com.tr\/index.php\/wp-json\/wp\/v2\/product_cat?post=778204"},{"taxonomy":"product_tag","embeddable":true,"href":"https:\/\/roveyayinevi.com.tr\/index.php\/wp-json\/wp\/v2\/product_tag?post=778204"}],"curies":[{"name":"wp","href":"https:\/\/api.w.org\/{rel}","templated":true}]}}