{"id":778203,"date":"2025-11-05T12:19:25","date_gmt":"2025-11-05T09:19:25","guid":{"rendered":"https:\/\/roveyayinevi.com.tr\/index.php\/urun\/cambridge-turkiye-tarihi-3-gec-osmanli-imparatorlugu-1603-1839-ciltli\/"},"modified":"2026-04-15T03:43:44","modified_gmt":"2026-04-15T00:43:44","slug":"cambridge-turkiye-tarihi-3-gec-osmanli-imparatorlugu-1603-1839-ciltli","status":"publish","type":"product","link":"https:\/\/roveyayinevi.com.tr\/index.php\/urun\/cambridge-turkiye-tarihi-3-gec-osmanli-imparatorlugu-1603-1839-ciltli\/","title":{"rendered":"Cambridge T\u00fcrkiye Tarihi 3 &#8211; Ge\u00e7 Osmanl\u0131 \u0130mparatorlu\u011fu 1603-1839 (Ciltli)"},"content":{"rendered":"<p>Cambridge T\u00fcrkiye Tarihi\u2019nin \u201cklasik\u201d Osmanl\u0131\u2019n\u0131n son d\u00f6nemine (1603-1839) hasredilmi\u015f olan \u00fc\u00e7\u00fcnc\u00fc cildinde III. Mehmed\u2019in \u00f6l\u00fcm\u00fcyle Tanzimat\u2019\u0131n ilan\u0131 aras\u0131nda ge\u00e7en iki asr\u0131 a\u015fk\u0131n o s\u00fcrede olan bitene bak\u0131l\u0131yor. Avrupa\u2019yla ili\u015fkiler \u00f6zellikle \u00f6ne \u00e7\u0131kar\u0131l\u0131yor ve Osmanl\u0131\u2019da dini-siyasi cemaatler, kad\u0131nlar, k\u0131rsal ya\u015fam ve sanat gibi hususlar her y\u00f6n\u00fcyle de\u011ferlendiriliyor. Bu cildin esas meselesini ise d\u00f6neme damgas\u0131n\u0131 vurmu\u015f ama bug\u00fcne dek hak etti\u011fi ilgiye mazhar olmam\u0131\u015f bir husus te\u015fkil ediyor: \u0130stanbul\u2019da konumlanan y\u00f6netici se\u00e7kinlerle ta\u015fral\u0131 tebaa aras\u0131ndaki u\u00e7urum ve bu u\u00e7urumun do\u011furdu\u011fu \u00e7at\u0131\u015fma.   \u201cT\u00fcrkiye tarihiyle ilgilenen herkesin k\u00fct\u00fcphanesinde bulunmas\u0131 gereken bir kitap.\u201d \u2013JESHO <\/p>\n","protected":false},"excerpt":{"rendered":"<p>Cambridge T\u00fcrkiye Tarihi\u2019nin \u201cklasik\u201d Osmanl\u0131\u2019n\u0131n son d\u00f6nemine (1603-1839) hasredilmi\u015f olan \u00fc\u00e7\u00fcnc\u00fc cildinde III. Mehmed\u2019in \u00f6l\u00fcm\u00fcyle Tanzimat\u2019\u0131n ilan\u0131 aras\u0131nda ge\u00e7en iki asr\u0131 a\u015fk\u0131n o s\u00fcrede olan bitene<span class=\"excerpt-hellip\"> [\u2026]<\/span><\/p>\n","protected":false},"featured_media":0,"template":"","meta":{"_monsterinsights_skip_tracking":false,"_monsterinsights_sitenote_active":false,"_monsterinsights_sitenote_note":"","_monsterinsights_sitenote_category":0},"product_brand":[],"product_cat":[12304],"product_tag":[],"class_list":{"0":"post-778203","1":"product","2":"type-product","3":"status-publish","5":"product_cat-tarih","6":"pa_cilt-ciltli","7":"pa_tur-kitap","8":"pa_yayinevi-alfa-yayinlari","9":"pa_yazar-kolektif","11":"first","12":"instock","13":"sale","14":"shipping-taxable","15":"purchasable","16":"product-type-simple"},"_links":{"self":[{"href":"https:\/\/roveyayinevi.com.tr\/index.php\/wp-json\/wp\/v2\/product\/778203","targetHints":{"allow":["GET"]}}],"collection":[{"href":"https:\/\/roveyayinevi.com.tr\/index.php\/wp-json\/wp\/v2\/product"}],"about":[{"href":"https:\/\/roveyayinevi.com.tr\/index.php\/wp-json\/wp\/v2\/types\/product"}],"wp:attachment":[{"href":"https:\/\/roveyayinevi.com.tr\/index.php\/wp-json\/wp\/v2\/media?parent=778203"}],"wp:term":[{"taxonomy":"product_brand","embeddable":true,"href":"https:\/\/roveyayinevi.com.tr\/index.php\/wp-json\/wp\/v2\/product_brand?post=778203"},{"taxonomy":"product_cat","embeddable":true,"href":"https:\/\/roveyayinevi.com.tr\/index.php\/wp-json\/wp\/v2\/product_cat?post=778203"},{"taxonomy":"product_tag","embeddable":true,"href":"https:\/\/roveyayinevi.com.tr\/index.php\/wp-json\/wp\/v2\/product_tag?post=778203"}],"curies":[{"name":"wp","href":"https:\/\/api.w.org\/{rel}","templated":true}]}}