{"id":778198,"date":"2025-11-05T12:19:17","date_gmt":"2025-11-05T09:19:17","guid":{"rendered":"https:\/\/roveyayinevi.com.tr\/index.php\/urun\/cambridge-turkiye-tarihi-1-bizanstan-turkiyeye-1071-1453\/"},"modified":"2026-04-15T03:43:43","modified_gmt":"2026-04-15T00:43:43","slug":"cambridge-turkiye-tarihi-1-bizanstan-turkiyeye-1071-1453","status":"publish","type":"product","link":"https:\/\/roveyayinevi.com.tr\/index.php\/urun\/cambridge-turkiye-tarihi-1-bizanstan-turkiyeye-1071-1453\/","title":{"rendered":"Cambridge T\u00fcrkiye Tarihi 1 &#8211; Bizans\u2019tan  T\u00fcrkiye\u2019ye 1071-1453"},"content":{"rendered":"<p>Cambridge T\u00fcrkiye Tarihi\u2019nin T\u00fcrklerin Anadolu\u2019ya geli\u015fiyle ba\u015flay\u0131p Konstantinopolis\u2019in d\u00fc\u015f\u00fc\u015f\u00fcyle sonlanan bu ilk cildinde s\u00f6z konusu d\u00f6nem (1071-1453) bir b\u00fct\u00fcn olarak ele al\u0131n\u0131yor, pek \u00e7ok uygarl\u0131k ve halka yurtluk etmi\u015f olan kadim bir co\u011frafyan\u0131n ge\u00e7irdi\u011fi siyasi, iktisadi, toplumsal de\u011fi\u015fimler her y\u00f6n\u00fcyle inceleniyor ve ortaya yepyeni bir bak\u0131\u015f a\u00e7\u0131s\u0131 konuyor. Cildin s\u00f6z konusu d\u00f6nemi kesintiler-s\u00fcreklilikler ve askeri \u00e7arp\u0131\u015fmalar-k\u00fclt\u00fcrel birle\u015fmeler \u00fczerinden okumaya gayret eden yazarlar\u0131, okuru Anadolu\u2019ya yeniden ad\u0131m atmaya te\u015fvik ediyor.   \u201cOsmanl\u0131\u2019n\u0131n ilk y\u0131llar\u0131na ve Anadolu\u2019nun tarihine paha bi\u00e7ilmez bir katk\u0131\u2026\u201d \u2013Choice <\/p>\n","protected":false},"excerpt":{"rendered":"<p>Cambridge T\u00fcrkiye Tarihi\u2019nin T\u00fcrklerin Anadolu\u2019ya geli\u015fiyle ba\u015flay\u0131p Konstantinopolis\u2019in d\u00fc\u015f\u00fc\u015f\u00fcyle sonlanan bu ilk cildinde s\u00f6z konusu d\u00f6nem (1071-1453) bir b\u00fct\u00fcn olarak ele al\u0131n\u0131yor, pek \u00e7ok uygarl\u0131k ve<span class=\"excerpt-hellip\"> [\u2026]<\/span><\/p>\n","protected":false},"featured_media":0,"template":"","meta":{"_monsterinsights_skip_tracking":false,"_monsterinsights_sitenote_active":false,"_monsterinsights_sitenote_note":"","_monsterinsights_sitenote_category":0},"product_brand":[],"product_cat":[12304],"product_tag":[],"class_list":{"0":"post-778198","1":"product","2":"type-product","3":"status-publish","5":"product_cat-tarih","6":"pa_cilt-ciltsiz","7":"pa_tur-kitap","8":"pa_yayinevi-alfa-yayinlari","9":"pa_yazar-kolektif","11":"first","12":"instock","13":"sale","14":"shipping-taxable","15":"purchasable","16":"product-type-simple"},"_links":{"self":[{"href":"https:\/\/roveyayinevi.com.tr\/index.php\/wp-json\/wp\/v2\/product\/778198","targetHints":{"allow":["GET"]}}],"collection":[{"href":"https:\/\/roveyayinevi.com.tr\/index.php\/wp-json\/wp\/v2\/product"}],"about":[{"href":"https:\/\/roveyayinevi.com.tr\/index.php\/wp-json\/wp\/v2\/types\/product"}],"wp:attachment":[{"href":"https:\/\/roveyayinevi.com.tr\/index.php\/wp-json\/wp\/v2\/media?parent=778198"}],"wp:term":[{"taxonomy":"product_brand","embeddable":true,"href":"https:\/\/roveyayinevi.com.tr\/index.php\/wp-json\/wp\/v2\/product_brand?post=778198"},{"taxonomy":"product_cat","embeddable":true,"href":"https:\/\/roveyayinevi.com.tr\/index.php\/wp-json\/wp\/v2\/product_cat?post=778198"},{"taxonomy":"product_tag","embeddable":true,"href":"https:\/\/roveyayinevi.com.tr\/index.php\/wp-json\/wp\/v2\/product_tag?post=778198"}],"curies":[{"name":"wp","href":"https:\/\/api.w.org\/{rel}","templated":true}]}}