{"id":778194,"date":"2025-11-05T12:19:12","date_gmt":"2025-11-05T09:19:12","guid":{"rendered":"https:\/\/roveyayinevi.com.tr\/index.php\/urun\/psikososyal-acidan-halk-inanislari\/"},"modified":"2026-04-15T03:43:43","modified_gmt":"2026-04-15T00:43:43","slug":"psikososyal-acidan-halk-inanislari","status":"publish","type":"product","link":"https:\/\/roveyayinevi.com.tr\/index.php\/urun\/psikososyal-acidan-halk-inanislari\/","title":{"rendered":"Psikososyal A\u00e7\u0131dan Halk \u0130nan\u0131\u015flar\u0131"},"content":{"rendered":"<p>Halk inan\u0131\u015flar\u0131yla ilgili yap\u0131lan tan\u0131mlarda bazen kitabi dinin de halk inan\u0131\u015f\u0131na d\u00f6n\u00fc\u015ft\u00fc\u011f\u00fc dile getirilirken \u00e7o\u011fu zaman kitabi din d\u0131\u015f\u0131ndaki bat\u0131l inan\u0131\u015f veya hurafe olarak nitelenen hususlar\u0131n halk inan\u0131\u015f\u0131 olarak nitelenece\u011fi ifade edilmi\u015ftir. Bundan dolay\u0131 dinin kendisiyle birlikte halk inan\u0131\u015flar\u0131n\u0131n da ortadan kalkaca\u011f\u0131 iddias\u0131n\u0131n yan\u0131nda baz\u0131 d\u00fc\u015f\u00fcn\u00fcrler insanlar\u0131n bilimde, teknolojide, sa\u011fl\u0131kta ilerlemesiyle ve kitabi\/kurumsal  dinin sundu\u011fu bilgilerin herkes taraf\u0131ndan ula\u015f\u0131labilir olmas\u0131yla da halk inan\u0131\u015flar\u0131n\u0131n ortadan kalkaca\u011f\u0131 tahmininde bulunmu\u015ftur. \u00c7al\u0131\u015fman\u0131n onuncu b\u00f6l\u00fcm\u00fcnde halk inan\u0131\u015flar\u0131n\u0131n g\u00fcn\u00fcm\u00fczdeki durumu ele al\u0131nmakta ve halk inan\u0131\u015flar\u0131yla kitabi din, yerle\u015fim yeri, e\u011fitim, bilim ve sosyoekonomik seviye aras\u0131ndaki ili\u015fkiler tart\u0131\u015f\u0131lacakt\u0131r. Halk inan\u0131\u015flar\u0131, halk k\u00fclt\u00fcr\u00fcn\u00fcn bir \u00f6\u011fesi olarak halk edebiyat\u0131 taraf\u0131ndan incelenirken din\u00ee a\u00e7\u0131dan h\u00fckm\u00fc \u0130slam hukuku a\u00e7\u0131s\u0131ndan, itikadi a\u00e7\u0131dan ise kelam taraf\u0131ndan incelenmektedir. Bunun yan\u0131nda farkl\u0131 ge\u00e7mi\u015f inan\u00e7 k\u00f6kenleri a\u00e7\u0131s\u0131ndan dinler tarihi ve antropolojinin alan\u0131na girerken, toplumda yayg\u0131n inan\u0131\u015flar olarak sosyoloji ve din sosyolojisinin bireyler \u00fczerindeki etkileri a\u00e7\u0131s\u0131ndan ise psikoloji ve din psikolojisinin ilgi alan\u0131na girmektedir. Bu \u00e7al\u0131\u015fmada halk inan\u0131\u015flar\u0131 din psikolojisi a\u00e7\u0131s\u0131ndan ele al\u0131nm\u0131\u015ft\u0131r. <\/p>\n","protected":false},"excerpt":{"rendered":"<p>Halk inan\u0131\u015flar\u0131yla ilgili yap\u0131lan tan\u0131mlarda bazen kitabi dinin de halk inan\u0131\u015f\u0131na d\u00f6n\u00fc\u015ft\u00fc\u011f\u00fc dile getirilirken \u00e7o\u011fu zaman kitabi din d\u0131\u015f\u0131ndaki bat\u0131l inan\u0131\u015f veya hurafe olarak nitelenen hususlar\u0131n<span class=\"excerpt-hellip\"> [\u2026]<\/span><\/p>\n","protected":false},"featured_media":0,"template":"","meta":{"_monsterinsights_skip_tracking":false,"_monsterinsights_sitenote_active":false,"_monsterinsights_sitenote_note":"","_monsterinsights_sitenote_category":0},"product_brand":[],"product_cat":[12325,12324],"product_tag":[],"class_list":{"0":"post-778194","1":"product","2":"type-product","3":"status-publish","5":"product_cat-diger-sosyoloji","6":"product_cat-sosyoloji","7":"pa_cilt-ciltsiz","8":"pa_tur-kitap","9":"pa_yayinevi-soncag-akademik-kitaplar","10":"pa_yazar-suleyman-abanoz","12":"first","13":"instock","14":"sale","15":"shipping-taxable","16":"purchasable","17":"product-type-simple"},"_links":{"self":[{"href":"https:\/\/roveyayinevi.com.tr\/index.php\/wp-json\/wp\/v2\/product\/778194","targetHints":{"allow":["GET"]}}],"collection":[{"href":"https:\/\/roveyayinevi.com.tr\/index.php\/wp-json\/wp\/v2\/product"}],"about":[{"href":"https:\/\/roveyayinevi.com.tr\/index.php\/wp-json\/wp\/v2\/types\/product"}],"wp:attachment":[{"href":"https:\/\/roveyayinevi.com.tr\/index.php\/wp-json\/wp\/v2\/media?parent=778194"}],"wp:term":[{"taxonomy":"product_brand","embeddable":true,"href":"https:\/\/roveyayinevi.com.tr\/index.php\/wp-json\/wp\/v2\/product_brand?post=778194"},{"taxonomy":"product_cat","embeddable":true,"href":"https:\/\/roveyayinevi.com.tr\/index.php\/wp-json\/wp\/v2\/product_cat?post=778194"},{"taxonomy":"product_tag","embeddable":true,"href":"https:\/\/roveyayinevi.com.tr\/index.php\/wp-json\/wp\/v2\/product_tag?post=778194"}],"curies":[{"name":"wp","href":"https:\/\/api.w.org\/{rel}","templated":true}]}}