{"id":778190,"date":"2025-11-05T12:19:05","date_gmt":"2025-11-05T09:19:05","guid":{"rendered":"https:\/\/roveyayinevi.com.tr\/index.php\/urun\/vergi-nedir\/"},"modified":"2026-04-15T03:43:43","modified_gmt":"2026-04-15T00:43:43","slug":"vergi-nedir","status":"publish","type":"product","link":"https:\/\/roveyayinevi.com.tr\/index.php\/urun\/vergi-nedir\/","title":{"rendered":"Vergi Nedir?"},"content":{"rendered":"<p>Neden vergi \u00f6deriz? Ne gibi faydalar\u0131 ve zararlar\u0131 vard\u0131r? Peki, nas\u0131l daha i\u015flevsel h\u00e2le gelebilir?\u201d Eamonn Butler, bu kitapta vergilendirmenin tarihini, ama\u00e7lar\u0131n\u0131 ve bireyler ile ekonomiler \u00fczerindeki etkilerini teknik terimlerden uzak, anla\u015f\u0131l\u0131r bir dille ele al\u0131yor. \u0130yi bir vergi politikas\u0131n\u0131n temel ilkeleri olan adalet, kesinlik, kolayl\u0131k ve verimlili\u011fi ortaya koyan \u00f6nc\u00fc ekonomist Adam Smith\u2019in g\u00f6r\u00fc\u015flerine ba\u015fvuruyor. Ancak vergilendirmenin \u00e7o\u011fu zaman bu hedeflerden sapt\u0131\u011f\u0131n\u0131, siyas\u00ee ama\u00e7larla \u00e7arp\u0131t\u0131ld\u0131\u011f\u0131n\u0131 ve en \u00e7ok da d\u00fc\u015f\u00fck gelirli kesimlere a\u011f\u0131r y\u00fck getirdi\u011fini vurguluyor. Vergi sistemi; a\u015f\u0131r\u0131 karma\u015f\u0131k, uyum s\u00fcreci pahal\u0131 ve zahmetli ve kimi durumlarda yarardan \u00e7ok zarar verici bir nitelik ta\u015f\u0131yor. Butler, yeni ve daha y\u00fcksek vergilerin arkas\u0131ndaki aceleci ve tepkisel anlay\u0131\u015f\u0131 \u00f6zl\u00fc ve tutarl\u0131 bi\u00e7imde ele\u015ftiriyor. Kamu hizmetlerini finanse etmenin farkl\u0131 yollar\u0131n\u0131 tart\u0131\u015f\u0131rken, \u00e7ok daha iyi ve \u00e7ok daha basit bir vergi sisteminin hangi ilkelere dayanabilece\u011fini inceliyor. <\/p>\n","protected":false},"excerpt":{"rendered":"<p>Neden vergi \u00f6deriz? Ne gibi faydalar\u0131 ve zararlar\u0131 vard\u0131r? Peki, nas\u0131l daha i\u015flevsel h\u00e2le gelebilir?\u201d Eamonn Butler, bu kitapta vergilendirmenin tarihini, ama\u00e7lar\u0131n\u0131 ve bireyler ile ekonomiler<span class=\"excerpt-hellip\"> [\u2026]<\/span><\/p>\n","protected":false},"featured_media":0,"template":"","meta":{"_monsterinsights_skip_tracking":false,"_monsterinsights_sitenote_active":false,"_monsterinsights_sitenote_note":"","_monsterinsights_sitenote_category":0},"product_brand":[],"product_cat":[13043],"product_tag":[],"class_list":{"0":"post-778190","1":"product","2":"type-product","3":"status-publish","5":"product_cat-ekonomi","6":"pa_cilt-ciltsiz","7":"pa_tur-kitap","8":"pa_yayinevi-serbest-kitaplar","9":"pa_yazar-eamonn-butler","11":"first","12":"instock","13":"sale","14":"shipping-taxable","15":"purchasable","16":"product-type-simple"},"_links":{"self":[{"href":"https:\/\/roveyayinevi.com.tr\/index.php\/wp-json\/wp\/v2\/product\/778190","targetHints":{"allow":["GET"]}}],"collection":[{"href":"https:\/\/roveyayinevi.com.tr\/index.php\/wp-json\/wp\/v2\/product"}],"about":[{"href":"https:\/\/roveyayinevi.com.tr\/index.php\/wp-json\/wp\/v2\/types\/product"}],"wp:attachment":[{"href":"https:\/\/roveyayinevi.com.tr\/index.php\/wp-json\/wp\/v2\/media?parent=778190"}],"wp:term":[{"taxonomy":"product_brand","embeddable":true,"href":"https:\/\/roveyayinevi.com.tr\/index.php\/wp-json\/wp\/v2\/product_brand?post=778190"},{"taxonomy":"product_cat","embeddable":true,"href":"https:\/\/roveyayinevi.com.tr\/index.php\/wp-json\/wp\/v2\/product_cat?post=778190"},{"taxonomy":"product_tag","embeddable":true,"href":"https:\/\/roveyayinevi.com.tr\/index.php\/wp-json\/wp\/v2\/product_tag?post=778190"}],"curies":[{"name":"wp","href":"https:\/\/api.w.org\/{rel}","templated":true}]}}