{"id":778189,"date":"2025-11-05T12:19:04","date_gmt":"2025-11-05T09:19:04","guid":{"rendered":"https:\/\/roveyayinevi.com.tr\/index.php\/urun\/esitlik-2\/"},"modified":"2026-04-15T03:43:43","modified_gmt":"2026-04-15T00:43:43","slug":"esitlik-2","status":"publish","type":"product","link":"https:\/\/roveyayinevi.com.tr\/index.php\/urun\/esitlik-2\/","title":{"rendered":"E\u015fitlik"},"content":{"rendered":"<p>Bu kitapta, d\u00fcnyan\u0131n en etkili d\u00fc\u015f\u00fcn\u00fcrlerinden ikisi e\u015fitli\u011fin de\u011ferini sorguluyor; bizi birbirimizden ay\u0131ran u\u00e7urumlar\u0131 daraltmak i\u00e7in yurtta\u015flar\u0131n ve h\u00fck\u00fcmetlerin ne yapmas\u0131 gerekti\u011fini tart\u0131\u015f\u0131yor. Ekonomi, felsefe, tarih ve g\u00fcncel geli\u015fmeleri kapsayan bu diyalogda Thomas Piketty ve Michael Sandel, daha b\u00fcy\u00fck bir e\u015fitlik yolunda ne kadar ilerledi\u011fimizi de\u011ferlendirirken, ayn\u0131 zamanda servet, gelir, g\u00fc\u00e7 ve stat\u00fcde ulusal ve k\u00fcresel \u00f6l\u00e7ekte h\u00e2l\u00e2 s\u00fcregiden derin u\u00e7urumlarla da y\u00fczle\u015fiyorlar.   Peki, siyasal istikrars\u0131zl\u0131\u011f\u0131n ve \u00e7evre krizinin bu denli derinle\u015fti\u011fi bir d\u00f6nemde ne yap\u0131labilir? Piketty ve Sandel pek \u00e7ok konuda hemfikir: sa\u011fl\u0131k ve e\u011fitime daha kapsay\u0131c\u0131 yat\u0131r\u0131mlar yap\u0131lmal\u0131, artan oranl\u0131 vergilendirme g\u00fc\u00e7lendirilmeli, zenginlerin siyasal etkisiyle piyasa tahakk\u00fcm\u00fc s\u0131n\u0131rland\u0131r\u0131lmal\u0131. Ancak bu ne \u00f6l\u00e7\u00fcde ve ne h\u0131zla m\u00fcmk\u00fcn? \u00d6nceli\u011fimiz maddi de\u011fi\u015fim mi olmal\u0131, yoksa toplumsal d\u00f6n\u00fc\u015f\u00fcm m\u00fc? Milliyet\u00e7i hareketlerin yeniden g\u00fc\u00e7 kazand\u0131\u011f\u0131 bir ortamda, de\u011fi\u015fim i\u00e7in umut var m\u0131? Sol, kitlesel g\u00f6\u00e7 ve k\u00fcresel iklim krizi gibi meydan okumalarla \u00e7at\u0131\u015fma potansiyeli ta\u015f\u0131yan vatanseverlik ve dayan\u0131\u015fma gibi de\u011ferlerle nas\u0131l ili\u015fki kurmal\u0131?   Piketty ve Sandel\u2019in bu ve benzeri sorularla hesapla\u015ft\u0131\u011f\u0131n\u0131 g\u00f6rmek, de\u011fi\u015fim ve adalet i\u00e7in yeni imk\u00e2nlara kap\u0131 aral\u0131yor. Ama ayn\u0131 zamanda daha fazla e\u015fitli\u011fe giden yolun hi\u00e7bir zaman kolay olmad\u0131\u011f\u0131n\u0131; bu yolun daima derin toplumsal \u00e7at\u0131\u015fmalar\u0131 ve siyasal m\u00fccadeleleri beraberinde getirdi\u011fini hat\u0131rlat\u0131yor. <\/p>\n","protected":false},"excerpt":{"rendered":"<p>Bu kitapta, d\u00fcnyan\u0131n en etkili d\u00fc\u015f\u00fcn\u00fcrlerinden ikisi e\u015fitli\u011fin de\u011ferini sorguluyor; bizi birbirimizden ay\u0131ran u\u00e7urumlar\u0131 daraltmak i\u00e7in yurtta\u015flar\u0131n ve h\u00fck\u00fcmetlerin ne yapmas\u0131 gerekti\u011fini tart\u0131\u015f\u0131yor. Ekonomi, felsefe, tarih<span class=\"excerpt-hellip\"> [\u2026]<\/span><\/p>\n","protected":false},"featured_media":0,"template":"","meta":{"_monsterinsights_skip_tracking":false,"_monsterinsights_sitenote_active":false,"_monsterinsights_sitenote_note":"","_monsterinsights_sitenote_category":0},"product_brand":[],"product_cat":[12388,15536],"product_tag":[],"class_list":{"0":"post-778189","1":"product","2":"type-product","3":"status-publish","5":"product_cat-felsefe","6":"product_cat-siyaset-felsefesi","7":"pa_cilt-ciltsiz","8":"pa_tur-kitap","9":"pa_yayinevi-serbest-kitaplar","10":"pa_yazar-thomas-piketty-michael-j-sandel","12":"first","13":"instock","14":"sale","15":"shipping-taxable","16":"purchasable","17":"product-type-simple"},"_links":{"self":[{"href":"https:\/\/roveyayinevi.com.tr\/index.php\/wp-json\/wp\/v2\/product\/778189","targetHints":{"allow":["GET"]}}],"collection":[{"href":"https:\/\/roveyayinevi.com.tr\/index.php\/wp-json\/wp\/v2\/product"}],"about":[{"href":"https:\/\/roveyayinevi.com.tr\/index.php\/wp-json\/wp\/v2\/types\/product"}],"wp:attachment":[{"href":"https:\/\/roveyayinevi.com.tr\/index.php\/wp-json\/wp\/v2\/media?parent=778189"}],"wp:term":[{"taxonomy":"product_brand","embeddable":true,"href":"https:\/\/roveyayinevi.com.tr\/index.php\/wp-json\/wp\/v2\/product_brand?post=778189"},{"taxonomy":"product_cat","embeddable":true,"href":"https:\/\/roveyayinevi.com.tr\/index.php\/wp-json\/wp\/v2\/product_cat?post=778189"},{"taxonomy":"product_tag","embeddable":true,"href":"https:\/\/roveyayinevi.com.tr\/index.php\/wp-json\/wp\/v2\/product_tag?post=778189"}],"curies":[{"name":"wp","href":"https:\/\/api.w.org\/{rel}","templated":true}]}}