{"id":778186,"date":"2025-11-05T12:18:58","date_gmt":"2025-11-05T09:18:58","guid":{"rendered":"https:\/\/roveyayinevi.com.tr\/index.php\/urun\/bilimde-ortak-olcusuzluk\/"},"modified":"2026-04-15T03:43:43","modified_gmt":"2026-04-15T00:43:43","slug":"bilimde-ortak-olcusuzluk","status":"publish","type":"product","link":"https:\/\/roveyayinevi.com.tr\/index.php\/urun\/bilimde-ortak-olcusuzluk\/","title":{"rendered":"Bilimde Ortak \u00d6l\u00e7\u00fcs\u00fczl\u00fck"},"content":{"rendered":"<p>Thomas S. Kuhn\u2019un tamamlanmam\u0131\u015f \u00e7al\u0131\u015fmas\u0131 D\u00fcnyalar\u0131n \u00c7oklu\u011fu ile yine daha \u00f6nce yay\u0131mlanmam\u0131\u015f derslerini i\u00e7eren bu kitap, onun bilim felsefesine dair en son ve en yo\u011fun d\u00fc\u015f\u00fcncelerini ortaya koyuyor. Bilimsel Devrimlerin Yap\u0131s\u0131\u2019yla bilim tarihi ve felsefesine y\u00f6n veren Kuhn, sonraki y\u0131llar\u0131nda bu \u00e7\u0131\u011f\u0131r a\u00e7\u0131c\u0131 kitab\u0131n \u00f6tesine ge\u00e7me aray\u0131\u015f\u0131na girmi\u015fti. Paradigma kavram\u0131n\u0131n a\u00e7t\u0131\u011f\u0131 tart\u0131\u015fmalar, ortak \u00f6l\u00e7\u00fcs\u00fczl\u00fck sorununu daha da keskinle\u015ftirdi ve Kuhn\u2019u dili, s\u00f6z da\u011farc\u0131klar\u0131n\u0131, anlam\u0131 ve prati\u011fi daha derinden ele almaya y\u00f6neltti. Bu kitap bilimsel bilginin tarihsel ve dilsel temellerini, kavramsal taksonomiler aras\u0131ndaki farkl\u0131l\u0131klar\u0131 tart\u0131\u015f\u0131yor; bilimin d\u00fcz bir \u00e7izgide de\u011fil, \u00e7o\u011ful \u201cd\u00fcnyalar\u201d boyunca evrildi\u011fi d\u00fc\u015f\u00fcncesine bir temel kazand\u0131rmaya \u00e7al\u0131\u015f\u0131yor. Tamamlanmam\u0131\u015f olsa da D\u00fcnyalar\u0131n \u00c7oklu\u011fu, Kuhn\u2019un zihninde a\u00e7\u0131lan yeni ufuklar\u0131, bilimsel bilginin evrimine dair h\u00e2l\u00e2 g\u00fcncelli\u011fini koruyan sorular\u0131 ve Yap\u0131 sonras\u0131 d\u00f6nemde \u015fekillenen \u00f6zg\u00fcn yakla\u015f\u0131m\u0131n\u0131 yans\u0131t\u0131yor. Okurun burada bulaca\u011f\u0131 metinleri, bitmemi\u015f bir \u00e7al\u0131\u015fman\u0131n par\u00e7aslar\u0131 de\u011fil, bilim felsefesinin en etkili d\u00fc\u015f\u00fcn\u00fcrlerinden birinin son b\u00fcy\u00fck giri\u015fiminden bize kalan bir mirast\u0131r.              \u201cKuhn\u2019un durmadan arayan, yeniden yap\u0131land\u0131ran, odaklanan ve geni\u015fleyen y\u00f6ntemi, hi\u00e7bir zaman kesin bir sonuca varmam\u0131\u015f ya da s\u00f6ylediklerine son noktay\u0131 koymam\u0131\u015ft\u0131r, ama bence felsefede ba\u015far\u0131 tam da b\u00f6yle bir \u015feydir.\u201d (Bojana Mladenovi\u0107)<\/p>\n","protected":false},"excerpt":{"rendered":"<p>Thomas S. Kuhn\u2019un tamamlanmam\u0131\u015f \u00e7al\u0131\u015fmas\u0131 D\u00fcnyalar\u0131n \u00c7oklu\u011fu ile yine daha \u00f6nce yay\u0131mlanmam\u0131\u015f derslerini i\u00e7eren bu kitap, onun bilim felsefesine dair en son ve en yo\u011fun d\u00fc\u015f\u00fcncelerini<span class=\"excerpt-hellip\"> [\u2026]<\/span><\/p>\n","protected":false},"featured_media":0,"template":"","meta":{"_monsterinsights_skip_tracking":false,"_monsterinsights_sitenote_active":false,"_monsterinsights_sitenote_note":"","_monsterinsights_sitenote_category":0},"product_brand":[],"product_cat":[13005,37328],"product_tag":[],"class_list":{"0":"post-778186","1":"product","2":"type-product","3":"status-publish","5":"product_cat-bilim-muhendislik","6":"product_cat-diger-bilim-muhendislik","7":"pa_cilt-ciltsiz","8":"pa_tur-kitap","9":"pa_yayinevi-islik-yayinlari","10":"pa_yazar-thomas-s-kuhn","12":"first","13":"instock","14":"sale","15":"shipping-taxable","16":"purchasable","17":"product-type-simple"},"_links":{"self":[{"href":"https:\/\/roveyayinevi.com.tr\/index.php\/wp-json\/wp\/v2\/product\/778186","targetHints":{"allow":["GET"]}}],"collection":[{"href":"https:\/\/roveyayinevi.com.tr\/index.php\/wp-json\/wp\/v2\/product"}],"about":[{"href":"https:\/\/roveyayinevi.com.tr\/index.php\/wp-json\/wp\/v2\/types\/product"}],"wp:attachment":[{"href":"https:\/\/roveyayinevi.com.tr\/index.php\/wp-json\/wp\/v2\/media?parent=778186"}],"wp:term":[{"taxonomy":"product_brand","embeddable":true,"href":"https:\/\/roveyayinevi.com.tr\/index.php\/wp-json\/wp\/v2\/product_brand?post=778186"},{"taxonomy":"product_cat","embeddable":true,"href":"https:\/\/roveyayinevi.com.tr\/index.php\/wp-json\/wp\/v2\/product_cat?post=778186"},{"taxonomy":"product_tag","embeddable":true,"href":"https:\/\/roveyayinevi.com.tr\/index.php\/wp-json\/wp\/v2\/product_tag?post=778186"}],"curies":[{"name":"wp","href":"https:\/\/api.w.org\/{rel}","templated":true}]}}