{"id":778185,"date":"2025-11-05T12:18:56","date_gmt":"2025-11-05T09:18:56","guid":{"rendered":"https:\/\/roveyayinevi.com.tr\/index.php\/urun\/islamiyet-ve-siyaset\/"},"modified":"2026-04-15T03:43:43","modified_gmt":"2026-04-15T00:43:43","slug":"islamiyet-ve-siyaset","status":"publish","type":"product","link":"https:\/\/roveyayinevi.com.tr\/index.php\/urun\/islamiyet-ve-siyaset\/","title":{"rendered":"\u0130slamiyet ve Siyaset"},"content":{"rendered":"<p>\u0130slam ve siyaset aras\u0131ndaki derin ili\u015fkiyi, tarih\u00ee \u00f6rnekler ve g\u00fcn\u00fcm\u00fcz meseleleri \u0131\u015f\u0131\u011f\u0131nda ele alan bu eser, okuyucuya hem ge\u00e7mi\u015fin tecr\u00fcbelerini hem de g\u00fcn\u00fcm\u00fcz\u00fcn ger\u00e7eklerini sunuyor. Liderlik, adalet, toplumsal sorumluluk ve gen\u00e7 nesillerin rol\u00fc gibi konular \u00fczerinden, \u0130slami ilkelerle modern y\u00f6netim anlay\u0131\u015f\u0131n\u0131n nas\u0131l dengelenebilece\u011fini a\u00e7\u0131kl\u0131yor. Toplumlar\u0131n huzur ve istikrar\u0131n\u0131 sa\u011flayan evrensel de\u011ferleri anlamak, gelece\u011fe bilin\u00e7li ve etik ad\u0131mlarla y\u00fcr\u00fcmek isteyen herkes i\u00e7in vazge\u00e7ilmez bir rehber. <\/p>\n","protected":false},"excerpt":{"rendered":"<p>\u0130slam ve siyaset aras\u0131ndaki derin ili\u015fkiyi, tarih\u00ee \u00f6rnekler ve g\u00fcn\u00fcm\u00fcz meseleleri \u0131\u015f\u0131\u011f\u0131nda ele alan bu eser, okuyucuya hem ge\u00e7mi\u015fin tecr\u00fcbelerini hem de g\u00fcn\u00fcm\u00fcz\u00fcn ger\u00e7eklerini sunuyor. Liderlik,<span class=\"excerpt-hellip\"> [\u2026]<\/span><\/p>\n","protected":false},"featured_media":0,"template":"","meta":{"_monsterinsights_skip_tracking":false,"_monsterinsights_sitenote_active":false,"_monsterinsights_sitenote_note":"","_monsterinsights_sitenote_category":0},"product_brand":[],"product_cat":[12718,12719],"product_tag":[],"class_list":{"0":"post-778185","1":"product","2":"type-product","3":"status-publish","5":"product_cat-din","6":"product_cat-islam","7":"pa_cilt-ciltsiz","8":"pa_tur-kitap","9":"pa_yayinevi-kalem-lugat-yayincilik","10":"pa_yazar-nurullah-opcin","12":"first","13":"instock","14":"sale","15":"shipping-taxable","16":"purchasable","17":"product-type-simple"},"_links":{"self":[{"href":"https:\/\/roveyayinevi.com.tr\/index.php\/wp-json\/wp\/v2\/product\/778185","targetHints":{"allow":["GET"]}}],"collection":[{"href":"https:\/\/roveyayinevi.com.tr\/index.php\/wp-json\/wp\/v2\/product"}],"about":[{"href":"https:\/\/roveyayinevi.com.tr\/index.php\/wp-json\/wp\/v2\/types\/product"}],"wp:attachment":[{"href":"https:\/\/roveyayinevi.com.tr\/index.php\/wp-json\/wp\/v2\/media?parent=778185"}],"wp:term":[{"taxonomy":"product_brand","embeddable":true,"href":"https:\/\/roveyayinevi.com.tr\/index.php\/wp-json\/wp\/v2\/product_brand?post=778185"},{"taxonomy":"product_cat","embeddable":true,"href":"https:\/\/roveyayinevi.com.tr\/index.php\/wp-json\/wp\/v2\/product_cat?post=778185"},{"taxonomy":"product_tag","embeddable":true,"href":"https:\/\/roveyayinevi.com.tr\/index.php\/wp-json\/wp\/v2\/product_tag?post=778185"}],"curies":[{"name":"wp","href":"https:\/\/api.w.org\/{rel}","templated":true}]}}