{"id":778174,"date":"2025-11-05T12:18:37","date_gmt":"2025-11-05T09:18:37","guid":{"rendered":"https:\/\/roveyayinevi.com.tr\/index.php\/urun\/kitap-kurdunun-yukselisi-6\/"},"modified":"2026-04-15T03:43:42","modified_gmt":"2026-04-15T00:43:42","slug":"kitap-kurdunun-yukselisi-6","status":"publish","type":"product","link":"https:\/\/roveyayinevi.com.tr\/index.php\/urun\/kitap-kurdunun-yukselisi-6\/","title":{"rendered":"Kitap Kurdu&#8217;nun Y\u00fckseli\u015fi &#8211; 6"},"content":{"rendered":"<p>Myne okuyabilmek i\u00e7in kitap \u00fcretme yolculu\u011funa devam eder. Bu s\u0131rada \u201ct\u00fcketme hastal\u0131\u011f\u0131\u201dyla m\u00fccadele ediyordur ve tedavi olmak i\u00e7in \u00e7ok para gerekti\u011fini \u00f6\u011frenir. \u0130\u00e7indeki ya\u015fama hissiyle birlikte, eski d\u00fcnyas\u0131nda \u00f6\u011frendi\u011fi yeni bilgileri satmaya karar verir. Fakat \u201ct\u00fcketme hastal\u0131\u011f\u0131\u201d onu g\u00fcnden g\u00fcne \u00e7\u00fcr\u00fctmeye devam ediyordur ve bir i\u015f toplant\u0131s\u0131nda bilincini kaybeder. <\/p>\n","protected":false},"excerpt":{"rendered":"<p>Myne okuyabilmek i\u00e7in kitap \u00fcretme yolculu\u011funa devam eder. Bu s\u0131rada \u201ct\u00fcketme hastal\u0131\u011f\u0131\u201dyla m\u00fccadele ediyordur ve tedavi olmak i\u00e7in \u00e7ok para gerekti\u011fini \u00f6\u011frenir. \u0130\u00e7indeki ya\u015fama hissiyle birlikte,<span class=\"excerpt-hellip\"> [\u2026]<\/span><\/p>\n","protected":false},"featured_media":0,"template":"","meta":{"_monsterinsights_skip_tracking":false,"_monsterinsights_sitenote_active":false,"_monsterinsights_sitenote_note":"","_monsterinsights_sitenote_category":0},"product_brand":[],"product_cat":[12416,12291],"product_tag":[],"class_list":{"0":"post-778174","1":"product","2":"type-product","3":"status-publish","5":"product_cat-cizgi-roman","6":"product_cat-edebiyat","7":"pa_cilt-ciltsiz","8":"pa_tur-kitap","9":"pa_yayinevi-beta-byou","10":"pa_yazar-miya-kazuki","12":"first","13":"instock","14":"sale","15":"shipping-taxable","16":"purchasable","17":"product-type-simple"},"_links":{"self":[{"href":"https:\/\/roveyayinevi.com.tr\/index.php\/wp-json\/wp\/v2\/product\/778174","targetHints":{"allow":["GET"]}}],"collection":[{"href":"https:\/\/roveyayinevi.com.tr\/index.php\/wp-json\/wp\/v2\/product"}],"about":[{"href":"https:\/\/roveyayinevi.com.tr\/index.php\/wp-json\/wp\/v2\/types\/product"}],"wp:attachment":[{"href":"https:\/\/roveyayinevi.com.tr\/index.php\/wp-json\/wp\/v2\/media?parent=778174"}],"wp:term":[{"taxonomy":"product_brand","embeddable":true,"href":"https:\/\/roveyayinevi.com.tr\/index.php\/wp-json\/wp\/v2\/product_brand?post=778174"},{"taxonomy":"product_cat","embeddable":true,"href":"https:\/\/roveyayinevi.com.tr\/index.php\/wp-json\/wp\/v2\/product_cat?post=778174"},{"taxonomy":"product_tag","embeddable":true,"href":"https:\/\/roveyayinevi.com.tr\/index.php\/wp-json\/wp\/v2\/product_tag?post=778174"}],"curies":[{"name":"wp","href":"https:\/\/api.w.org\/{rel}","templated":true}]}}