{"id":778172,"date":"2025-11-05T12:18:33","date_gmt":"2025-11-05T09:18:33","guid":{"rendered":"https:\/\/roveyayinevi.com.tr\/index.php\/urun\/quo-vadis\/"},"modified":"2026-04-15T03:43:42","modified_gmt":"2026-04-15T00:43:42","slug":"quo-vadis","status":"publish","type":"product","link":"https:\/\/roveyayinevi.com.tr\/index.php\/urun\/quo-vadis\/","title":{"rendered":"Quo Vadis?"},"content":{"rendered":"<p>\u201cQUO VAD\u0130S?\u201d Latince bir tabir, \u201cNEREYE G\u0130D\u0130YORSUN?\u201d anlam\u0131nda. Kendisine sorular sormaktan vazge\u00e7meyen insano\u011flunun, kafas\u0131n\u0131 kurcalayanlar\u0131n en ba\u015f\u0131nda gelen bir soru esasen bu. Ko\u015fturmacan\u0131n, hengamenin i\u00e7inde hamsterlar gibi durmaks\u0131z\u0131n \u00e7abalayan bizlerin, bir nefeslik durdu\u011fumuzda, kendimizde bu soruyu sormam\u0131z bizi nerelere g\u00f6t\u00fcr\u00fcr d\u00fc\u015f\u00fcnmekte yarar var. Hatta \u015fah\u0131s zamirleri kapsam\u0131nda bir fiil \u00e7ekimine maruz b\u0131rak\u0131lmas\u0131 da faydal\u0131 olabilir bu sorunun:   \u201cNereye gidiyorum? Nereye gidiyorsun? Nereye gidiyor? Nereye gidiyoruz? Nereye gidiyorsunuz? Nereye gidiyorlar?\u201d   Cevab\u0131 herkes kendisi verecek elbette?   \u201cQUO VAD\u0130S?\u201d cevaplar\u0131 bar\u0131nd\u0131rm\u0131yor, soru da sormuyor esasen, \u201c\u015e\u0130\u0130R\u201d vadediyor, g\u00f6n\u00fcllere hitap eden, y\u00fcreklere dokunan bir \u201c\u015e\u0130\u0130R SEYAHAT\u0130\u201dne davet ediyor okuru.                  K\u00fclt\u00fcr ve Turizm Bakanl\u0131\u011f\u0131 Halk \u015eairi Kart\u0131 sahibi Hakan KARCI\u2019n\u0131n yeni kitab\u0131 \u201cQUO VAD\u0130S?\u201d ile do\u011fru rota ile yeni ufuklara yolculu\u011fumuz devam ediyor. <\/p>\n","protected":false},"excerpt":{"rendered":"<p>\u201cQUO VAD\u0130S?\u201d Latince bir tabir, \u201cNEREYE G\u0130D\u0130YORSUN?\u201d anlam\u0131nda. Kendisine sorular sormaktan vazge\u00e7meyen insano\u011flunun, kafas\u0131n\u0131 kurcalayanlar\u0131n en ba\u015f\u0131nda gelen bir soru esasen bu. Ko\u015fturmacan\u0131n, hengamenin i\u00e7inde hamsterlar<span class=\"excerpt-hellip\"> [\u2026]<\/span><\/p>\n","protected":false},"featured_media":0,"template":"","meta":{"_monsterinsights_skip_tracking":false,"_monsterinsights_sitenote_active":false,"_monsterinsights_sitenote_note":"","_monsterinsights_sitenote_category":0},"product_brand":[],"product_cat":[12291,12509],"product_tag":[],"class_list":{"0":"post-778172","1":"product","2":"type-product","3":"status-publish","5":"product_cat-edebiyat","6":"product_cat-siir","7":"pa_cilt-ciltsiz","8":"pa_tur-kitap","9":"pa_yayinevi-kaptan-kitap","10":"pa_yazar-hakan-karci","12":"first","13":"instock","14":"sale","15":"shipping-taxable","16":"purchasable","17":"product-type-simple"},"_links":{"self":[{"href":"https:\/\/roveyayinevi.com.tr\/index.php\/wp-json\/wp\/v2\/product\/778172","targetHints":{"allow":["GET"]}}],"collection":[{"href":"https:\/\/roveyayinevi.com.tr\/index.php\/wp-json\/wp\/v2\/product"}],"about":[{"href":"https:\/\/roveyayinevi.com.tr\/index.php\/wp-json\/wp\/v2\/types\/product"}],"wp:attachment":[{"href":"https:\/\/roveyayinevi.com.tr\/index.php\/wp-json\/wp\/v2\/media?parent=778172"}],"wp:term":[{"taxonomy":"product_brand","embeddable":true,"href":"https:\/\/roveyayinevi.com.tr\/index.php\/wp-json\/wp\/v2\/product_brand?post=778172"},{"taxonomy":"product_cat","embeddable":true,"href":"https:\/\/roveyayinevi.com.tr\/index.php\/wp-json\/wp\/v2\/product_cat?post=778172"},{"taxonomy":"product_tag","embeddable":true,"href":"https:\/\/roveyayinevi.com.tr\/index.php\/wp-json\/wp\/v2\/product_tag?post=778172"}],"curies":[{"name":"wp","href":"https:\/\/api.w.org\/{rel}","templated":true}]}}