{"id":778171,"date":"2025-11-05T12:18:31","date_gmt":"2025-11-05T09:18:31","guid":{"rendered":"https:\/\/roveyayinevi.com.tr\/index.php\/urun\/afakan\/"},"modified":"2026-04-15T03:43:42","modified_gmt":"2026-04-15T00:43:42","slug":"afakan","status":"publish","type":"product","link":"https:\/\/roveyayinevi.com.tr\/index.php\/urun\/afakan\/","title":{"rendered":"Afakan"},"content":{"rendered":"<p>K\u00fclt\u00fcr ve Turizm Bakanl\u0131\u011f\u0131 taraf\u0131ndan k\u00fct\u00fcphaneler i\u00e7in sat\u0131n al\u0131nan kitaplar aras\u0131nda olan ve  \u00e7ocuklar\u0131m\u0131za g\u00fcvenle okutabilece\u011fimiz bir kitab\u0131 daha okurla bulu\u015fturmakla k\u0131van\u00e7l\u0131y\u0131z: \u201cAFAKAN\u201d     Afakan da sizin gibi i\u00e7i i\u00e7ine s\u0131\u011fmayan bir \u00e7ocuk. Tabii ki biraz yaramaz da olabilir, her \u00e7ocuk k\u00fc\u00e7\u00fck de olsa yaramazl\u0131klar yapmaz m\u0131? Yapar elbette, Afakan\u2019\u0131n yaramazl\u0131klar\u0131 da \u00f6yle, masum yaramazl\u0131klar. Arkada\u015flar\u0131 G\u00fcrkan, Serkan, Erkan, \u015eimal, G\u00fcl ile birlikte g\u00fcl\u00fcp, e\u011fleniyor, oynuyorlar, k\u0131saca \u00e7ocukluklar\u0131n\u0131 ya\u015f\u0131yorlar. \u0130lkokula giden Afakan ve arkada\u015flar\u0131 ile tan\u0131\u015fmak, onlarla birlikte g\u00fclmek, oynamak, e\u011flenmek, d\u00fc\u015f\u00fcnmek, sevinmek ve zaman zaman ufac\u0131k yaramazl\u0131klar yapmak, \u00e7ocukluklar\u0131n\u0131 ya\u015famak her \u00e7ocu\u011fun hakk\u0131 de\u011fil mi? Haydi \u00e7ocuklar, \u00e7evirin sayfalar\u0131 ve ge\u00e7 kalmadan kat\u0131l\u0131n siz de Afakan\u2019a.   Daha \u00f6nce de \u015fiir, hik\u00e2ye ve roman t\u00fcrleri ba\u015fta olmak \u00fczere, \u00e7e\u015fitli eserlerini okuyucu ile bulu\u015fturdu\u011fumuz, K\u00fclt\u00fcr ve Turizm Bakanl\u0131\u011f\u0131 Halk \u015eairi kart\u0131 sahibi Hakan KARCI\u2019n\u0131n yetkin kaleminden \u00e7\u0131kan, \u00e7ocuklar\u0131m\u0131z\u0131n okurken keyif alaca\u011f\u0131 ve \u00e7ok e\u011flenece\u011fi bu kitab\u0131,  her k\u00fct\u00fcphanede bulunmas\u0131 gerekti\u011fini d\u00fc\u015f\u00fcn\u00fcyoruz. <\/p>\n","protected":false},"excerpt":{"rendered":"<p>K\u00fclt\u00fcr ve Turizm Bakanl\u0131\u011f\u0131 taraf\u0131ndan k\u00fct\u00fcphaneler i\u00e7in sat\u0131n al\u0131nan kitaplar aras\u0131nda olan ve \u00e7ocuklar\u0131m\u0131za g\u00fcvenle okutabilece\u011fimiz bir kitab\u0131 daha okurla bulu\u015fturmakla k\u0131van\u00e7l\u0131y\u0131z: \u201cAFAKAN\u201d Afakan da sizin<span class=\"excerpt-hellip\"> [\u2026]<\/span><\/p>\n","protected":false},"featured_media":0,"template":"","meta":{"_monsterinsights_skip_tracking":false,"_monsterinsights_sitenote_active":false,"_monsterinsights_sitenote_note":"","_monsterinsights_sitenote_category":0},"product_brand":[],"product_cat":[141304],"product_tag":[],"class_list":{"0":"post-778171","1":"product","2":"type-product","3":"status-publish","5":"product_cat-yeni-cikanlar","6":"pa_cilt-ciltsiz","7":"pa_tur-kitap","8":"pa_yayinevi-kaptan-kitap","9":"pa_yazar-hakan-karci","11":"first","12":"instock","13":"sale","14":"shipping-taxable","15":"purchasable","16":"product-type-simple"},"_links":{"self":[{"href":"https:\/\/roveyayinevi.com.tr\/index.php\/wp-json\/wp\/v2\/product\/778171","targetHints":{"allow":["GET"]}}],"collection":[{"href":"https:\/\/roveyayinevi.com.tr\/index.php\/wp-json\/wp\/v2\/product"}],"about":[{"href":"https:\/\/roveyayinevi.com.tr\/index.php\/wp-json\/wp\/v2\/types\/product"}],"wp:attachment":[{"href":"https:\/\/roveyayinevi.com.tr\/index.php\/wp-json\/wp\/v2\/media?parent=778171"}],"wp:term":[{"taxonomy":"product_brand","embeddable":true,"href":"https:\/\/roveyayinevi.com.tr\/index.php\/wp-json\/wp\/v2\/product_brand?post=778171"},{"taxonomy":"product_cat","embeddable":true,"href":"https:\/\/roveyayinevi.com.tr\/index.php\/wp-json\/wp\/v2\/product_cat?post=778171"},{"taxonomy":"product_tag","embeddable":true,"href":"https:\/\/roveyayinevi.com.tr\/index.php\/wp-json\/wp\/v2\/product_tag?post=778171"}],"curies":[{"name":"wp","href":"https:\/\/api.w.org\/{rel}","templated":true}]}}