{"id":778167,"date":"2025-11-05T12:18:22","date_gmt":"2025-11-05T09:18:22","guid":{"rendered":"https:\/\/roveyayinevi.com.tr\/index.php\/urun\/adadaki-veteriner-orumcek-kusu-adasi-sen-de-oku\/"},"modified":"2026-04-15T03:43:42","modified_gmt":"2026-04-15T00:43:42","slug":"adadaki-veteriner-orumcek-kusu-adasi-sen-de-oku","status":"publish","type":"product","link":"https:\/\/roveyayinevi.com.tr\/index.php\/urun\/adadaki-veteriner-orumcek-kusu-adasi-sen-de-oku\/","title":{"rendered":"Adadaki Veteriner: \u00d6r\u00fcmcek Ku\u015fu Adas\u0131 (SEN de OKU)"},"content":{"rendered":"<p>El ele verirsek belki bir g\u00fcn d\u00fcnyay\u0131 bile de\u011fi\u015ftirebiliriz. \u00d6d\u00fcll\u00fc yazar Gill Lewis\u2019in \u201cSEN de OKU\u201d koleksiyonu i\u00e7in kaleme ald\u0131\u011f\u0131 \u201cAdadaki Veteriner\u201d serisinin yeni ser\u00fcveni \u00d6r\u00fcmcek Ku\u015fu Adas\u0131, nesli t\u00fckenmeye y\u00fcz tutan savunmas\u0131z canl\u0131lar\u0131 korumak i\u00e7in kollar\u0131 s\u0131vayan iki yak\u0131n arkada\u015f\u0131n \u00e7\u0131kt\u0131\u011f\u0131 esrarengiz yolculu\u011fu sayfalar\u0131na ta\u015f\u0131yor. Kumsallar\u0131 bozarak otel in\u015fa etmenin ya da plastik po\u015fet kullanman\u0131n yaban hayvanlar\u0131 ve ya\u015fam alanlar\u0131n\u0131 nas\u0131l tehdit etti\u011fine dikkat \u00e7eken kitap, s\u00fcrd\u00fcr\u00fclebilir bir gelecek i\u00e7in \u00e7ocuklar\u0131 duyarl\u0131 olmaya ve sorumluluk almaya \u00e7a\u011f\u0131r\u0131yor. Ya\u015fad\u0131klar\u0131 adadan k\u0131sa bir s\u00fcre i\u00e7in \u015fehre giden B\u00fc\u015fra, annesi ve anneannesi ile birlikte do\u011fum g\u00fcn\u00fcn\u00fc kutlamak \u00fczere hayvanat bah\u00e7esini ziyaret eder. \u015eehrin g\u00fcr\u00fclt\u00fcs\u00fcnden ve kalabal\u0131\u011f\u0131ndan s\u0131k\u0131l\u0131p geri d\u00f6nmek i\u00e7in sab\u0131rs\u0131zlanan kahraman\u0131m\u0131z yolda tats\u0131z bir s\u00fcrprizle kar\u015f\u0131la\u015fsa da adaya vard\u0131klar\u0131nda arkada\u015f\u0131 Melis\u2019in kamp teklifiyle keyfi yerine gelir. B\u00fc\u015fra, ilerleyen g\u00fcnlerde kendilerini bekleyen maceradan hen\u00fcz habersizdir. Do\u011fan\u0131n kalbinde deniz papa\u011fanlar\u0131n\u0131 saymay\u0131 umarken aniden geli\u015fen olaylar nedeniyle geceyi bir ba\u015flar\u0131na ge\u00e7irmek zorunda kalan iki kafadar, karanl\u0131\u011f\u0131n derinliklerinden gelen korkun\u00e7 ve h\u00fcz\u00fcnl\u00fc seslerin izini s\u00fcrerken cesur birer k\u00e2\u015fife d\u00f6n\u00fc\u015fmek \u00fczeredir&#8230; \u00d6r\u00fcmcek ku\u015flar\u0131, caretta carettalar gibi e\u015fsiz hayvanlar\u0131n ya\u015fam\u0131na dair ilgin\u00e7 bilgiler payla\u015fan bu hareketli roman; D\u00fcnya\u2019m\u0131z\u0131n g\u00fczelli\u011fine vurgu yap\u0131yor, her canl\u0131n\u0131n g\u00f6r\u00fcnmez iplerle birbirine ba\u011fl\u0131 oldu\u011funu g\u00f6zler \u00f6n\u00fcne seriyor.<\/p>\n","protected":false},"excerpt":{"rendered":"<p>El ele verirsek belki bir g\u00fcn d\u00fcnyay\u0131 bile de\u011fi\u015ftirebiliriz. \u00d6d\u00fcll\u00fc yazar Gill Lewis\u2019in \u201cSEN de OKU\u201d koleksiyonu i\u00e7in kaleme ald\u0131\u011f\u0131 \u201cAdadaki Veteriner\u201d serisinin yeni ser\u00fcveni \u00d6r\u00fcmcek<span class=\"excerpt-hellip\"> [\u2026]<\/span><\/p>\n","protected":false},"featured_media":0,"template":"","meta":{"_monsterinsights_skip_tracking":false,"_monsterinsights_sitenote_active":false,"_monsterinsights_sitenote_note":"","_monsterinsights_sitenote_category":0},"product_brand":[],"product_cat":[12274],"product_tag":[],"class_list":{"0":"post-778167","1":"product","2":"type-product","3":"status-publish","5":"product_cat-cocuk-ve-genclik-kitaplari","6":"pa_cilt-ciltsiz","7":"pa_tur-kitap","8":"pa_yayinevi-tudem-yayinlari","9":"pa_yazar-gill-lewis","11":"first","12":"instock","13":"sale","14":"shipping-taxable","15":"purchasable","16":"product-type-simple"},"_links":{"self":[{"href":"https:\/\/roveyayinevi.com.tr\/index.php\/wp-json\/wp\/v2\/product\/778167","targetHints":{"allow":["GET"]}}],"collection":[{"href":"https:\/\/roveyayinevi.com.tr\/index.php\/wp-json\/wp\/v2\/product"}],"about":[{"href":"https:\/\/roveyayinevi.com.tr\/index.php\/wp-json\/wp\/v2\/types\/product"}],"wp:attachment":[{"href":"https:\/\/roveyayinevi.com.tr\/index.php\/wp-json\/wp\/v2\/media?parent=778167"}],"wp:term":[{"taxonomy":"product_brand","embeddable":true,"href":"https:\/\/roveyayinevi.com.tr\/index.php\/wp-json\/wp\/v2\/product_brand?post=778167"},{"taxonomy":"product_cat","embeddable":true,"href":"https:\/\/roveyayinevi.com.tr\/index.php\/wp-json\/wp\/v2\/product_cat?post=778167"},{"taxonomy":"product_tag","embeddable":true,"href":"https:\/\/roveyayinevi.com.tr\/index.php\/wp-json\/wp\/v2\/product_tag?post=778167"}],"curies":[{"name":"wp","href":"https:\/\/api.w.org\/{rel}","templated":true}]}}