{"id":778166,"date":"2025-11-05T12:18:20","date_gmt":"2025-11-05T09:18:20","guid":{"rendered":"https:\/\/roveyayinevi.com.tr\/index.php\/urun\/senin-yuzunden-ciltli-kutulu-set\/"},"modified":"2026-04-15T03:43:42","modified_gmt":"2026-04-15T00:43:42","slug":"senin-yuzunden-ciltli-kutulu-set","status":"publish","type":"product","link":"https:\/\/roveyayinevi.com.tr\/index.php\/urun\/senin-yuzunden-ciltli-kutulu-set\/","title":{"rendered":"Senin Y\u00fcz\u00fcnden (Ciltli Kutulu Set)"},"content":{"rendered":"<p>Kutu \u0130\u00e7eri\u011fi: Ciltli kitap -Defter -Poster -\u00d6r\u00fcmcek aksesuar -Tematik sticker seti -\u00d6zel kesim ayra\u00e7<\/p>\n","protected":false},"excerpt":{"rendered":"<p>Kutu \u0130\u00e7eri\u011fi: Ciltli kitap -Defter -Poster -\u00d6r\u00fcmcek aksesuar -Tematik sticker seti -\u00d6zel kesim ayra\u00e7<\/p>\n","protected":false},"featured_media":0,"template":"","meta":{"_monsterinsights_skip_tracking":false,"_monsterinsights_sitenote_active":false,"_monsterinsights_sitenote_note":"","_monsterinsights_sitenote_category":0},"product_brand":[],"product_cat":[12291,17033],"product_tag":[],"class_list":{"0":"post-778166","1":"product","2":"type-product","3":"status-publish","5":"product_cat-edebiyat","6":"product_cat-korku-gerilim","7":"pa_cilt-ciltli","8":"pa_tur-kitap","9":"pa_yayinevi-artemis-yayinlari","10":"pa_yazar-r-ideli","12":"first","13":"instock","14":"sale","15":"shipping-taxable","16":"purchasable","17":"product-type-simple"},"_links":{"self":[{"href":"https:\/\/roveyayinevi.com.tr\/index.php\/wp-json\/wp\/v2\/product\/778166","targetHints":{"allow":["GET"]}}],"collection":[{"href":"https:\/\/roveyayinevi.com.tr\/index.php\/wp-json\/wp\/v2\/product"}],"about":[{"href":"https:\/\/roveyayinevi.com.tr\/index.php\/wp-json\/wp\/v2\/types\/product"}],"wp:attachment":[{"href":"https:\/\/roveyayinevi.com.tr\/index.php\/wp-json\/wp\/v2\/media?parent=778166"}],"wp:term":[{"taxonomy":"product_brand","embeddable":true,"href":"https:\/\/roveyayinevi.com.tr\/index.php\/wp-json\/wp\/v2\/product_brand?post=778166"},{"taxonomy":"product_cat","embeddable":true,"href":"https:\/\/roveyayinevi.com.tr\/index.php\/wp-json\/wp\/v2\/product_cat?post=778166"},{"taxonomy":"product_tag","embeddable":true,"href":"https:\/\/roveyayinevi.com.tr\/index.php\/wp-json\/wp\/v2\/product_tag?post=778166"}],"curies":[{"name":"wp","href":"https:\/\/api.w.org\/{rel}","templated":true}]}}