{"id":778160,"date":"2025-11-05T12:18:05","date_gmt":"2025-11-05T09:18:05","guid":{"rendered":"https:\/\/roveyayinevi.com.tr\/index.php\/urun\/dort-ceyrek-2-ciltli\/"},"modified":"2026-04-12T03:33:57","modified_gmt":"2026-04-12T00:33:57","slug":"dort-ceyrek-2-ciltli","status":"publish","type":"product","link":"https:\/\/roveyayinevi.com.tr\/index.php\/urun\/dort-ceyrek-2-ciltli\/","title":{"rendered":"D\u00f6rt \u00c7eyrek 2 &#8211; (Ciltli)"},"content":{"rendered":"<p>BAZI H\u0130K\u00c2YELER, MUTLU B\u0130R SONLA DE\u011e\u0130L, YA\u015eANILMASI GEREKEN ZOR SINAVLARLA DEVAM EDER. Feza ve Dorukhan a\u015fk\u0131 bulmu\u015flard\u0131 fakat a\u015fklar\u0131na sahip \u00e7\u0131kmak o a\u015fka sahip olmaktan daha zordu. Feza, i\u00e7inde ya\u015fad\u0131\u011f\u0131 bo\u015flu\u011fu Doruk\u2019la tamamlamaya \u00e7al\u0131\u015fsa da hep bir \u015feylerin eksik oldu\u011funu hissetmeye ba\u015flam\u0131\u015ft\u0131. Visal ona huzur veren tek yerdi fakat art\u0131k bu d\u00f6rt duvar\u0131n i\u00e7ine s\u0131\u011famad\u0131\u011f\u0131n\u0131 hissediyordu. O kendini ke\u015ffetme yolundaki sanc\u0131l\u0131 s\u00fcrecinde kritik kararlar al\u0131rken Dorukhan Falay ad\u0131 ise trib\u00fcnlerde eskisinden daha y\u00fcksek bir sesle yank\u0131lanmaya ba\u015flam\u0131\u015ft\u0131. Feza\u2019n\u0131n kalbinde verdi\u011fi sessiz sava\u015f\u0131n sonucu ise Dorukhan\u2019\u0131 derin bir yaln\u0131zl\u0131\u011fa s\u00fcr\u00fcklemek \u00fczereydi. Sevdi\u011fin birini daima kendi \u00f6n\u00fcne koymaya nereye kadar devam edebilirsin? Feza, ad\u0131n\u0131n anlam\u0131nda sakl\u0131 olan s\u0131n\u0131rs\u0131zl\u0131\u011f\u0131 tatmak i\u00e7in kendi s\u0131n\u0131rlar\u0131n\u0131 a\u015fmay\u0131 kafas\u0131na koymu\u015ftu. Peki bu, onlar i\u00e7in ger\u00e7ekten son \u00e7eyrek miydi? AZRA \u0130ZG\u00dcNER\u2019\u0130N D\u00d6RT \u00c7EYREK SER\u0130S\u0130N\u0130N \u0130K\u0130NC\u0130 K\u0130TABI, SESS\u0130Z VEDALARLA YEN\u0130DEN BA\u015eLAMALARIN ARASINDA; A\u015eKI, AFFETMEY\u0130 VE TAMAMLANMAYI EN DER\u0130N H\u00c2L\u0130YLE KALPLERE \u0130\u015eL\u0130YOR.<\/p>\n","protected":false},"excerpt":{"rendered":"<p>BAZI H\u0130K\u00c2YELER, MUTLU B\u0130R SONLA DE\u011e\u0130L, YA\u015eANILMASI GEREKEN ZOR SINAVLARLA DEVAM EDER. Feza ve Dorukhan a\u015fk\u0131 bulmu\u015flard\u0131 fakat a\u015fklar\u0131na sahip \u00e7\u0131kmak o a\u015fka sahip olmaktan daha<span class=\"excerpt-hellip\"> [\u2026]<\/span><\/p>\n","protected":false},"featured_media":0,"template":"","meta":{"_monsterinsights_skip_tracking":false,"_monsterinsights_sitenote_active":false,"_monsterinsights_sitenote_note":"","_monsterinsights_sitenote_category":0},"product_brand":[],"product_cat":[12291,12711],"product_tag":[],"class_list":{"0":"post-778160","1":"product","2":"type-product","3":"status-publish","5":"product_cat-edebiyat","6":"product_cat-roman-oyku","7":"pa_cilt-ciltli","8":"pa_tur-kitap","9":"pa_yayinevi-ephesus-yayinlari","10":"pa_yazar-azra-izguner","12":"first","13":"instock","14":"sale","15":"shipping-taxable","16":"purchasable","17":"product-type-simple"},"_links":{"self":[{"href":"https:\/\/roveyayinevi.com.tr\/index.php\/wp-json\/wp\/v2\/product\/778160","targetHints":{"allow":["GET"]}}],"collection":[{"href":"https:\/\/roveyayinevi.com.tr\/index.php\/wp-json\/wp\/v2\/product"}],"about":[{"href":"https:\/\/roveyayinevi.com.tr\/index.php\/wp-json\/wp\/v2\/types\/product"}],"wp:attachment":[{"href":"https:\/\/roveyayinevi.com.tr\/index.php\/wp-json\/wp\/v2\/media?parent=778160"}],"wp:term":[{"taxonomy":"product_brand","embeddable":true,"href":"https:\/\/roveyayinevi.com.tr\/index.php\/wp-json\/wp\/v2\/product_brand?post=778160"},{"taxonomy":"product_cat","embeddable":true,"href":"https:\/\/roveyayinevi.com.tr\/index.php\/wp-json\/wp\/v2\/product_cat?post=778160"},{"taxonomy":"product_tag","embeddable":true,"href":"https:\/\/roveyayinevi.com.tr\/index.php\/wp-json\/wp\/v2\/product_tag?post=778160"}],"curies":[{"name":"wp","href":"https:\/\/api.w.org\/{rel}","templated":true}]}}