{"id":778153,"date":"2025-11-05T12:17:46","date_gmt":"2025-11-05T09:17:46","guid":{"rendered":"https:\/\/roveyayinevi.com.tr\/index.php\/urun\/kotu-adamin-izin-gunu-2\/"},"modified":"2026-04-15T03:43:41","modified_gmt":"2026-04-15T00:43:41","slug":"kotu-adamin-izin-gunu-2","status":"publish","type":"product","link":"https:\/\/roveyayinevi.com.tr\/index.php\/urun\/kotu-adamin-izin-gunu-2\/","title":{"rendered":"K\u00f6t\u00fc Adam\u0131n \u0130zin G\u00fcn\u00fc 2"},"content":{"rendered":"<p>\u0130\u015e \u00d6NEML\u0130, B\u0130L\u0130YORUM. AMA KE\u015eKE YARIN TAT\u0130L OLSAYDI.   K\u00d6T\u00dcL\u00dcK B\u0130RL\u0130\u011e\u0130&#8217;N\u0130N &#8220;GENERAL&#8221; LAKAPLI L\u0130DER\u0130, D\u00dcNYAYI \u0130ST\u0130LA ETME PLANLARI KURAR. ADALET SAVUNUCULARI &#8220;RANGER&#8221;LARA KAR\u015eI HER G\u00dcN AMANSIZ B\u0130R M\u00dcCADELE VER\u0130R. GENERAL, EN STRESL\u0130 OLDU\u011eU ZAMANLARDA SEV\u0130ML\u0130 PANDALARIN YUMU\u015eACIK T\u00dcYLER\u0130N\u0130 D\u00dc\u015e\u00dcNEREK HUZUR BULUR. BU SEV\u0130ML\u0130 HAYVANLARLA \u0130LG\u0130L\u0130 K\u00dc\u00c7\u00dcK B\u0130R AYRINTI B\u0130LE ONA T\u00dcM KAYGISINI UNUTTURUR! <\/p>\n","protected":false},"excerpt":{"rendered":"<p>\u0130\u015e \u00d6NEML\u0130, B\u0130L\u0130YORUM. AMA KE\u015eKE YARIN TAT\u0130L OLSAYDI. K\u00d6T\u00dcL\u00dcK B\u0130RL\u0130\u011e\u0130&#8217;N\u0130N &#8220;GENERAL&#8221; LAKAPLI L\u0130DER\u0130, D\u00dcNYAYI \u0130ST\u0130LA ETME PLANLARI KURAR. ADALET SAVUNUCULARI &#8220;RANGER&#8221;LARA KAR\u015eI HER G\u00dcN AMANSIZ B\u0130R<span class=\"excerpt-hellip\"> [\u2026]<\/span><\/p>\n","protected":false},"featured_media":0,"template":"","meta":{"_monsterinsights_skip_tracking":false,"_monsterinsights_sitenote_active":false,"_monsterinsights_sitenote_note":"","_monsterinsights_sitenote_category":0},"product_brand":[],"product_cat":[12416,12291],"product_tag":[],"class_list":{"0":"post-778153","1":"product","2":"type-product","3":"status-publish","5":"product_cat-cizgi-roman","6":"product_cat-edebiyat","7":"pa_cilt-ciltsiz","8":"pa_tur-kitap","9":"pa_yayinevi-athica-yayinlari","10":"pa_yazar-yuu-morikawa","12":"first","13":"instock","14":"sale","15":"shipping-taxable","16":"purchasable","17":"product-type-simple"},"_links":{"self":[{"href":"https:\/\/roveyayinevi.com.tr\/index.php\/wp-json\/wp\/v2\/product\/778153","targetHints":{"allow":["GET"]}}],"collection":[{"href":"https:\/\/roveyayinevi.com.tr\/index.php\/wp-json\/wp\/v2\/product"}],"about":[{"href":"https:\/\/roveyayinevi.com.tr\/index.php\/wp-json\/wp\/v2\/types\/product"}],"wp:attachment":[{"href":"https:\/\/roveyayinevi.com.tr\/index.php\/wp-json\/wp\/v2\/media?parent=778153"}],"wp:term":[{"taxonomy":"product_brand","embeddable":true,"href":"https:\/\/roveyayinevi.com.tr\/index.php\/wp-json\/wp\/v2\/product_brand?post=778153"},{"taxonomy":"product_cat","embeddable":true,"href":"https:\/\/roveyayinevi.com.tr\/index.php\/wp-json\/wp\/v2\/product_cat?post=778153"},{"taxonomy":"product_tag","embeddable":true,"href":"https:\/\/roveyayinevi.com.tr\/index.php\/wp-json\/wp\/v2\/product_tag?post=778153"}],"curies":[{"name":"wp","href":"https:\/\/api.w.org\/{rel}","templated":true}]}}