{"id":778152,"date":"2025-11-05T12:17:44","date_gmt":"2025-11-05T09:17:44","guid":{"rendered":"https:\/\/roveyayinevi.com.tr\/index.php\/urun\/menfaat-ekonomisi\/"},"modified":"2026-04-15T03:43:41","modified_gmt":"2026-04-15T00:43:41","slug":"menfaat-ekonomisi","status":"publish","type":"product","link":"https:\/\/roveyayinevi.com.tr\/index.php\/urun\/menfaat-ekonomisi\/","title":{"rendered":"Menfaat Ekonomisi"},"content":{"rendered":"<p>EKONOM\u0130DE EN B\u00dcY\u00dcK ENFLASYON, GER\u00c7E\u011e\u0130N DE\u011eER KAYBIDIR&#8230;   Ekonomik krizler ge\u00e7iyor, sistem ayn\u0131 kal\u0131yor. Liberal kapitalizmin \u00e7at\u0131rdayan zemininde, devletin, piyasan\u0131n ve bireyin rollerini yeniden d\u00fc\u015f\u00fcnmenin zaman\u0131 geldi. Art\u0131k mesele, b\u00fcy\u00fcmenin rakamlar\u0131n\u0131 de\u011fil, b\u00fcy\u00fcmenin niteli\u011fini tart\u0131\u015fmak.   Emre Alkin, ekonomiyi bir disiplinin \u00f6tesine ta\u015f\u0131yarak, toplumsal d\u00fczenin siyasi tercihlerle \u015fekillenen yap\u0131s\u0131n\u0131n aynas\u0131nda yeniden okuyor.   Verilerle, s\u00f6ylemlerle ve politik ger\u00e7eklerle kurdu\u011fu diyalogda temel bir soruyu g\u00fcndeme getiriyor: Yoksa krizler sistemi ayakta m\u0131 tutuyor?   Enflasyondan sava\u015f ekonomisine, dijital \u00e7a\u011f\u0131n \u00fcretim ili\u015fkilerinden ahlaki erozyona uzanan analizleriyle, bug\u00fcn\u00fcn d\u00fcnyas\u0131nda \u201cistikrar\u201d kavram\u0131n\u0131 sorguluyor. Bu kitap, ekonomik s\u00f6ylemlerin ard\u0131ndaki g\u00fc\u00e7 ili\u015fkilerini g\u00f6rmek isteyenler i\u00e7in yaz\u0131ld\u0131. \u00c7\u00fcnk\u00fc art\u0131k veri, yaln\u0131zca bir say\u0131 de\u011fil, bir ideolojinin yans\u0131mas\u0131d\u0131r.   Ve belki de ekonominin en b\u00fcy\u00fck krizi, art\u0131k ger\u00e7e\u011fi de\u011fil, alg\u0131y\u0131 y\u00f6netmesidir. <\/p>\n","protected":false},"excerpt":{"rendered":"<p>EKONOM\u0130DE EN B\u00dcY\u00dcK ENFLASYON, GER\u00c7E\u011e\u0130N DE\u011eER KAYBIDIR&#8230; Ekonomik krizler ge\u00e7iyor, sistem ayn\u0131 kal\u0131yor. Liberal kapitalizmin \u00e7at\u0131rdayan zemininde, devletin, piyasan\u0131n ve bireyin rollerini yeniden d\u00fc\u015f\u00fcnmenin zaman\u0131 geldi.<span class=\"excerpt-hellip\"> [\u2026]<\/span><\/p>\n","protected":false},"featured_media":0,"template":"","meta":{"_monsterinsights_skip_tracking":false,"_monsterinsights_sitenote_active":false,"_monsterinsights_sitenote_note":"","_monsterinsights_sitenote_category":0},"product_brand":[],"product_cat":[13043],"product_tag":[],"class_list":{"0":"post-778152","1":"product","2":"type-product","3":"status-publish","5":"product_cat-ekonomi","6":"pa_cilt-ciltsiz","7":"pa_tur-kitap","8":"pa_yayinevi-destek-yayinlari","9":"pa_yazar-emre-alkin","11":"first","12":"instock","13":"sale","14":"shipping-taxable","15":"purchasable","16":"product-type-simple"},"_links":{"self":[{"href":"https:\/\/roveyayinevi.com.tr\/index.php\/wp-json\/wp\/v2\/product\/778152","targetHints":{"allow":["GET"]}}],"collection":[{"href":"https:\/\/roveyayinevi.com.tr\/index.php\/wp-json\/wp\/v2\/product"}],"about":[{"href":"https:\/\/roveyayinevi.com.tr\/index.php\/wp-json\/wp\/v2\/types\/product"}],"wp:attachment":[{"href":"https:\/\/roveyayinevi.com.tr\/index.php\/wp-json\/wp\/v2\/media?parent=778152"}],"wp:term":[{"taxonomy":"product_brand","embeddable":true,"href":"https:\/\/roveyayinevi.com.tr\/index.php\/wp-json\/wp\/v2\/product_brand?post=778152"},{"taxonomy":"product_cat","embeddable":true,"href":"https:\/\/roveyayinevi.com.tr\/index.php\/wp-json\/wp\/v2\/product_cat?post=778152"},{"taxonomy":"product_tag","embeddable":true,"href":"https:\/\/roveyayinevi.com.tr\/index.php\/wp-json\/wp\/v2\/product_tag?post=778152"}],"curies":[{"name":"wp","href":"https:\/\/api.w.org\/{rel}","templated":true}]}}