{"id":778150,"date":"2025-11-05T12:17:38","date_gmt":"2025-11-05T09:17:38","guid":{"rendered":"https:\/\/roveyayinevi.com.tr\/index.php\/urun\/kadim-tipta-mizac\/"},"modified":"2026-04-15T03:43:41","modified_gmt":"2026-04-15T00:43:41","slug":"kadim-tipta-mizac","status":"publish","type":"product","link":"https:\/\/roveyayinevi.com.tr\/index.php\/urun\/kadim-tipta-mizac\/","title":{"rendered":"Kadim T\u0131pta Miza\u00e7"},"content":{"rendered":"<p>Ge\u00e7mi\u015fin Bilgeli\u011fiyle Sa\u011fl\u0131\u011f\u0131n\u0131z\u0131 Ke\u015ffedin! Hipokrat\u2019tan \u0130bn S\u00een\u00e2\u2019ya uzanan binlerce y\u0131ll\u0131k kadim t\u0131p bilgeli\u011fi, insan\u0131 bir b\u00fct\u00fcn olarak iyile\u015ftirmenin s\u0131rlar\u0131n\u0131 bar\u0131nd\u0131r\u0131yor. Bu sistemin merkezinde, her birimizi \u00f6zel k\u0131lan \u201cmiza\u00e7\u201d kavram\u0131 yer al\u0131yor. Elinizdeki kitap, unutulmaya y\u00fcz tutmu\u015f bu gelene\u011fi ana kaynaklar \u0131\u015f\u0131\u011f\u0131nda g\u00fcn y\u00fcz\u00fcne \u00e7\u0131kar\u0131yor. D\u00f6rt unsur ve d\u00f6rt h\u0131lt ile \u015fekillenen bedeninizi ve ruhunuzu nas\u0131l okuyaca\u011f\u0131n\u0131z\u0131 ad\u0131m ad\u0131m g\u00f6steriyor. Mizac\u0131n\u0131z\u0131 Ke\u015ffedin! Detayl\u0131 miza\u00e7 testi ile kendi fiziksel ve psikolojik haritan\u0131z\u0131 \u00e7\u0131kar\u0131n. Koruyucu Hekimli\u011fin Temellerini \u00d6\u011frenin! Beslenmeden uyku d\u00fczenine, spor al\u0131\u015fkanl\u0131klar\u0131ndan bedensel ve ruhsal ar\u0131nmaya kadar her \u015feyi mizac\u0131n\u0131za g\u00f6re \u015fekillendirin. T\u0131bb\u0131n Unutulmu\u015f Dili: Kaynaklar\u0131yla Kadim T\u0131pta Miza\u00e7 kendinizi ve sa\u011fl\u0131\u011f\u0131n\u0131z\u0131 anlamak i\u00e7in bir rehber. Mizac\u0131n\u0131z\u0131n s\u0131rlar\u0131n\u0131 \u00e7\u00f6z\u00fcn; daha dengeli, sa\u011fl\u0131kl\u0131 ve huzurlu bir ya\u015fam\u0131n kap\u0131lar\u0131n\u0131 aralay\u0131n.<\/p>\n","protected":false},"excerpt":{"rendered":"<p>Ge\u00e7mi\u015fin Bilgeli\u011fiyle Sa\u011fl\u0131\u011f\u0131n\u0131z\u0131 Ke\u015ffedin! Hipokrat\u2019tan \u0130bn S\u00een\u00e2\u2019ya uzanan binlerce y\u0131ll\u0131k kadim t\u0131p bilgeli\u011fi, insan\u0131 bir b\u00fct\u00fcn olarak iyile\u015ftirmenin s\u0131rlar\u0131n\u0131 bar\u0131nd\u0131r\u0131yor. Bu sistemin merkezinde, her birimizi \u00f6zel<span class=\"excerpt-hellip\"> [\u2026]<\/span><\/p>\n","protected":false},"featured_media":0,"template":"","meta":{"_monsterinsights_skip_tracking":false,"_monsterinsights_sitenote_active":false,"_monsterinsights_sitenote_note":"","_monsterinsights_sitenote_category":0},"product_brand":[],"product_cat":[13365],"product_tag":[],"class_list":{"0":"post-778150","1":"product","2":"type-product","3":"status-publish","5":"product_cat-saglik","6":"pa_cilt-ciltsiz","7":"pa_tur-kitap","8":"pa_yayinevi-hayat-yayinlari","9":"pa_yazar-h-halit-atli-mesut-budak","11":"first","12":"instock","13":"sale","14":"shipping-taxable","15":"purchasable","16":"product-type-simple"},"_links":{"self":[{"href":"https:\/\/roveyayinevi.com.tr\/index.php\/wp-json\/wp\/v2\/product\/778150","targetHints":{"allow":["GET"]}}],"collection":[{"href":"https:\/\/roveyayinevi.com.tr\/index.php\/wp-json\/wp\/v2\/product"}],"about":[{"href":"https:\/\/roveyayinevi.com.tr\/index.php\/wp-json\/wp\/v2\/types\/product"}],"wp:attachment":[{"href":"https:\/\/roveyayinevi.com.tr\/index.php\/wp-json\/wp\/v2\/media?parent=778150"}],"wp:term":[{"taxonomy":"product_brand","embeddable":true,"href":"https:\/\/roveyayinevi.com.tr\/index.php\/wp-json\/wp\/v2\/product_brand?post=778150"},{"taxonomy":"product_cat","embeddable":true,"href":"https:\/\/roveyayinevi.com.tr\/index.php\/wp-json\/wp\/v2\/product_cat?post=778150"},{"taxonomy":"product_tag","embeddable":true,"href":"https:\/\/roveyayinevi.com.tr\/index.php\/wp-json\/wp\/v2\/product_tag?post=778150"}],"curies":[{"name":"wp","href":"https:\/\/api.w.org\/{rel}","templated":true}]}}