{"id":778149,"date":"2025-11-05T12:17:36","date_gmt":"2025-11-05T09:17:36","guid":{"rendered":"https:\/\/roveyayinevi.com.tr\/index.php\/urun\/arinin-yolculugu\/"},"modified":"2026-04-15T03:43:41","modified_gmt":"2026-04-15T00:43:41","slug":"arinin-yolculugu","status":"publish","type":"product","link":"https:\/\/roveyayinevi.com.tr\/index.php\/urun\/arinin-yolculugu\/","title":{"rendered":"Ar\u0131n\u0131n Yolculu\u011fu"},"content":{"rendered":"<p>Ar\u0131n\u0131n Yolculu\u011fu sadece bal pe\u015finde ko\u015fan bir canl\u0131n\u0131n de\u011fil, ayn\u0131 zamanda varolu\u015fun, hikmetin, fedak\u00e2rl\u0131\u011f\u0131n ve kolektif ya\u015fam\u0131n derin s\u0131rlar\u0131n\u0131 ke\u015ffeden bir ruhun masal\u0131d\u0131r. Kitap, bize istemeden vermenin ve kendimizden ge\u00e7tik\u00e7e biz olman\u0131n y\u00fcce anlam\u0131n\u0131 hat\u0131rlat\u0131rken ar\u0131lar\u0131n d\u00fcnyas\u0131ndaki kusursuz dengeyi ve t\u00f6reyi anlat\u0131yor. Her bir sat\u0131r\u0131nda, hayat\u0131n bir arma\u011fan oldu\u011funu ve bu yolculukta en b\u00fcy\u00fck kazanc\u0131n, g\u00f6n\u00fcl enzimlerimizle katt\u0131\u011f\u0131m\u0131z de\u011ferler oldu\u011funu fark edece\u011finiz bu kitap, ruhunuza dokunacak ve  hayat yolculu\u011funuzda size \u0131\u015f\u0131k tutacak. Ey can,  Gel, seninle bir s\u0131r payla\u015fal\u0131m\u2026  Belki Musa ile H\u0131z\u0131r\u2019\u0131n,  Belki Leyla ile Mecnun\u2019un s\u0131rr\u0131 bu.  D\u00fcnya ile g\u00fcne\u015fin,  Toprak ile suyun derin bir s\u0131rr\u0131\u2026  Bulduk mu? Dokunduk mu, hissettik mi? Bilemiyoruz\u2026  Ama gel, birlikte arayal\u0131m.  Bulamasak da olur.  \u00c7\u00fcnk\u00fc art\u0131k biliyoruz nerede arayaca\u011f\u0131m\u0131z\u0131\u2026<\/p>\n","protected":false},"excerpt":{"rendered":"<p>Ar\u0131n\u0131n Yolculu\u011fu sadece bal pe\u015finde ko\u015fan bir canl\u0131n\u0131n de\u011fil, ayn\u0131 zamanda varolu\u015fun, hikmetin, fedak\u00e2rl\u0131\u011f\u0131n ve kolektif ya\u015fam\u0131n derin s\u0131rlar\u0131n\u0131 ke\u015ffeden bir ruhun masal\u0131d\u0131r. Kitap, bize istemeden<span class=\"excerpt-hellip\"> [\u2026]<\/span><\/p>\n","protected":false},"featured_media":0,"template":"","meta":{"_monsterinsights_skip_tracking":false,"_monsterinsights_sitenote_active":false,"_monsterinsights_sitenote_note":"","_monsterinsights_sitenote_category":0},"product_brand":[],"product_cat":[12718,12719],"product_tag":[],"class_list":{"0":"post-778149","1":"product","2":"type-product","3":"status-publish","5":"product_cat-din","6":"product_cat-islam","7":"pa_cilt-ciltsiz","8":"pa_tur-kitap","9":"pa_yayinevi-hayat-yayinlari","10":"pa_yazar-yunus-aksu","12":"first","13":"instock","14":"sale","15":"shipping-taxable","16":"purchasable","17":"product-type-simple"},"_links":{"self":[{"href":"https:\/\/roveyayinevi.com.tr\/index.php\/wp-json\/wp\/v2\/product\/778149","targetHints":{"allow":["GET"]}}],"collection":[{"href":"https:\/\/roveyayinevi.com.tr\/index.php\/wp-json\/wp\/v2\/product"}],"about":[{"href":"https:\/\/roveyayinevi.com.tr\/index.php\/wp-json\/wp\/v2\/types\/product"}],"wp:attachment":[{"href":"https:\/\/roveyayinevi.com.tr\/index.php\/wp-json\/wp\/v2\/media?parent=778149"}],"wp:term":[{"taxonomy":"product_brand","embeddable":true,"href":"https:\/\/roveyayinevi.com.tr\/index.php\/wp-json\/wp\/v2\/product_brand?post=778149"},{"taxonomy":"product_cat","embeddable":true,"href":"https:\/\/roveyayinevi.com.tr\/index.php\/wp-json\/wp\/v2\/product_cat?post=778149"},{"taxonomy":"product_tag","embeddable":true,"href":"https:\/\/roveyayinevi.com.tr\/index.php\/wp-json\/wp\/v2\/product_tag?post=778149"}],"curies":[{"name":"wp","href":"https:\/\/api.w.org\/{rel}","templated":true}]}}