{"id":778132,"date":"2025-11-05T12:16:54","date_gmt":"2025-11-05T09:16:54","guid":{"rendered":"https:\/\/roveyayinevi.com.tr\/index.php\/urun\/duygusal-zorbalik-senin-iyiligin-icin-soyluyorum\/"},"modified":"2026-04-15T03:43:39","modified_gmt":"2026-04-15T00:43:39","slug":"duygusal-zorbalik-senin-iyiligin-icin-soyluyorum","status":"publish","type":"product","link":"https:\/\/roveyayinevi.com.tr\/index.php\/urun\/duygusal-zorbalik-senin-iyiligin-icin-soyluyorum\/","title":{"rendered":"Duygusal Zorbal\u0131k: \u201cSenin \u0130yili\u011fin \u0130\u00e7in S\u00f6yl\u00fcyorum\u201d"},"content":{"rendered":"<p>\u201cKimse kendi zincirlerini sevmez, ama onlar\u203a takanlar\u203a sever.\u201d &#8211; Friedrich Nietzsche   Ya avu\u00e7lar\u0131m\u0131n aras\u0131nda tuttu\u011fum o s\u0131ms\u0131cak el yalansa!   Ya s\u0131rt\u0131m\u0131 dayad\u0131\u011f\u0131m bu da\u011f gibi dostluk bir plan\u0131n par\u00e7as\u0131ysa!   Ya benimle kurdu\u011fu bu yak\u0131nl\u0131k kazanmak istedi\u011fi bir oyunun stratejisinden ibaretse!   Ya beni sevdi\u011fi i\u00e7in de\u011fil de i\u015fine yarad\u0131\u011f\u0131m i\u00e7in yan\u0131mdaysa!   Ya ben sevgiyle, a\u015fkla ve dostlukla istismar ediliyorsam!   Bu ac\u0131 deneyimlerin ba\u015f\u0131ma gelme ihtimali mi var m\u0131?    Tabii ki var.    Her an ihanete u\u011frama ihtimalimiz var. Her an her \u015fey olabilir. G\u00fcvendi\u011fimiz da\u011flara karlar ya\u011fabilir, b\u0131\u00e7ak en yak\u0131n\u0131m\u0131z\u0131n elinde duruyor olabilir, tutundu\u011fumuz dallar \u00e7at diye k\u0131r\u0131l\u0131verebilir.   Bu kitap, bir varolu\u015f sava\u015f\u0131na d\u00f6n\u00fc\u015fen \u201c\u00f6tekini\u201d yenme, alt etme, ge\u00e7me ve b\u00f6ylece ya\u015famda kendine bir yer a\u00e7\u0131p hayatta kalma sava\u015f\u0131n\u0131 t\u00fcm y\u00f6nleriyle masaya yat\u0131r\u0131yor. Modern hayat\u0131n \u015fefkat kisvesi alt\u0131nda gizlenen zorbal\u0131klar\u0131n\u0131, dijital kom\u015fulardan t\u00fcketim tuzaklar\u0131na, ba\u015far\u0131 bask\u0131s\u0131ndan \u201cSen \u00f6zelsin!\u201d ill\u00fczyonuna kadar inceliyor. Bu kitap, size duygusal zorbal\u0131ktan kurtulman\u0131n yollar\u0131n\u0131 g\u00f6stererek kayg\u0131lardan ar\u0131nm\u0131\u015f, \u00f6zg\u00fcr ve \u00fcretken bir hayat vaat ediyor. <\/p>\n","protected":false},"excerpt":{"rendered":"<p>\u201cKimse kendi zincirlerini sevmez, ama onlar\u203a takanlar\u203a sever.\u201d &#8211; Friedrich Nietzsche Ya avu\u00e7lar\u0131m\u0131n aras\u0131nda tuttu\u011fum o s\u0131ms\u0131cak el yalansa! Ya s\u0131rt\u0131m\u0131 dayad\u0131\u011f\u0131m bu da\u011f gibi dostluk<span class=\"excerpt-hellip\"> [\u2026]<\/span><\/p>\n","protected":false},"featured_media":0,"template":"","meta":{"_monsterinsights_skip_tracking":false,"_monsterinsights_sitenote_active":false,"_monsterinsights_sitenote_note":"","_monsterinsights_sitenote_category":0},"product_brand":[],"product_cat":[13835],"product_tag":[],"class_list":{"0":"post-778132","1":"product","2":"type-product","3":"status-publish","5":"product_cat-cok-satanlar","6":"pa_cilt-ciltsiz","7":"pa_tur-kitap","8":"pa_yayinevi-destek-yayinlari","9":"pa_yazar-muthis-psikoloji","11":"first","12":"instock","13":"sale","14":"shipping-taxable","15":"purchasable","16":"product-type-simple"},"_links":{"self":[{"href":"https:\/\/roveyayinevi.com.tr\/index.php\/wp-json\/wp\/v2\/product\/778132","targetHints":{"allow":["GET"]}}],"collection":[{"href":"https:\/\/roveyayinevi.com.tr\/index.php\/wp-json\/wp\/v2\/product"}],"about":[{"href":"https:\/\/roveyayinevi.com.tr\/index.php\/wp-json\/wp\/v2\/types\/product"}],"wp:attachment":[{"href":"https:\/\/roveyayinevi.com.tr\/index.php\/wp-json\/wp\/v2\/media?parent=778132"}],"wp:term":[{"taxonomy":"product_brand","embeddable":true,"href":"https:\/\/roveyayinevi.com.tr\/index.php\/wp-json\/wp\/v2\/product_brand?post=778132"},{"taxonomy":"product_cat","embeddable":true,"href":"https:\/\/roveyayinevi.com.tr\/index.php\/wp-json\/wp\/v2\/product_cat?post=778132"},{"taxonomy":"product_tag","embeddable":true,"href":"https:\/\/roveyayinevi.com.tr\/index.php\/wp-json\/wp\/v2\/product_tag?post=778132"}],"curies":[{"name":"wp","href":"https:\/\/api.w.org\/{rel}","templated":true}]}}