{"id":778120,"date":"2025-11-05T12:16:00","date_gmt":"2025-11-05T09:16:00","guid":{"rendered":"https:\/\/roveyayinevi.com.tr\/index.php\/urun\/coldeki-casus\/"},"modified":"2026-04-15T03:43:35","modified_gmt":"2026-04-15T00:43:35","slug":"coldeki-casus","status":"publish","type":"product","link":"https:\/\/roveyayinevi.com.tr\/index.php\/urun\/coldeki-casus\/","title":{"rendered":"\u00c7\u00f6ldeki Casus"},"content":{"rendered":"<p>\u201cBu \u00e7al\u0131\u015fmayla Prof. Dr. G\u00fcls\u00fcm Polat, g\u00fc\u00e7l\u00fc ar\u015fivcilik yeteneklerini g\u00f6r\u00fcn\u00fc\u015fte \u00f6nemsiz ve hayli s\u0131ra d\u0131\u015f\u0131 bir Britanya imparatorluk g\u00f6revlisi olan Harry Saint-John Philby\u2019ye y\u00f6neltmi\u015ftir. Polat, Philby\u2019nin T. E. Lawrence gibi daha \u00fcnl\u00fc isimlerden \u00e7ok daha ilgin\u00e7, tarihsel a\u00e7\u0131dan daha \u00f6nemli ve incelenmeye daha de\u011fer bir \u015fahsiyet oldu\u011funu ikna edici bi\u00e7imde ortaya koymaktad\u0131r. Tarih ara\u015ft\u0131rmalar\u0131n\u0131n bir ba\u015fyap\u0131t\u0131 olarak bu eserinde Polat, Philby\u2019yi Britanya\u2019n\u0131n Osmanl\u0131 topraklar\u0131ndaki Birinci D\u00fcnya Sava\u015f\u0131 stratejisinin merkezine, Suud Sultanl\u0131\u011f\u0131\u2019n\u0131n kurulu\u015funa ve uluslararas\u0131 petrol end\u00fcstrisinin do\u011fu\u015funa, Amerikal\u0131lar\u0131n Suudi Arabistan\u2019a giri\u015findeki rol\u00fc de dahil olmak \u00fczere, yerle\u015ftirilmektedir. Bug\u00fcn\u00fcn Ortado\u011fu\u2019sunun gizli k\u00f6klerini ortaya \u00e7\u0131karan bu titizlikle ara\u015ft\u0131r\u0131lm\u0131\u015f ve b\u00fcy\u00fcleyici kitab\u0131 okuma \u015fans\u0131na sahip olmak, ger\u00e7ekten de okuyucular i\u00e7in b\u00fcy\u00fck bir ayr\u0131cal\u0131kt\u0131r.\u201d Prof.Dr. Michael Provence  University of California San Diego ***   \u0130ngiliz \u0130mparatorlu\u011fu, onu en sad\u0131k hizmetk\u00e2rlar\u0131ndan biri olmas\u0131 i\u00e7in yeti\u015ftirmi\u015fti. Cambridge\u2019de ald\u0131\u011f\u0131 e\u011fitimle Hindistan Sivil Servisi\u2019nde parlak bir kariyerin e\u015fi\u011findeydi. Peki, bu adam nas\u0131l oldu da tak\u0131m elbisesini \u00e7\u0131kar\u0131p c\u00fcbbesini giydi, Londra\u2019n\u0131n sisli havas\u0131n\u0131 Arabistan\u2019\u0131n yak\u0131c\u0131 g\u00fcne\u015fiyle de\u011fi\u015ftirdi ve kendisini var eden d\u00fczene meydan okuyan bir fig\u00fcre d\u00f6n\u00fc\u015ft\u00fc? \u00c7\u00f6ldeki Casus, 20. y\u00fczy\u0131l\u0131n en esrarengiz ve \u00e7eli\u015fkili karakterlerinden biri olan John Philby\u2019nin bu inan\u0131lmaz d\u00f6n\u00fc\u015f\u00fcm\u00fcn\u00fc merkeze al\u0131yor. Britanya \u0130mparatorlu\u011fu\u2019nun en parlak d\u00f6neminde, y\u00f6netici s\u0131n\u0131f\u0131n tipik bir \u00fcyesi olarak yeti\u015fen Philby, Hindistan ve Mezopotamya\u2019daki ilk g\u00f6revlerinin ard\u0131ndan kendini Arabistan\u2019da buldu. Burada, modern Suudi Arabistan\u2019\u0131n kurucusu \u0130bnu\u2019s-Suud\u2019un en yak\u0131n\u0131ndaki Bat\u0131l\u0131 dan\u0131\u015fmanlardan biri haline geldi. Ancak Philby, s\u0131radan bir siyasi memur olman\u0131n \u00e7ok \u00f6tesine ge\u00e7ti. O, ayn\u0131 zamanda bir k\u00e2\u015fif, bir t\u00fcccar, bir ajan ve her \u015feyden \u00f6nemlisi, otoriteyle s\u00fcrekli \u00e7at\u0131\u015fan asi bir ruhtu. \u00dc. G\u00fcls\u00fcm Polat, Philby\u2019nin kendi kaleminden \u00e7\u0131kan eserleri, devasa ki\u015fisel ar\u015fivini ve say\u0131s\u0131z tarih\u00ee belgeyi bir araya getirerek bu karma\u015f\u0131k ki\u015fili\u011fi t\u00fcm y\u00f6nleriyle ayd\u0131nlat\u0131yor. \u00c7\u00f6ldeki Casus, 1940\u2019larda M\u0130T\u2019in raporuna giren bir ajan\u0131n hayat hik\u00e2yesinden \u00e7ok daha fazlas\u0131n\u0131, bir \u00e7a\u011f\u0131n \u00f6yk\u00fcs\u00fcn\u00fc sunuyor. <\/p>\n","protected":false},"excerpt":{"rendered":"<p>\u201cBu \u00e7al\u0131\u015fmayla Prof. Dr. G\u00fcls\u00fcm Polat, g\u00fc\u00e7l\u00fc ar\u015fivcilik yeteneklerini g\u00f6r\u00fcn\u00fc\u015fte \u00f6nemsiz ve hayli s\u0131ra d\u0131\u015f\u0131 bir Britanya imparatorluk g\u00f6revlisi olan Harry Saint-John Philby\u2019ye y\u00f6neltmi\u015ftir. Polat, Philby\u2019nin<span class=\"excerpt-hellip\"> [\u2026]<\/span><\/p>\n","protected":false},"featured_media":0,"template":"","meta":{"_monsterinsights_skip_tracking":false,"_monsterinsights_sitenote_active":false,"_monsterinsights_sitenote_note":"","_monsterinsights_sitenote_category":0},"product_brand":[],"product_cat":[12304],"product_tag":[],"class_list":{"0":"post-778120","1":"product","2":"type-product","3":"status-publish","5":"product_cat-tarih","6":"pa_cilt-ciltsiz","7":"pa_tur-kitap","8":"pa_yayinevi-kronik-kitap","9":"pa_yazar-u-gulsum-polat","11":"first","12":"instock","13":"sale","14":"shipping-taxable","15":"purchasable","16":"product-type-simple"},"_links":{"self":[{"href":"https:\/\/roveyayinevi.com.tr\/index.php\/wp-json\/wp\/v2\/product\/778120","targetHints":{"allow":["GET"]}}],"collection":[{"href":"https:\/\/roveyayinevi.com.tr\/index.php\/wp-json\/wp\/v2\/product"}],"about":[{"href":"https:\/\/roveyayinevi.com.tr\/index.php\/wp-json\/wp\/v2\/types\/product"}],"wp:attachment":[{"href":"https:\/\/roveyayinevi.com.tr\/index.php\/wp-json\/wp\/v2\/media?parent=778120"}],"wp:term":[{"taxonomy":"product_brand","embeddable":true,"href":"https:\/\/roveyayinevi.com.tr\/index.php\/wp-json\/wp\/v2\/product_brand?post=778120"},{"taxonomy":"product_cat","embeddable":true,"href":"https:\/\/roveyayinevi.com.tr\/index.php\/wp-json\/wp\/v2\/product_cat?post=778120"},{"taxonomy":"product_tag","embeddable":true,"href":"https:\/\/roveyayinevi.com.tr\/index.php\/wp-json\/wp\/v2\/product_tag?post=778120"}],"curies":[{"name":"wp","href":"https:\/\/api.w.org\/{rel}","templated":true}]}}