{"id":778118,"date":"2025-11-05T12:15:50","date_gmt":"2025-11-05T09:15:50","guid":{"rendered":"https:\/\/roveyayinevi.com.tr\/index.php\/urun\/her-sey-ters-gittiginde\/"},"modified":"2026-04-15T03:43:34","modified_gmt":"2026-04-15T00:43:34","slug":"her-sey-ters-gittiginde","status":"publish","type":"product","link":"https:\/\/roveyayinevi.com.tr\/index.php\/urun\/her-sey-ters-gittiginde\/","title":{"rendered":"Her \u015eey Ters Gitti\u011finde"},"content":{"rendered":"<p>HATA YAPMAK, BA\u015eARISIZ OLDU\u011eUMUZ ANLAMINA GELMEZ! BU K\u0130TAPTA YER VER\u0130LEN ON D\u00c2H\u0130, SAYISIZ \u0130NSANIN HAYATINI DE\u011e\u0130\u015eT\u0130RECEK KE\u015e\u0130FLER VEYA \u0130CATLAR YAPMADAN \u00d6NCE (PEK \u00c7OK) HATA YAPARAK BUNU KANITLADI. HATA YAPMAK, AKS\u0130NE HER B\u0130R\u0130M\u0130Z\u0130 \u00c7OK AMA \u00c7OK \u0130LER\u0130 TA\u015eIYAB\u0130L\u0130R&#8230; <\/p>\n","protected":false},"excerpt":{"rendered":"<p>HATA YAPMAK, BA\u015eARISIZ OLDU\u011eUMUZ ANLAMINA GELMEZ! BU K\u0130TAPTA YER VER\u0130LEN ON D\u00c2H\u0130, SAYISIZ \u0130NSANIN HAYATINI DE\u011e\u0130\u015eT\u0130RECEK KE\u015e\u0130FLER VEYA \u0130CATLAR YAPMADAN \u00d6NCE (PEK \u00c7OK) HATA YAPARAK BUNU<span class=\"excerpt-hellip\"> [\u2026]<\/span><\/p>\n","protected":false},"featured_media":0,"template":"","meta":{"_monsterinsights_skip_tracking":false,"_monsterinsights_sitenote_active":false,"_monsterinsights_sitenote_note":"","_monsterinsights_sitenote_category":0},"product_brand":[],"product_cat":[13005,13006],"product_tag":[],"class_list":{"0":"post-778118","1":"product","2":"type-product","3":"status-publish","5":"product_cat-bilim-muhendislik","6":"product_cat-populer-bilim","7":"pa_cilt-ciltsiz","8":"pa_tur-kitap","9":"pa_yayinevi-orenda","10":"pa_yazar-max-temporelli-barbara-gozzi","12":"first","13":"instock","14":"sale","15":"shipping-taxable","16":"purchasable","17":"product-type-simple"},"_links":{"self":[{"href":"https:\/\/roveyayinevi.com.tr\/index.php\/wp-json\/wp\/v2\/product\/778118","targetHints":{"allow":["GET"]}}],"collection":[{"href":"https:\/\/roveyayinevi.com.tr\/index.php\/wp-json\/wp\/v2\/product"}],"about":[{"href":"https:\/\/roveyayinevi.com.tr\/index.php\/wp-json\/wp\/v2\/types\/product"}],"wp:attachment":[{"href":"https:\/\/roveyayinevi.com.tr\/index.php\/wp-json\/wp\/v2\/media?parent=778118"}],"wp:term":[{"taxonomy":"product_brand","embeddable":true,"href":"https:\/\/roveyayinevi.com.tr\/index.php\/wp-json\/wp\/v2\/product_brand?post=778118"},{"taxonomy":"product_cat","embeddable":true,"href":"https:\/\/roveyayinevi.com.tr\/index.php\/wp-json\/wp\/v2\/product_cat?post=778118"},{"taxonomy":"product_tag","embeddable":true,"href":"https:\/\/roveyayinevi.com.tr\/index.php\/wp-json\/wp\/v2\/product_tag?post=778118"}],"curies":[{"name":"wp","href":"https:\/\/api.w.org\/{rel}","templated":true}]}}